{"id":1030,"date":"2019-11-05T12:55:04","date_gmt":"2019-11-05T12:55:04","guid":{"rendered":"http:\/\/detektron.isedd.net\/?post_type=product&#038;p=1030"},"modified":"2024-07-07T20:57:06","modified_gmt":"2024-07-07T20:57:06","slug":"sem110w","status":"publish","type":"product","link":"https:\/\/detektron.isedd.net\/en\/product\/sem110w\/","title":{"rendered":"Analoger Schleifdraht-Transmitter SEM110W &#8211; ATEX SEM110XW"},"content":{"rendered":"<p>Der SEM110W ist ein leistungsstarker analoger Messumformer zur \u00dcbertragung von Schleifdraht- oder Potentiometerstellwerten. Er liefert das \u00dcbertragungssignal nach Industriestandard (4 bis 20)mA und kann in den meisten DIN-Norm-Anschlussk\u00f6pfen montiert werden. F\u00fcr die Montage des Messumformers auf einer DIN-Schiene oder in einem Geh\u00e4use stehen alternative Befestigungsm\u00f6glichkeiten zur Verf\u00fcgung.<\/p>\n<p>Der SEM110W akzeptiert Messwertgeber (Potentiometer o.\u00e4.) mit einem\u00a0 Widerstand bis zu 10kOhm und wandelt die Geberstellung in einen Strom um, der zwischen (4 und 20)mA variiert. Die Anschl\u00fcsse, die den Messumformer versorgen, f\u00fchren auch den \u00dcbertragungsstrom so, dass nur zwei Adern erforderlich sind. Dies reduziert drastisch die Installations- und Verkabelungskosten, w\u00e4hrend die Art des Stroms eine hervorragende St\u00f6rsicherheit bietet und sicherstellt, dass Leitungsimpedanzen, thermoelektrische Effekte und andere St\u00f6reinfl\u00fcsse keine Fehler verursachen.<\/p>\n<hr \/>\n<p><strong>HIGHLIGHTS<\/strong><\/p>\n<p>ATEX<\/p>\n<p>Zugelassen f\u00fcr den Einsatz in explosionsgef\u00e4hrdeten Bereichen.<\/p>\n<p>STROMSCHLEIFENVERSORGUNG<br \/>\nDas Ger\u00e4t wird aus dem Schleifenstrom gespeist, es ist keine zus\u00e4tzliche Stromversorgung erforderlich.<br \/>\nANALOGE LEISTUNG<br \/>\nDas SEM110W verwendet ein bew\u00e4hrtes und zuverl\u00e4ssiges analoges Design f\u00fcr die Ein- und Ausgangsbereiche seiner Schaltungen. Dies f\u00fchrt zu einer sehr schnellen und reibungslosen Reaktionszeit, da w\u00e4hrend der Eingangs\u00fcberwachung bis hin zur Weiterleitung des Signals keine Analog-Digital- und Digital-Analog-Wandlungen durchgef\u00fchrt werden m\u00fcssen.<br \/>\nDa beim SEM110W keine Mikrocontroller oder andere digitalen ICs verwendet werden, eignet er sich f\u00fcr Anwendungen, bei denen digitale Komponenten vermieden werden sollen.<br \/>\n\u00dcber Potentiometer am SEM110W ist es m\u00f6glich Messfehler der verwendeten Sensoren zu kompensieren und so den Messaufbau zu &#8222;trimmen&#8220;.<br \/>\nHOHE STABILIT\u00c4T<br \/>\nDer SEM110W verwendet durchgehend hochpr\u00e4zise und thermisch stabile Komponenten, was ihm eine sehr stabile Leistung \u00fcber seinen Arbeitsbereich verleiht.<\/p>\n<hr \/>\n<p>TECHNISCHE DATEN<\/p>\n\n<table id=\"tablepress-14\" class=\"tablepress tablepress-id-14\">\n<thead>\n<tr class=\"row-1\">\n\t<th class=\"column-1\">Type \/ Funktion<\/th><th class=\"column-2\">Bereich \/ Beschreibung<\/th>\n<\/tr>\n<\/thead>\n<tbody class=\"row-striping row-hover\">\n<tr class=\"row-2\">\n\t<td class=\"column-1\">Eingang<\/td><td class=\"column-2\">Schleifdraht \/ Potentiometer<br \/>\nbis 10k\u03a9<\/td>\n<\/tr>\n<tr class=\"row-3\">\n\t<td class=\"column-1\">Ausgang<\/td><td class=\"column-2\">(4 bis 20)mA<\/td>\n<\/tr>\n<tr class=\"row-4\">\n\t<td class=\"column-1\">Galvanische Trennung<\/td><td class=\"column-2\">Nein<\/td>\n<\/tr>\n<tr class=\"row-5\">\n\t<td class=\"column-1\">Kundenspezifische Linearisierung<\/td><td class=\"column-2\">Nein<\/td>\n<\/tr>\n<tr class=\"row-6\">\n\t<td class=\"column-1\">Nullpunkt-\/Messbereichsabgleich<\/td><td class=\"column-2\">Ja - per Potentiometer<\/td>\n<\/tr>\n<tr class=\"row-7\">\n\t<td class=\"column-1\">Offseteinstellung<\/td><td class=\"column-2\">Nein<\/td>\n<\/tr>\n<tr class=\"row-8\">\n\t<td class=\"column-1\">Display<\/td><td class=\"column-2\">Nein<\/td>\n<\/tr>\n<tr class=\"row-9\">\n\t<td class=\"column-1\">Umgebungstemperatur<\/td><td class=\"column-2\">(0 bis +70)\u00b0C<\/td>\n<\/tr>\n<tr class=\"row-10\">\n\t<td class=\"column-1\">Versorgungsspannung<\/td><td class=\"column-2\">(10 bis 45)Vdc \/ ATEX (10 bis 30)Vdc<\/td>\n<\/tr>\n<tr class=\"row-11\">\n\t<td class=\"column-1\">Konfiguration<\/td><td class=\"column-2\">Werkseinstellung - Festlegung mit Bestellung<\/td>\n<\/tr>\n<tr class=\"row-12\">\n\t<td class=\"column-1\">Abmessungen<\/td><td class=\"column-2\">\u00d853mm<\/td>\n<\/tr>\n<tr class=\"row-13\">\n\t<td class=\"column-1\">Zulassungen<\/td><td class=\"column-2\">ATEX - II 1G EEx ia IIC T5<br \/>\nEMV EN 61326<br \/>\nCE<\/td>\n<\/tr>\n<\/tbody>\n<\/table>\n<!-- #tablepress-14 from cache -->","protected":false},"excerpt":{"rendered":"<p>Analoger Schleifdraht-\/Potentiometer-Transmitter &#8211; Hohe Genauigkeit, schnelle Reaktionszeit, mit ATEX-Option<\/p>\n<ul>\n<li>(4 bis 20)mA Ausgang<\/li>\n<li>Analogtechnik<\/li>\n<li>Hochgenau<\/li>\n<li>Schnelle Reaktionszeit<\/li>\n<li>ATEX-Version verf\u00fcgbar<\/li>\n<\/ul>","protected":false},"author":1,"featured_media":1032,"template":"","meta":{"_editorskit_title_hidden":false,"_editorskit_reading_time":0,"_editorskit_is_block_options_detached":false,"_editorskit_block_options_position":"{}","_coblocks_attr":"","_coblocks_dimensions":"","_coblocks_responsive_height":"","_coblocks_accordion_ie_support":"","_uag_custom_page_level_css":"","ub_ctt_via":"","advgb_blocks_editor_width":"","advgb_blocks_columns_visual_guide":"","_themeisle_gutenberg_block_has_review":false},"product_brand":[],"product_cat":[60,59,79],"product_tag":[88,84,76,68,64,65,67],"class_list":{"0":"post-1030","1":"product","2":"type-product","3":"status-publish","4":"has-post-thumbnail","6":"product_cat-industrieelektronik","7":"product_cat-kopftransmitter","8":"product_cat-atex","9":"product_tag-4-20ma","10":"product_tag-analog","11":"product_tag-atex","12":"product_tag-kopfmontage","13":"product_tag-kopftransmitter","14":"product_tag-messumformer","15":"product_tag-potentiometer","17":"first","18":"instock","19":"shipping-taxable","20":"product-type-simple"},"pbg_featured_image_src":{"full":["https:\/\/detektron.isedd.net\/wp-content\/uploads\/2019\/11\/SEM110WX-image-set-web-600x638.jpg",600,638,false],"thumbnail":["https:\/\/detektron.isedd.net\/wp-content\/uploads\/2019\/11\/SEM110WX-image-set-web-600x638-150x150.jpg",150,150,true],"medium":["https:\/\/detektron.isedd.net\/wp-content\/uploads\/2019\/11\/SEM110WX-image-set-web-600x638-282x300.jpg",282,300,true],"medium_large":["https:\/\/detektron.isedd.net\/wp-content\/uploads\/2019\/11\/SEM110WX-image-set-web-600x638.jpg",600,638,false],"large":["https:\/\/detektron.isedd.net\/wp-content\/uploads\/2019\/11\/SEM110WX-image-set-web-600x638.jpg",600,638,false],"1536x1536":["https:\/\/detektron.isedd.net\/wp-content\/uploads\/2019\/11\/SEM110WX-image-set-web-600x638.jpg",600,638,false],"2048x2048":["https:\/\/detektron.isedd.net\/wp-content\/uploads\/2019\/11\/SEM110WX-image-set-web-600x638.jpg",600,638,false],"trp-custom-language-flag":["https:\/\/detektron.isedd.net\/wp-content\/uploads\/2019\/11\/SEM110WX-image-set-web-600x638.jpg",11,12,false],"ab-block-post-grid-landscape":["https:\/\/detektron.isedd.net\/wp-content\/uploads\/2019\/11\/SEM110WX-image-set-web-600x638-600x400.jpg",600,400,true],"ab-block-post-grid-square":["https:\/\/detektron.isedd.net\/wp-content\/uploads\/2019\/11\/SEM110WX-image-set-web-600x638-600x600.jpg",600,600,true],"wpca-thumb":["https:\/\/detektron.isedd.net\/wp-content\/uploads\/2019\/11\/SEM110WX-image-set-web-600x638-220x150.jpg",220,150,true],"gb-block-post-grid-landscape":["https:\/\/detektron.isedd.net\/wp-content\/uploads\/2019\/11\/SEM110WX-image-set-web-600x638.jpg",376,400,false],"gb-block-post-grid-square":["https:\/\/detektron.isedd.net\/wp-content\/uploads\/2019\/11\/SEM110WX-image-set-web-600x638.jpg",564,600,false],"post-thumbnail":["https:\/\/detektron.isedd.net\/wp-content\/uploads\/2019\/11\/SEM110WX-image-set-web-600x638-600x450.jpg",600,450,true],"di-business-recentpostthumb":["https:\/\/detektron.isedd.net\/wp-content\/uploads\/2019\/11\/SEM110WX-image-set-web-600x638-90x90.jpg",90,90,true],"woocommerce_thumbnail":["https:\/\/detektron.isedd.net\/wp-content\/uploads\/2019\/11\/SEM110WX-image-set-web-600x638-300x300.jpg",300,300,true],"woocommerce_single":["https:\/\/detektron.isedd.net\/wp-content\/uploads\/2019\/11\/SEM110WX-image-set-web-600x638-600x638.jpg",600,638,true],"woocommerce_gallery_thumbnail":["https:\/\/detektron.isedd.net\/wp-content\/uploads\/2019\/11\/SEM110WX-image-set-web-600x638-100x100.jpg",100,100,true]},"pbg_author_info":{"display_name":"admin","author_link":"https:\/\/detektron.isedd.net\/en\/author\/admin\/","author_img":false},"pbg_comment_info":" No Comments","pbg_excerpt":"Analoger Schleifdraht-\/Potentiometer-Transmitter - Hohe Genauigkeit, schnelle Reaktionszeit, mit ATEX-Option (4 bis 20)mA Ausgang Analogtechnik Hochgenau Schnelle Reaktionszeit ATEX-Version verf\u00fcgbar","uagb_featured_image_src":{"full":["https:\/\/detektron.isedd.net\/wp-content\/uploads\/2019\/11\/SEM110WX-image-set-web-600x638.jpg",600,638,false],"thumbnail":["https:\/\/detektron.isedd.net\/wp-content\/uploads\/2019\/11\/SEM110WX-image-set-web-600x638-150x150.jpg",150,150,true],"medium":["https:\/\/detektron.isedd.net\/wp-content\/uploads\/2019\/11\/SEM110WX-image-set-web-600x638-282x300.jpg",282,300,true],"medium_large":["https:\/\/detektron.isedd.net\/wp-content\/uploads\/2019\/11\/SEM110WX-image-set-web-600x638.jpg",600,638,false],"large":["https:\/\/detektron.isedd.net\/wp-content\/uploads\/2019\/11\/SEM110WX-image-set-web-600x638.jpg",600,638,false],"1536x1536":["https:\/\/detektron.isedd.net\/wp-content\/uploads\/2019\/11\/SEM110WX-image-set-web-600x638.jpg",600,638,false],"2048x2048":["https:\/\/detektron.isedd.net\/wp-content\/uploads\/2019\/11\/SEM110WX-image-set-web-600x638.jpg",600,638,false],"trp-custom-language-flag":["https:\/\/detektron.isedd.net\/wp-content\/uploads\/2019\/11\/SEM110WX-image-set-web-600x638.jpg",11,12,false],"ab-block-post-grid-landscape":["https:\/\/detektron.isedd.net\/wp-content\/uploads\/2019\/11\/SEM110WX-image-set-web-600x638-600x400.jpg",600,400,true],"ab-block-post-grid-square":["https:\/\/detektron.isedd.net\/wp-content\/uploads\/2019\/11\/SEM110WX-image-set-web-600x638-600x600.jpg",600,600,true],"wpca-thumb":["https:\/\/detektron.isedd.net\/wp-content\/uploads\/2019\/11\/SEM110WX-image-set-web-600x638-220x150.jpg",220,150,true],"gb-block-post-grid-landscape":["https:\/\/detektron.isedd.net\/wp-content\/uploads\/2019\/11\/SEM110WX-image-set-web-600x638.jpg",376,400,false],"gb-block-post-grid-square":["https:\/\/detektron.isedd.net\/wp-content\/uploads\/2019\/11\/SEM110WX-image-set-web-600x638.jpg",564,600,false],"post-thumbnail":["https:\/\/detektron.isedd.net\/wp-content\/uploads\/2019\/11\/SEM110WX-image-set-web-600x638-600x450.jpg",600,450,true],"di-business-recentpostthumb":["https:\/\/detektron.isedd.net\/wp-content\/uploads\/2019\/11\/SEM110WX-image-set-web-600x638-90x90.jpg",90,90,true],"woocommerce_thumbnail":["https:\/\/detektron.isedd.net\/wp-content\/uploads\/2019\/11\/SEM110WX-image-set-web-600x638-300x300.jpg",300,300,true],"woocommerce_single":["https:\/\/detektron.isedd.net\/wp-content\/uploads\/2019\/11\/SEM110WX-image-set-web-600x638-600x638.jpg",600,638,true],"woocommerce_gallery_thumbnail":["https:\/\/detektron.isedd.net\/wp-content\/uploads\/2019\/11\/SEM110WX-image-set-web-600x638-100x100.jpg",100,100,true]},"uagb_author_info":{"display_name":"admin","author_link":"https:\/\/detektron.isedd.net\/en\/author\/admin\/"},"uagb_comment_info":0,"uagb_excerpt":"Analoger Schleifdraht-\/Potentiometer-Transmitter - Hohe Genauigkeit, schnelle Reaktionszeit, mit ATEX-Option (4 bis 20)mA Ausgang Analogtechnik Hochgenau Schnelle Reaktionszeit ATEX-Version verf\u00fcgbar","featured_img":"https:\/\/detektron.isedd.net\/wp-content\/uploads\/2019\/11\/SEM110WX-image-set-web-600x638-600x450.jpg","coauthors":[],"author_meta":{"author_link":"https:\/\/detektron.isedd.net\/en\/author\/admin\/","display_name":"admin"},"relative_dates":{"created":"Posted 6 years ago","modified":"Updated 2 years ago"},"absolute_dates":{"created":"Posted on 5. November 2019","modified":"Updated on 7. July 2024"},"absolute_dates_time":{"created":"Posted on 5. November 2019 12:55","modified":"Updated on 7. July 2024 20:57"},"featured_img_caption":"IN-Head-Messumformer SEM110W","tax_additional":{"product_brand":{"linked":[],"unlinked":[],"slug":"product_brand","name":"Brands"},"product_type":{"linked":["<a href=\"https:\/\/detektron.isedd.net\/en\/?taxonomy=product_type&#038;term=simple\" class=\"advgb-post-tax-term\">simple<\/a>"],"unlinked":["<span class=\"advgb-post-tax-term\">simple<\/span>"],"slug":"product_type","name":"Product type"},"product_visibility":{"linked":[],"unlinked":[],"slug":"product_visibility","name":"Product visibility"},"product_cat":{"linked":["<a href=\"https:\/\/detektron.isedd.net\/en\/product-category\/industrieelektronik\/\" class=\"advgb-post-tax-term\">Industrieelektronik<\/a>","<a href=\"https:\/\/detektron.isedd.net\/en\/product-category\/industrieelektronik\/temperaturmessumformer\/kopftransmitter\/\" class=\"advgb-post-tax-term\">Kopfmontage<\/a>","<a href=\"https:\/\/detektron.isedd.net\/en\/product-category\/industrieelektronik\/atex\/\" class=\"advgb-post-tax-term\">ATEX<\/a>"],"unlinked":["<span class=\"advgb-post-tax-term\">Industrieelektronik<\/span>","<span class=\"advgb-post-tax-term\">Kopfmontage<\/span>","<span class=\"advgb-post-tax-term\">ATEX<\/span>"],"slug":"product_cat","name":"Product categories"},"product_tag":{"linked":["<a href=\"https:\/\/detektron.isedd.net\/en\/product-tag\/4-20ma\/\" class=\"advgb-post-tax-term\">(4-20)mA<\/a>","<a href=\"https:\/\/detektron.isedd.net\/en\/product-tag\/analog\/\" class=\"advgb-post-tax-term\">Analog<\/a>","<a href=\"https:\/\/detektron.isedd.net\/en\/product-tag\/atex\/\" class=\"advgb-post-tax-term\">ATEX<\/a>","<a href=\"https:\/\/detektron.isedd.net\/en\/product-tag\/kopfmontage\/\" class=\"advgb-post-tax-term\">Kopfmontage<\/a>","<a href=\"https:\/\/detektron.isedd.net\/en\/product-tag\/kopftransmitter\/\" class=\"advgb-post-tax-term\">Kopftransmitter<\/a>","<a href=\"https:\/\/detektron.isedd.net\/en\/product-tag\/messumformer\/\" class=\"advgb-post-tax-term\">Messumformer<\/a>","<a href=\"https:\/\/detektron.isedd.net\/en\/product-tag\/potentiometer\/\" class=\"advgb-post-tax-term\">Potentiometer<\/a>"],"unlinked":["<span class=\"advgb-post-tax-term\">(4-20)mA<\/span>","<span class=\"advgb-post-tax-term\">Analog<\/span>","<span class=\"advgb-post-tax-term\">ATEX<\/span>","<span class=\"advgb-post-tax-term\">Kopfmontage<\/span>","<span class=\"advgb-post-tax-term\">Kopftransmitter<\/span>","<span class=\"advgb-post-tax-term\">Messumformer<\/span>","<span class=\"advgb-post-tax-term\">Potentiometer<\/span>"],"slug":"product_tag","name":"Product tags"},"product_shipping_class":{"linked":[],"unlinked":[],"slug":"product_shipping_class","name":"Product shipping classes"},"pa_brand":{"linked":[],"unlinked":[],"slug":"pa_brand","name":"Product Marke"},"product_delivery_time":{"linked":[],"unlinked":[],"slug":"product_delivery_time","name":"Product Delivery Times"},"product_unit":{"linked":[],"unlinked":[],"slug":"product_unit","name":"Units"},"product_manufacturer":{"linked":[],"unlinked":[],"slug":"product_manufacturer","name":"Manufacturers"},"product_price_label":{"linked":[],"unlinked":[],"slug":"product_price_label","name":"Price Labels"},"product_deposit_type":{"linked":[],"unlinked":[],"slug":"product_deposit_type","name":"Product Deposit Types"},"product_nutrient":{"linked":[],"unlinked":[],"slug":"product_nutrient","name":"Product Nutrients"},"product_allergen":{"linked":[],"unlinked":[],"slug":"product_allergen","name":"Product Allergenic"}},"series_order":"","_links":{"self":[{"href":"https:\/\/detektron.isedd.net\/en\/wp-json\/wp\/v2\/product\/1030","targetHints":{"allow":["GET"]}}],"collection":[{"href":"https:\/\/detektron.isedd.net\/en\/wp-json\/wp\/v2\/product"}],"about":[{"href":"https:\/\/detektron.isedd.net\/en\/wp-json\/wp\/v2\/types\/product"}],"wp:featuredmedia":[{"embeddable":true,"href":"https:\/\/detektron.isedd.net\/en\/wp-json\/wp\/v2\/media\/1032"}],"wp:attachment":[{"href":"https:\/\/detektron.isedd.net\/en\/wp-json\/wp\/v2\/media?parent=1030"}],"wp:term":[{"taxonomy":"product_brand","embeddable":true,"href":"https:\/\/detektron.isedd.net\/en\/wp-json\/wp\/v2\/product_brand?post=1030"},{"taxonomy":"product_cat","embeddable":true,"href":"https:\/\/detektron.isedd.net\/en\/wp-json\/wp\/v2\/product_cat?post=1030"},{"taxonomy":"product_tag","embeddable":true,"href":"https:\/\/detektron.isedd.net\/en\/wp-json\/wp\/v2\/product_tag?post=1030"}],"curies":[{"name":"wp","href":"https:\/\/api.w.org\/{rel}","templated":true}]}}