{"id":1100,"date":"2019-11-10T16:42:29","date_gmt":"2019-11-10T16:42:29","guid":{"rendered":"http:\/\/detektron.isedd.net\/?post_type=product&#038;p=1100"},"modified":"2024-07-07T20:57:06","modified_gmt":"2024-07-07T20:57:06","slug":"htr200","status":"publish","type":"product","link":"https:\/\/detektron.isedd.net\/en\/product\/htr200\/","title":{"rendered":"Miniatur-Temperaturtransmitter HTR200\/HTR201"},"content":{"rendered":"<p>Die intelligenten und preiswerten Messumformer der Serie HTR200 sind f\u00fcr den Einsatz mit RTD- oder Schleifdraht-Sensoren konzipiert. Sie sind direkt in einem MAA-Anschlusskopf integriert und eignen sich daher ideal f\u00fcr Anwendungen bei beengten Platzverh\u00e4ltnissen sowie aufgrund ihres geringen Gewichts f\u00fcr Temperatursonden mit kurzen Einbaul\u00e4ngen. Der Messumformer wandelt das Signal am Sensoreingang in ein (4 bis 20)mA-Stromschleifen-Signal um.<\/p>\n<p>Die PC-Konfiguration erm\u00f6glicht es dem Anwender, RTD-Typ (Pt100, Ni100, &#8230;), Messbereich, Filter, Einheiten, Linearisierung und Burnout-Richtung auszuw\u00e4hlen, ohne dass eine Kalibriereinrichtung erforderlich ist. Zus\u00e4tzlich kann der Anwender sich am PC Live-Prozessdaten anzeigen lassen und so Offsetwerte korrigieren, eine pr\u00e4zise Sensorkalibrierung durchf\u00fchren und so Systemfehler reduzieren.<\/p>\n<p>Diese Miniatur-Messumformer k\u00f6nnen mit allen unseren Temperaturf\u00fchlern bestellt werden.<\/p>\n<p>Ist die gew\u00fcnschte Spezifikation bei Bestellung bekannt, k\u00f6nnen wir das Produkt f\u00fcr Sie konfigurieren.<\/p>\n<hr \/>\n<p><strong>HIGHLIGHTS<\/strong><\/p>\n<p>SENSORREFERENZIERUNG (bei Temperaturmessung)<\/p>\n<p>Die HTR200-Sensorreferenzierung \u00fcber die Windows-basierte USB-Speedlink-Software erm\u00f6glicht eine enge Anpassung an einen bekannten Referenzsensor und eliminiert m\u00f6gliche Sensorfehler.<\/p>\n<p>KUNDENSPEZIFISCHE LINEARISIERUNG<br \/>\nStandardm\u00e4\u00dfig beinhaltet die Softwarebibliothek der USB-Speedlink Software alle g\u00e4ngigen RTD-Sensoren zur Konfiguration des HTR200. Zus\u00e4tzlich kann der HTR200 mit bis zu 22 Punkten kundenspezifischer Linearisierung f\u00fcr Widerstandssensoren &#8211; wie z.B. Schleifdraht- oder Seilzugsensoren &#8211; programmiert werden.<\/p>\n<p>BURN-OUT-SIGNALISIERUNG<\/p>\n<p>Wenn ein Sensorkabel unterbrochen ist oder sich l\u00f6st, geht der Ausgang des HTR200 automatisch auf den benutzerdefinierten Pegel, Min- oder Max-Wert bzw. einen vorher festgelegten Wert.<\/p>\n<p>STABILIT\u00c4T<br \/>\nDer HTR200-Miniatur-Kopftransmitter basiert auf der neuesten digitalen Technologie, um eine pr\u00e4zise und driftarme \u00dcbertragung zu gew\u00e4hrleisten.<\/p>\n<hr \/>\n<p>TECHNISCHE DATEN<\/p>\n\n<table id=\"tablepress-21\" class=\"tablepress tablepress-id-21\">\n<thead>\n<tr class=\"row-1\">\n\t<th class=\"column-1\">Type \/ Funktion<\/th><th class=\"column-2\">Bereich \/ Beschreibung<\/th>\n<\/tr>\n<\/thead>\n<tbody class=\"row-striping row-hover\">\n<tr class=\"row-2\">\n\t<td class=\"column-1\">Eingang<\/td><td class=\"column-2\">Pt100-Sensoren (2- oder 3-Draht)<br \/>\nAndere RTD-Sensoren (2- oder 3-Draht)<br \/>\nWiderstand (10 bis 10.500)\u03a9<br \/>\nPotentiometer (1 bis 100)k\u03a9 - automatische Erkennung<br \/>\nThermistoren<\/td>\n<\/tr>\n<tr class=\"row-3\">\n\t<td class=\"column-1\">Ausgang<\/td><td class=\"column-2\">(4 bis 20)mA<\/td>\n<\/tr>\n<tr class=\"row-4\">\n\t<td class=\"column-1\">Galvanische Trennung<\/td><td class=\"column-2\">Nein<\/td>\n<\/tr>\n<tr class=\"row-5\">\n\t<td class=\"column-1\">Kundenspezifische Linearisierung<\/td><td class=\"column-2\">Ja - f\u00fcr Widerstand\/Potentiometer<\/td>\n<\/tr>\n<tr class=\"row-6\">\n\t<td class=\"column-1\">Nullpunkt-\/Messbereichsabgleich<\/td><td class=\"column-2\">Ja<\/td>\n<\/tr>\n<tr class=\"row-7\">\n\t<td class=\"column-1\">Offseteinstellung<\/td><td class=\"column-2\">Ja<\/td>\n<\/tr>\n<tr class=\"row-8\">\n\t<td class=\"column-1\">Display<\/td><td class=\"column-2\">Nein<\/td>\n<\/tr>\n<tr class=\"row-9\">\n\t<td class=\"column-1\">Umgebungstemperatur<\/td><td class=\"column-2\">(-40 bis +85)\u00b0C<\/td>\n<\/tr>\n<tr class=\"row-10\">\n\t<td class=\"column-1\">Versorgungsspannung<\/td><td class=\"column-2\">(10 bis 30)Vdc<\/td>\n<\/tr>\n<tr class=\"row-11\">\n\t<td class=\"column-1\">Konfiguration<\/td><td class=\"column-2\">PC-Software<\/td>\n<\/tr>\n<tr class=\"row-12\">\n\t<td class=\"column-1\">Abmessungen<\/td><td class=\"column-2\">siehe Datenblatt<\/td>\n<\/tr>\n<tr class=\"row-13\">\n\t<td class=\"column-1\">Zulassungen<\/td><td class=\"column-2\">EMV EN 61326<br \/>\nCE<\/td>\n<\/tr>\n<\/tbody>\n<\/table>\n<!-- #tablepress-21 from cache -->","protected":false},"excerpt":{"rendered":"<p>Miniatur-Messumformer in Anschlusskopf f\u00fcr RTD- und Schleifdrahtsensoren<\/p>\n<ul>\n<li>Geeignet f\u00fcr RTD, Pt100, Widerstand, Potentiometer, Schleifdrahtsensoren<\/li>\n<li>2-Draht-Anschluss (4 bis 20)mA<\/li>\n<li>Einfache Konfiguration per USB-Schnittstelle und kostenloser Software<\/li>\n<li>Anwendungspezifische Linearisierung \u00fcber 22 Segmente<\/li>\n<li>Einstellbarer Eingangsfilter<\/li>\n<\/ul>","protected":false},"author":1,"featured_media":1102,"template":"","meta":{"_editorskit_title_hidden":false,"_editorskit_reading_time":0,"_editorskit_is_block_options_detached":false,"_editorskit_block_options_position":"{}","_coblocks_attr":"","_coblocks_dimensions":"","_coblocks_responsive_height":"","_coblocks_accordion_ie_support":"","_uag_custom_page_level_css":"","ub_ctt_via":"","advgb_blocks_editor_width":"","advgb_blocks_columns_visual_guide":"","_themeisle_gutenberg_block_has_review":false},"product_brand":[],"product_cat":[60,43,59],"product_tag":[88,64,65,72,67,69,75,73,66],"class_list":{"0":"post-1100","1":"product","2":"type-product","3":"status-publish","4":"has-post-thumbnail","6":"product_cat-industrieelektronik","7":"product_cat-temperaturmessumformer","8":"product_cat-kopftransmitter","9":"product_tag-4-20ma","10":"product_tag-kopftransmitter","11":"product_tag-messumformer","12":"product_tag-ntc","13":"product_tag-potentiometer","14":"product_tag-pt100","15":"product_tag-rtd","16":"product_tag-thermistor","17":"product_tag-widerstand","19":"first","20":"instock","21":"shipping-taxable","22":"product-type-simple"},"pbg_featured_image_src":{"full":["https:\/\/detektron.isedd.net\/wp-content\/uploads\/2019\/11\/HTR200-image-set-web-600x638.jpg",600,680,false],"thumbnail":["https:\/\/detektron.isedd.net\/wp-content\/uploads\/2019\/11\/HTR200-image-set-web-600x638-150x150.jpg",150,150,true],"medium":["https:\/\/detektron.isedd.net\/wp-content\/uploads\/2019\/11\/HTR200-image-set-web-600x638-265x300.jpg",265,300,true],"medium_large":["https:\/\/detektron.isedd.net\/wp-content\/uploads\/2019\/11\/HTR200-image-set-web-600x638.jpg",600,680,false],"large":["https:\/\/detektron.isedd.net\/wp-content\/uploads\/2019\/11\/HTR200-image-set-web-600x638.jpg",600,680,false],"1536x1536":["https:\/\/detektron.isedd.net\/wp-content\/uploads\/2019\/11\/HTR200-image-set-web-600x638.jpg",600,680,false],"2048x2048":["https:\/\/detektron.isedd.net\/wp-content\/uploads\/2019\/11\/HTR200-image-set-web-600x638.jpg",600,680,false],"trp-custom-language-flag":["https:\/\/detektron.isedd.net\/wp-content\/uploads\/2019\/11\/HTR200-image-set-web-600x638.jpg",11,12,false],"ab-block-post-grid-landscape":["https:\/\/detektron.isedd.net\/wp-content\/uploads\/2019\/11\/HTR200-image-set-web-600x638-600x400.jpg",600,400,true],"ab-block-post-grid-square":["https:\/\/detektron.isedd.net\/wp-content\/uploads\/2019\/11\/HTR200-image-set-web-600x638-600x600.jpg",600,600,true],"wpca-thumb":["https:\/\/detektron.isedd.net\/wp-content\/uploads\/2019\/11\/HTR200-image-set-web-600x638-220x150.jpg",220,150,true],"gb-block-post-grid-landscape":["https:\/\/detektron.isedd.net\/wp-content\/uploads\/2019\/11\/HTR200-image-set-web-600x638.jpg",353,400,false],"gb-block-post-grid-square":["https:\/\/detektron.isedd.net\/wp-content\/uploads\/2019\/11\/HTR200-image-set-web-600x638.jpg",529,600,false],"post-thumbnail":["https:\/\/detektron.isedd.net\/wp-content\/uploads\/2019\/11\/HTR200-image-set-web-600x638-600x450.jpg",600,450,true],"di-business-recentpostthumb":["https:\/\/detektron.isedd.net\/wp-content\/uploads\/2019\/11\/HTR200-image-set-web-600x638-90x90.jpg",90,90,true],"woocommerce_thumbnail":["https:\/\/detektron.isedd.net\/wp-content\/uploads\/2019\/11\/HTR200-image-set-web-600x638-300x300.jpg",300,300,true],"woocommerce_single":["https:\/\/detektron.isedd.net\/wp-content\/uploads\/2019\/11\/HTR200-image-set-web-600x638-600x680.jpg",600,680,true],"woocommerce_gallery_thumbnail":["https:\/\/detektron.isedd.net\/wp-content\/uploads\/2019\/11\/HTR200-image-set-web-600x638-100x100.jpg",100,100,true]},"pbg_author_info":{"display_name":"admin","author_link":"https:\/\/detektron.isedd.net\/en\/author\/admin\/","author_img":false},"pbg_comment_info":" No Comments","pbg_excerpt":"Miniatur-Messumformer in Anschlusskopf f\u00fcr RTD- und Schleifdrahtsensoren Geeignet f\u00fcr RTD, Pt100, Widerstand, Potentiometer, Schleifdrahtsensoren 2-Draht-Anschluss (4 bis 20)mA Einfache Konfiguration per USB-Schnittstelle und kostenloser Software Anwendungspezifische Linearisierung \u00fcber 22 Segmente Einstellbarer Eingangsfilter","uagb_featured_image_src":{"full":["https:\/\/detektron.isedd.net\/wp-content\/uploads\/2019\/11\/HTR200-image-set-web-600x638.jpg",600,680,false],"thumbnail":["https:\/\/detektron.isedd.net\/wp-content\/uploads\/2019\/11\/HTR200-image-set-web-600x638-150x150.jpg",150,150,true],"medium":["https:\/\/detektron.isedd.net\/wp-content\/uploads\/2019\/11\/HTR200-image-set-web-600x638-265x300.jpg",265,300,true],"medium_large":["https:\/\/detektron.isedd.net\/wp-content\/uploads\/2019\/11\/HTR200-image-set-web-600x638.jpg",600,680,false],"large":["https:\/\/detektron.isedd.net\/wp-content\/uploads\/2019\/11\/HTR200-image-set-web-600x638.jpg",600,680,false],"1536x1536":["https:\/\/detektron.isedd.net\/wp-content\/uploads\/2019\/11\/HTR200-image-set-web-600x638.jpg",600,680,false],"2048x2048":["https:\/\/detektron.isedd.net\/wp-content\/uploads\/2019\/11\/HTR200-image-set-web-600x638.jpg",600,680,false],"trp-custom-language-flag":["https:\/\/detektron.isedd.net\/wp-content\/uploads\/2019\/11\/HTR200-image-set-web-600x638.jpg",11,12,false],"ab-block-post-grid-landscape":["https:\/\/detektron.isedd.net\/wp-content\/uploads\/2019\/11\/HTR200-image-set-web-600x638-600x400.jpg",600,400,true],"ab-block-post-grid-square":["https:\/\/detektron.isedd.net\/wp-content\/uploads\/2019\/11\/HTR200-image-set-web-600x638-600x600.jpg",600,600,true],"wpca-thumb":["https:\/\/detektron.isedd.net\/wp-content\/uploads\/2019\/11\/HTR200-image-set-web-600x638-220x150.jpg",220,150,true],"gb-block-post-grid-landscape":["https:\/\/detektron.isedd.net\/wp-content\/uploads\/2019\/11\/HTR200-image-set-web-600x638.jpg",353,400,false],"gb-block-post-grid-square":["https:\/\/detektron.isedd.net\/wp-content\/uploads\/2019\/11\/HTR200-image-set-web-600x638.jpg",529,600,false],"post-thumbnail":["https:\/\/detektron.isedd.net\/wp-content\/uploads\/2019\/11\/HTR200-image-set-web-600x638-600x450.jpg",600,450,true],"di-business-recentpostthumb":["https:\/\/detektron.isedd.net\/wp-content\/uploads\/2019\/11\/HTR200-image-set-web-600x638-90x90.jpg",90,90,true],"woocommerce_thumbnail":["https:\/\/detektron.isedd.net\/wp-content\/uploads\/2019\/11\/HTR200-image-set-web-600x638-300x300.jpg",300,300,true],"woocommerce_single":["https:\/\/detektron.isedd.net\/wp-content\/uploads\/2019\/11\/HTR200-image-set-web-600x638-600x680.jpg",600,680,true],"woocommerce_gallery_thumbnail":["https:\/\/detektron.isedd.net\/wp-content\/uploads\/2019\/11\/HTR200-image-set-web-600x638-100x100.jpg",100,100,true]},"uagb_author_info":{"display_name":"admin","author_link":"https:\/\/detektron.isedd.net\/en\/author\/admin\/"},"uagb_comment_info":0,"uagb_excerpt":"Miniatur-Messumformer in Anschlusskopf f\u00fcr RTD- und Schleifdrahtsensoren Geeignet f\u00fcr RTD, Pt100, Widerstand, Potentiometer, Schleifdrahtsensoren 2-Draht-Anschluss (4 bis 20)mA Einfache Konfiguration per USB-Schnittstelle und kostenloser Software Anwendungspezifische Linearisierung \u00fcber 22 Segmente Einstellbarer Eingangsfilter","featured_img":"https:\/\/detektron.isedd.net\/wp-content\/uploads\/2019\/11\/HTR200-image-set-web-600x638-600x450.jpg","coauthors":[],"author_meta":{"author_link":"https:\/\/detektron.isedd.net\/en\/author\/admin\/","display_name":"admin"},"relative_dates":{"created":"Posted 6 years ago","modified":"Updated 2 years ago"},"absolute_dates":{"created":"Posted on 10. November 2019","modified":"Updated on 7. July 2024"},"absolute_dates_time":{"created":"Posted on 10. November 2019 16:42","modified":"Updated on 7. July 2024 20:57"},"featured_img_caption":"Messumformer HTR200 ","tax_additional":{"product_brand":{"linked":[],"unlinked":[],"slug":"product_brand","name":"Brands"},"product_type":{"linked":["<a href=\"https:\/\/detektron.isedd.net\/en\/?taxonomy=product_type&#038;term=simple\" class=\"advgb-post-tax-term\">simple<\/a>"],"unlinked":["<span class=\"advgb-post-tax-term\">simple<\/span>"],"slug":"product_type","name":"Product type"},"product_visibility":{"linked":[],"unlinked":[],"slug":"product_visibility","name":"Product visibility"},"product_cat":{"linked":["<a href=\"https:\/\/detektron.isedd.net\/en\/product-category\/industrieelektronik\/\" class=\"advgb-post-tax-term\">Industrieelektronik<\/a>","<a href=\"https:\/\/detektron.isedd.net\/en\/product-category\/industrieelektronik\/temperaturmessumformer\/\" class=\"advgb-post-tax-term\">Temperatur-Messumformer<\/a>","<a href=\"https:\/\/detektron.isedd.net\/en\/product-category\/industrieelektronik\/temperaturmessumformer\/kopftransmitter\/\" class=\"advgb-post-tax-term\">Kopfmontage<\/a>"],"unlinked":["<span class=\"advgb-post-tax-term\">Industrieelektronik<\/span>","<span class=\"advgb-post-tax-term\">Temperatur-Messumformer<\/span>","<span class=\"advgb-post-tax-term\">Kopfmontage<\/span>"],"slug":"product_cat","name":"Product categories"},"product_tag":{"linked":["<a href=\"https:\/\/detektron.isedd.net\/en\/product-tag\/4-20ma\/\" class=\"advgb-post-tax-term\">(4-20)mA<\/a>","<a href=\"https:\/\/detektron.isedd.net\/en\/product-tag\/kopftransmitter\/\" class=\"advgb-post-tax-term\">Kopftransmitter<\/a>","<a href=\"https:\/\/detektron.isedd.net\/en\/product-tag\/messumformer\/\" class=\"advgb-post-tax-term\">Messumformer<\/a>","<a href=\"https:\/\/detektron.isedd.net\/en\/product-tag\/ntc\/\" class=\"advgb-post-tax-term\">NTC<\/a>","<a href=\"https:\/\/detektron.isedd.net\/en\/product-tag\/potentiometer\/\" class=\"advgb-post-tax-term\">Potentiometer<\/a>","<a href=\"https:\/\/detektron.isedd.net\/en\/product-tag\/pt100\/\" class=\"advgb-post-tax-term\">Pt100<\/a>","<a href=\"https:\/\/detektron.isedd.net\/en\/product-tag\/rtd\/\" class=\"advgb-post-tax-term\">RTD<\/a>","<a href=\"https:\/\/detektron.isedd.net\/en\/product-tag\/thermistor\/\" class=\"advgb-post-tax-term\">Thermistor<\/a>","<a href=\"https:\/\/detektron.isedd.net\/en\/product-tag\/widerstand\/\" class=\"advgb-post-tax-term\">Widerstand<\/a>"],"unlinked":["<span class=\"advgb-post-tax-term\">(4-20)mA<\/span>","<span class=\"advgb-post-tax-term\">Kopftransmitter<\/span>","<span class=\"advgb-post-tax-term\">Messumformer<\/span>","<span class=\"advgb-post-tax-term\">NTC<\/span>","<span class=\"advgb-post-tax-term\">Potentiometer<\/span>","<span class=\"advgb-post-tax-term\">Pt100<\/span>","<span class=\"advgb-post-tax-term\">RTD<\/span>","<span class=\"advgb-post-tax-term\">Thermistor<\/span>","<span class=\"advgb-post-tax-term\">Widerstand<\/span>"],"slug":"product_tag","name":"Product tags"},"product_shipping_class":{"linked":[],"unlinked":[],"slug":"product_shipping_class","name":"Product shipping classes"},"pa_brand":{"linked":[],"unlinked":[],"slug":"pa_brand","name":"Product Marke"},"product_delivery_time":{"linked":[],"unlinked":[],"slug":"product_delivery_time","name":"Product Delivery Times"},"product_unit":{"linked":[],"unlinked":[],"slug":"product_unit","name":"Units"},"product_manufacturer":{"linked":[],"unlinked":[],"slug":"product_manufacturer","name":"Manufacturers"},"product_price_label":{"linked":[],"unlinked":[],"slug":"product_price_label","name":"Price Labels"},"product_deposit_type":{"linked":[],"unlinked":[],"slug":"product_deposit_type","name":"Product Deposit Types"},"product_nutrient":{"linked":[],"unlinked":[],"slug":"product_nutrient","name":"Product Nutrients"},"product_allergen":{"linked":[],"unlinked":[],"slug":"product_allergen","name":"Product Allergenic"}},"series_order":"","_links":{"self":[{"href":"https:\/\/detektron.isedd.net\/en\/wp-json\/wp\/v2\/product\/1100","targetHints":{"allow":["GET"]}}],"collection":[{"href":"https:\/\/detektron.isedd.net\/en\/wp-json\/wp\/v2\/product"}],"about":[{"href":"https:\/\/detektron.isedd.net\/en\/wp-json\/wp\/v2\/types\/product"}],"wp:featuredmedia":[{"embeddable":true,"href":"https:\/\/detektron.isedd.net\/en\/wp-json\/wp\/v2\/media\/1102"}],"wp:attachment":[{"href":"https:\/\/detektron.isedd.net\/en\/wp-json\/wp\/v2\/media?parent=1100"}],"wp:term":[{"taxonomy":"product_brand","embeddable":true,"href":"https:\/\/detektron.isedd.net\/en\/wp-json\/wp\/v2\/product_brand?post=1100"},{"taxonomy":"product_cat","embeddable":true,"href":"https:\/\/detektron.isedd.net\/en\/wp-json\/wp\/v2\/product_cat?post=1100"},{"taxonomy":"product_tag","embeddable":true,"href":"https:\/\/detektron.isedd.net\/en\/wp-json\/wp\/v2\/product_tag?post=1100"}],"curies":[{"name":"wp","href":"https:\/\/api.w.org\/{rel}","templated":true}]}}