{"id":1157,"date":"2019-11-17T15:17:43","date_gmt":"2019-11-17T15:17:43","guid":{"rendered":"http:\/\/detektron.isedd.net\/?post_type=product&#038;p=1157"},"modified":"2024-07-07T20:57:05","modified_gmt":"2024-07-07T20:57:05","slug":"sem1801rx","status":"publish","type":"product","link":"https:\/\/detektron.isedd.net\/en\/product\/sem1801rx\/","title":{"rendered":"RTD-Temperaturtransmitter SEM1801RX\/SEM1802RX &#8211; ATEX"},"content":{"rendered":"<p>Der ATEX-Temperaturmessumformer SEM1801\/2RX ist f\u00fcr den Einsatz mit RTD- (Pt100-) oder Potentiometersensoren konzipiert und wandelt das Sensorsignal in das Industriestandardsignal (4 bis 20)mA-Stromschleife. Es stehen zwei Versionen zur Verf\u00fcgung: ein- oder zweikanalig, beide ATEX \/ IECEx zugelassen f\u00fcr explosionsgef\u00e4hrdete Bereiche.<\/p>\n<p>Die Konfiguration per Computer erm\u00f6glicht dem Anwender ohne die Notwendigkeit einer Kalibriereinrichtung, Sensortyp, Bereich, Filter, Benennung, Einheiten und Fehlersignal festzulegen, bzw. auszuw\u00e4hlen. Ist der Messumformer mit dem PC verbunden, k\u00f6nnen zus\u00e4tzlicht Live-Prozessdaten angezeigt werden. So k\u00f6nnen einfach Sensorfehler elimiert und der Ausgangsstrom an die tats\u00e4chliche Temperatur, bzw. den tats\u00e4chlichen Prozesswert angepasst und so Systemfehler reduziert werden.<br \/>\nBei Bedarf kann bei der Bestellung die gew\u00fcnschte Konfiguration angegeben werden, so dass keine Benutzerkonfiguration erforderlich ist. Wird die Konfiguration nicht angegeben ist, wird der Sender mit dem Standardbereich von Pt100 (0 bis 100)\u00b0C, Burnout hoch und Filter aus geliefert.<\/p>\n<hr \/>\n<p><strong>HIGHLIGHTS<\/strong><\/p>\n<p>SENSORREFERENZIERUNG (Temperatur)<\/p>\n<p>Die SEM1801\/2RX-Sensorreferenzierung \u00fcber die Windows-basierte USB-Speedlink-Software erm\u00f6glicht eine enge Anpassung an einen bekannten Referenzsensor und eliminiert m\u00f6gliche Sensorfehler.<\/p>\n<p>KUNDENSPEZIFISCHE LINEARISIERUNG<br \/>\nStandardm\u00e4\u00dfig verf\u00fcgt der SEM1801\/2RX \u00fcber alle g\u00e4ngigen RTD-Sensoren in seiner Softwarebibliothek. Zus\u00e4tzlich kann der SEM1801\/2RX mit bis zu 22 Punkten kundenspezifischer Linearisierung f\u00fcr Widerstands-, Potentiometer- und Schleifdrahtsensoren programmiert werden.<\/p>\n<p>BURN-OUT-SIGNALISIERUNG (Temperatur)<\/p>\n<p>Wenn ein Sensorkabel unterbrochen ist oder sich l\u00f6st, geht der Ausgang des SEM1801\/2RX automatisch auf den benutzerdefinierten Pegel, Min- oder Max-Wert bzw. einen vorher festgelegten Wert.<\/p>\n<p>STABILIT\u00c4T<br \/>\nDer Schienentransmitter SEM1801\/2RX basiert auf der neuesten digitalen Technologie, um eine pr\u00e4zise und driftarme \u00dcbertragung zu gew\u00e4hrleisten.<\/p>\n<hr \/>\n<p>TECHNISCHE DATEN<\/p>\n\n<table id=\"tablepress-27\" class=\"tablepress tablepress-id-27\">\n<thead>\n<tr class=\"row-1\">\n\t<th class=\"column-1\">Type \/ Funktion<\/th><th class=\"column-2\">Bereich \/ Beschreibung<\/th>\n<\/tr>\n<\/thead>\n<tbody class=\"row-striping row-hover\">\n<tr class=\"row-2\">\n\t<td class=\"column-1\">Eingang<\/td><td class=\"column-2\">Pt100 2- oder 3-Draht - (-200 bis +850)\u00b0C<br \/>\nRTD (Pt500, Pt1000, Ni100, Ni120, Ni1000, Cu53, Cu100, Cu1000) 2- oder 3-Draht<br \/>\nWiderstand (10 bis 10.500)\u03a9<br \/>\nPotentiometer (1 bis 100)k\u03a9 - automatische Erkennung<\/td>\n<\/tr>\n<tr class=\"row-3\">\n\t<td class=\"column-1\">Ausgang<\/td><td class=\"column-2\">(4 bis 20)mA<\/td>\n<\/tr>\n<tr class=\"row-4\">\n\t<td class=\"column-1\">Galvanische Trennung<\/td><td class=\"column-2\">Nein<\/td>\n<\/tr>\n<tr class=\"row-5\">\n\t<td class=\"column-1\">Kundenspezifische Linearisierung<\/td><td class=\"column-2\">Widerstand \/ Potentiometer<\/td>\n<\/tr>\n<tr class=\"row-6\">\n\t<td class=\"column-1\">Nullpunkt-\/Messbereichsabgleich<\/td><td class=\"column-2\">Ja<\/td>\n<\/tr>\n<tr class=\"row-7\">\n\t<td class=\"column-1\">Offseteinstellung<\/td><td class=\"column-2\">Ja<\/td>\n<\/tr>\n<tr class=\"row-8\">\n\t<td class=\"column-1\">Display<\/td><td class=\"column-2\">Nein<\/td>\n<\/tr>\n<tr class=\"row-9\">\n\t<td class=\"column-1\">Umgebungstemperatur<\/td><td class=\"column-2\">(-30 bis +70)\u00b0C<\/td>\n<\/tr>\n<tr class=\"row-10\">\n\t<td class=\"column-1\">Versorgungsspannung<\/td><td class=\"column-2\">(10 bis 30)Vdc<\/td>\n<\/tr>\n<tr class=\"row-11\">\n\t<td class=\"column-1\">Konfiguration<\/td><td class=\"column-2\">PC-Software<\/td>\n<\/tr>\n<tr class=\"row-12\">\n\t<td class=\"column-1\">Abmessungen<\/td><td class=\"column-2\">Breite 22mm <\/td>\n<\/tr>\n<tr class=\"row-13\">\n\t<td class=\"column-1\">Zulassungen<\/td><td class=\"column-2\">ATEX <br \/>\nIEC Ex<br \/>\nEMV EN 61326<br \/>\nCE<\/td>\n<\/tr>\n<\/tbody>\n<\/table>\n<!-- #tablepress-27 from cache -->","protected":false},"excerpt":{"rendered":"<p>ATEX IECEx DIN-Schienenmessumformer &#8211; Programmierbar, geeignet f\u00fcr Pt100- und andere RTD-Sensoren, Potentiometer und Widerstandssensoren<\/p>\n<ul>\n<li>1-Kanalig &#8211; SEM1801RX<\/li>\n<li>2-Kanalig &#8211; SEM1802RX<\/li>\n<li>Geeignet f\u00fcr RTD-Sensoren, Potentiometer und Widerstandssensoren<\/li>\n<li>ATEX und IEC Ex zertifiziert<\/li>\n<li>Sensorkalibrierfunktion<\/li>\n<li>Einstellbarer Eingangsfilter<\/li>\n<li>Kundenspezifische Linearisation<\/li>\n<li>Sensor-Offset- und Ausgangsstromanpassung<\/li>\n<\/ul>","protected":false},"author":1,"featured_media":1161,"template":"","meta":{"_editorskit_title_hidden":false,"_editorskit_reading_time":0,"_editorskit_is_block_options_detached":false,"_editorskit_block_options_position":"{}","_coblocks_attr":"","_coblocks_dimensions":"","_coblocks_responsive_height":"","_coblocks_accordion_ie_support":"","_uag_custom_page_level_css":"","ub_ctt_via":"","advgb_blocks_editor_width":"","advgb_blocks_columns_visual_guide":"","_themeisle_gutenberg_block_has_review":false},"product_brand":[],"product_cat":[60,43,89,79],"product_tag":[88,91,76,90,83,65,67,71,69,75,66],"class_list":{"0":"post-1157","1":"product","2":"type-product","3":"status-publish","4":"has-post-thumbnail","6":"product_cat-industrieelektronik","7":"product_cat-temperaturmessumformer","8":"product_cat-schienentransmitter","9":"product_cat-atex","10":"product_tag-4-20ma","11":"product_tag-2-kanalig","12":"product_tag-atex","13":"product_tag-din-schiene","14":"product_tag-iec-ex","15":"product_tag-messumformer","16":"product_tag-potentiometer","17":"product_tag-programmierbar","18":"product_tag-pt100","19":"product_tag-rtd","20":"product_tag-widerstand","22":"first","23":"instock","24":"shipping-taxable","25":"product-type-simple"},"pbg_featured_image_src":{"full":["https:\/\/detektron.isedd.net\/wp-content\/uploads\/2019\/11\/SEM1801_2RX-image-set-web-600x631.jpg",600,631,false],"thumbnail":["https:\/\/detektron.isedd.net\/wp-content\/uploads\/2019\/11\/SEM1801_2RX-image-set-web-600x631-150x150.jpg",150,150,true],"medium":["https:\/\/detektron.isedd.net\/wp-content\/uploads\/2019\/11\/SEM1801_2RX-image-set-web-600x631-285x300.jpg",285,300,true],"medium_large":["https:\/\/detektron.isedd.net\/wp-content\/uploads\/2019\/11\/SEM1801_2RX-image-set-web-600x631.jpg",600,631,false],"large":["https:\/\/detektron.isedd.net\/wp-content\/uploads\/2019\/11\/SEM1801_2RX-image-set-web-600x631.jpg",600,631,false],"1536x1536":["https:\/\/detektron.isedd.net\/wp-content\/uploads\/2019\/11\/SEM1801_2RX-image-set-web-600x631.jpg",600,631,false],"2048x2048":["https:\/\/detektron.isedd.net\/wp-content\/uploads\/2019\/11\/SEM1801_2RX-image-set-web-600x631.jpg",600,631,false],"trp-custom-language-flag":["https:\/\/detektron.isedd.net\/wp-content\/uploads\/2019\/11\/SEM1801_2RX-image-set-web-600x631.jpg",11,12,false],"ab-block-post-grid-landscape":["https:\/\/detektron.isedd.net\/wp-content\/uploads\/2019\/11\/SEM1801_2RX-image-set-web-600x631-600x400.jpg",600,400,true],"ab-block-post-grid-square":["https:\/\/detektron.isedd.net\/wp-content\/uploads\/2019\/11\/SEM1801_2RX-image-set-web-600x631-600x600.jpg",600,600,true],"wpca-thumb":["https:\/\/detektron.isedd.net\/wp-content\/uploads\/2019\/11\/SEM1801_2RX-image-set-web-600x631-220x150.jpg",220,150,true],"gb-block-post-grid-landscape":["https:\/\/detektron.isedd.net\/wp-content\/uploads\/2019\/11\/SEM1801_2RX-image-set-web-600x631.jpg",380,400,false],"gb-block-post-grid-square":["https:\/\/detektron.isedd.net\/wp-content\/uploads\/2019\/11\/SEM1801_2RX-image-set-web-600x631.jpg",571,600,false],"post-thumbnail":["https:\/\/detektron.isedd.net\/wp-content\/uploads\/2019\/11\/SEM1801_2RX-image-set-web-600x631-600x450.jpg",600,450,true],"di-business-recentpostthumb":["https:\/\/detektron.isedd.net\/wp-content\/uploads\/2019\/11\/SEM1801_2RX-image-set-web-600x631-90x90.jpg",90,90,true],"woocommerce_thumbnail":["https:\/\/detektron.isedd.net\/wp-content\/uploads\/2019\/11\/SEM1801_2RX-image-set-web-600x631-300x300.jpg",300,300,true],"woocommerce_single":["https:\/\/detektron.isedd.net\/wp-content\/uploads\/2019\/11\/SEM1801_2RX-image-set-web-600x631.jpg",600,631,false],"woocommerce_gallery_thumbnail":["https:\/\/detektron.isedd.net\/wp-content\/uploads\/2019\/11\/SEM1801_2RX-image-set-web-600x631-100x100.jpg",100,100,true]},"pbg_author_info":{"display_name":"admin","author_link":"https:\/\/detektron.isedd.net\/en\/author\/admin\/","author_img":false},"pbg_comment_info":" No Comments","pbg_excerpt":"ATEX IECEx DIN-Schienenmessumformer - Programmierbar, geeignet f\u00fcr Pt100- und andere RTD-Sensoren, Potentiometer und Widerstandssensoren 1-Kanalig - SEM1801RX 2-Kanalig - SEM1802RX Geeignet f\u00fcr RTD-Sensoren, Potentiometer und Widerstandssensoren ATEX und IEC Ex zertifiziert Sensorkalibrierfunktion Einstellbarer Eingangsfilter Kundenspezifische Linearisation Sensor-Offset- und Ausgangsstromanpassung","uagb_featured_image_src":{"full":["https:\/\/detektron.isedd.net\/wp-content\/uploads\/2019\/11\/SEM1801_2RX-image-set-web-600x631.jpg",600,631,false],"thumbnail":["https:\/\/detektron.isedd.net\/wp-content\/uploads\/2019\/11\/SEM1801_2RX-image-set-web-600x631-150x150.jpg",150,150,true],"medium":["https:\/\/detektron.isedd.net\/wp-content\/uploads\/2019\/11\/SEM1801_2RX-image-set-web-600x631-285x300.jpg",285,300,true],"medium_large":["https:\/\/detektron.isedd.net\/wp-content\/uploads\/2019\/11\/SEM1801_2RX-image-set-web-600x631.jpg",600,631,false],"large":["https:\/\/detektron.isedd.net\/wp-content\/uploads\/2019\/11\/SEM1801_2RX-image-set-web-600x631.jpg",600,631,false],"1536x1536":["https:\/\/detektron.isedd.net\/wp-content\/uploads\/2019\/11\/SEM1801_2RX-image-set-web-600x631.jpg",600,631,false],"2048x2048":["https:\/\/detektron.isedd.net\/wp-content\/uploads\/2019\/11\/SEM1801_2RX-image-set-web-600x631.jpg",600,631,false],"trp-custom-language-flag":["https:\/\/detektron.isedd.net\/wp-content\/uploads\/2019\/11\/SEM1801_2RX-image-set-web-600x631.jpg",11,12,false],"ab-block-post-grid-landscape":["https:\/\/detektron.isedd.net\/wp-content\/uploads\/2019\/11\/SEM1801_2RX-image-set-web-600x631-600x400.jpg",600,400,true],"ab-block-post-grid-square":["https:\/\/detektron.isedd.net\/wp-content\/uploads\/2019\/11\/SEM1801_2RX-image-set-web-600x631-600x600.jpg",600,600,true],"wpca-thumb":["https:\/\/detektron.isedd.net\/wp-content\/uploads\/2019\/11\/SEM1801_2RX-image-set-web-600x631-220x150.jpg",220,150,true],"gb-block-post-grid-landscape":["https:\/\/detektron.isedd.net\/wp-content\/uploads\/2019\/11\/SEM1801_2RX-image-set-web-600x631.jpg",380,400,false],"gb-block-post-grid-square":["https:\/\/detektron.isedd.net\/wp-content\/uploads\/2019\/11\/SEM1801_2RX-image-set-web-600x631.jpg",571,600,false],"post-thumbnail":["https:\/\/detektron.isedd.net\/wp-content\/uploads\/2019\/11\/SEM1801_2RX-image-set-web-600x631-600x450.jpg",600,450,true],"di-business-recentpostthumb":["https:\/\/detektron.isedd.net\/wp-content\/uploads\/2019\/11\/SEM1801_2RX-image-set-web-600x631-90x90.jpg",90,90,true],"woocommerce_thumbnail":["https:\/\/detektron.isedd.net\/wp-content\/uploads\/2019\/11\/SEM1801_2RX-image-set-web-600x631-300x300.jpg",300,300,true],"woocommerce_single":["https:\/\/detektron.isedd.net\/wp-content\/uploads\/2019\/11\/SEM1801_2RX-image-set-web-600x631.jpg",600,631,false],"woocommerce_gallery_thumbnail":["https:\/\/detektron.isedd.net\/wp-content\/uploads\/2019\/11\/SEM1801_2RX-image-set-web-600x631-100x100.jpg",100,100,true]},"uagb_author_info":{"display_name":"admin","author_link":"https:\/\/detektron.isedd.net\/en\/author\/admin\/"},"uagb_comment_info":0,"uagb_excerpt":"ATEX IECEx DIN-Schienenmessumformer - Programmierbar, geeignet f\u00fcr Pt100- und andere RTD-Sensoren, Potentiometer und Widerstandssensoren 1-Kanalig - SEM1801RX 2-Kanalig - SEM1802RX Geeignet f\u00fcr RTD-Sensoren, Potentiometer und Widerstandssensoren ATEX und IEC Ex zertifiziert Sensorkalibrierfunktion Einstellbarer Eingangsfilter Kundenspezifische Linearisation Sensor-Offset- und Ausgangsstromanpassung","featured_img":"https:\/\/detektron.isedd.net\/wp-content\/uploads\/2019\/11\/SEM1801_2RX-image-set-web-600x631-600x450.jpg","coauthors":[],"author_meta":{"author_link":"https:\/\/detektron.isedd.net\/en\/author\/admin\/","display_name":"admin"},"relative_dates":{"created":"Posted 6 years ago","modified":"Updated 2 years ago"},"absolute_dates":{"created":"Posted on 17. November 2019","modified":"Updated on 7. July 2024"},"absolute_dates_time":{"created":"Posted on 17. November 2019 15:17","modified":"Updated on 7. July 2024 20:57"},"featured_img_caption":"DIN-Schienen-Messumformer SEM1801\/2RX","tax_additional":{"product_brand":{"linked":[],"unlinked":[],"slug":"product_brand","name":"Brands"},"product_type":{"linked":["<a href=\"https:\/\/detektron.isedd.net\/en\/?taxonomy=product_type&#038;term=simple\" class=\"advgb-post-tax-term\">simple<\/a>"],"unlinked":["<span class=\"advgb-post-tax-term\">simple<\/span>"],"slug":"product_type","name":"Product type"},"product_visibility":{"linked":[],"unlinked":[],"slug":"product_visibility","name":"Product visibility"},"product_cat":{"linked":["<a href=\"https:\/\/detektron.isedd.net\/en\/product-category\/industrieelektronik\/\" class=\"advgb-post-tax-term\">Industrieelektronik<\/a>","<a href=\"https:\/\/detektron.isedd.net\/en\/product-category\/industrieelektronik\/temperaturmessumformer\/\" class=\"advgb-post-tax-term\">Temperatur-Messumformer<\/a>","<a href=\"https:\/\/detektron.isedd.net\/en\/product-category\/industrieelektronik\/temperaturmessumformer\/schienentransmitter\/\" class=\"advgb-post-tax-term\">Schienenmontage<\/a>","<a href=\"https:\/\/detektron.isedd.net\/en\/product-category\/industrieelektronik\/atex\/\" class=\"advgb-post-tax-term\">ATEX<\/a>"],"unlinked":["<span class=\"advgb-post-tax-term\">Industrieelektronik<\/span>","<span class=\"advgb-post-tax-term\">Temperatur-Messumformer<\/span>","<span class=\"advgb-post-tax-term\">Schienenmontage<\/span>","<span class=\"advgb-post-tax-term\">ATEX<\/span>"],"slug":"product_cat","name":"Product categories"},"product_tag":{"linked":["<a href=\"https:\/\/detektron.isedd.net\/en\/product-tag\/4-20ma\/\" class=\"advgb-post-tax-term\">(4-20)mA<\/a>","<a href=\"https:\/\/detektron.isedd.net\/en\/product-tag\/2-kanalig\/\" class=\"advgb-post-tax-term\">2-Kanalig<\/a>","<a href=\"https:\/\/detektron.isedd.net\/en\/product-tag\/atex\/\" class=\"advgb-post-tax-term\">ATEX<\/a>","<a href=\"https:\/\/detektron.isedd.net\/en\/product-tag\/din-schiene\/\" class=\"advgb-post-tax-term\">DIN-Schiene<\/a>","<a href=\"https:\/\/detektron.isedd.net\/en\/product-tag\/iec-ex\/\" class=\"advgb-post-tax-term\">IEC Ex<\/a>","<a href=\"https:\/\/detektron.isedd.net\/en\/product-tag\/messumformer\/\" class=\"advgb-post-tax-term\">Messumformer<\/a>","<a href=\"https:\/\/detektron.isedd.net\/en\/product-tag\/potentiometer\/\" class=\"advgb-post-tax-term\">Potentiometer<\/a>","<a href=\"https:\/\/detektron.isedd.net\/en\/product-tag\/programmierbar\/\" class=\"advgb-post-tax-term\">Programmierbar<\/a>","<a href=\"https:\/\/detektron.isedd.net\/en\/product-tag\/pt100\/\" class=\"advgb-post-tax-term\">Pt100<\/a>","<a href=\"https:\/\/detektron.isedd.net\/en\/product-tag\/rtd\/\" class=\"advgb-post-tax-term\">RTD<\/a>","<a href=\"https:\/\/detektron.isedd.net\/en\/product-tag\/widerstand\/\" class=\"advgb-post-tax-term\">Widerstand<\/a>"],"unlinked":["<span class=\"advgb-post-tax-term\">(4-20)mA<\/span>","<span class=\"advgb-post-tax-term\">2-Kanalig<\/span>","<span class=\"advgb-post-tax-term\">ATEX<\/span>","<span class=\"advgb-post-tax-term\">DIN-Schiene<\/span>","<span class=\"advgb-post-tax-term\">IEC Ex<\/span>","<span class=\"advgb-post-tax-term\">Messumformer<\/span>","<span class=\"advgb-post-tax-term\">Potentiometer<\/span>","<span class=\"advgb-post-tax-term\">Programmierbar<\/span>","<span class=\"advgb-post-tax-term\">Pt100<\/span>","<span class=\"advgb-post-tax-term\">RTD<\/span>","<span class=\"advgb-post-tax-term\">Widerstand<\/span>"],"slug":"product_tag","name":"Product tags"},"product_shipping_class":{"linked":[],"unlinked":[],"slug":"product_shipping_class","name":"Product shipping classes"},"pa_brand":{"linked":[],"unlinked":[],"slug":"pa_brand","name":"Product Marke"},"product_delivery_time":{"linked":[],"unlinked":[],"slug":"product_delivery_time","name":"Product Delivery Times"},"product_unit":{"linked":[],"unlinked":[],"slug":"product_unit","name":"Units"},"product_manufacturer":{"linked":[],"unlinked":[],"slug":"product_manufacturer","name":"Manufacturers"},"product_price_label":{"linked":[],"unlinked":[],"slug":"product_price_label","name":"Price Labels"},"product_deposit_type":{"linked":[],"unlinked":[],"slug":"product_deposit_type","name":"Product Deposit Types"},"product_nutrient":{"linked":[],"unlinked":[],"slug":"product_nutrient","name":"Product Nutrients"},"product_allergen":{"linked":[],"unlinked":[],"slug":"product_allergen","name":"Product Allergenic"}},"series_order":"","_links":{"self":[{"href":"https:\/\/detektron.isedd.net\/en\/wp-json\/wp\/v2\/product\/1157","targetHints":{"allow":["GET"]}}],"collection":[{"href":"https:\/\/detektron.isedd.net\/en\/wp-json\/wp\/v2\/product"}],"about":[{"href":"https:\/\/detektron.isedd.net\/en\/wp-json\/wp\/v2\/types\/product"}],"wp:featuredmedia":[{"embeddable":true,"href":"https:\/\/detektron.isedd.net\/en\/wp-json\/wp\/v2\/media\/1161"}],"wp:attachment":[{"href":"https:\/\/detektron.isedd.net\/en\/wp-json\/wp\/v2\/media?parent=1157"}],"wp:term":[{"taxonomy":"product_brand","embeddable":true,"href":"https:\/\/detektron.isedd.net\/en\/wp-json\/wp\/v2\/product_brand?post=1157"},{"taxonomy":"product_cat","embeddable":true,"href":"https:\/\/detektron.isedd.net\/en\/wp-json\/wp\/v2\/product_cat?post=1157"},{"taxonomy":"product_tag","embeddable":true,"href":"https:\/\/detektron.isedd.net\/en\/wp-json\/wp\/v2\/product_tag?post=1157"}],"curies":[{"name":"wp","href":"https:\/\/api.w.org\/{rel}","templated":true}]}}