{"id":1228,"date":"2019-11-22T21:41:07","date_gmt":"2019-11-22T21:41:07","guid":{"rendered":"http:\/\/detektron.isedd.net\/?post_type=product&#038;p=1228"},"modified":"2024-07-07T20:57:05","modified_gmt":"2024-07-07T20:57:05","slug":"sem1600vi","status":"publish","type":"product","link":"https:\/\/detektron.isedd.net\/en\/product\/sem1600vi\/","title":{"rendered":"Prozesssignalisolator &#8211; SEM1600VI"},"content":{"rendered":"<p>Der SEM1600VI ist ein &#8222;intelligenter&#8220; aktiver Isolator\/Messumformer\/Konditionierer, der jedes Spannungssignal zwischen (-50 und +50)Vdc oder jedes Stromsignal zwischen (-50 und +50)mA akzeptiert. Die Ausgangsstufe liefert entweder Spannungs-, bipolare Spannungs- oder Stromschleifen\u00fcbertragungssignale.<\/p>\n<p>Der Messumformer verf\u00fcgt \u00fcber eine USB-Standardschnittstelle und kann mit der kostenlosen Konfigurationssoftware &#8222;USB-Speedlink&#8220; programmiert werden.<\/p>\n<p>Die galvanische Trennung ist bei diesem Messumformer Standard um m\u00f6gliche Erdschleifeneffekte zu vermeiden.<\/p>\n<p>Das Produkt verf\u00fcgt \u00fcber eine Kalibrierungsfunktion, so dass sowohl der Offset als auch die Spanne an einen bestimmten Sensor angepasst werden k\u00f6nnen, wenn er einem bekannten Messwert ausgesetzt wird.<\/p>\n<p>Zur Vereinfachung der Anwendung ist serienm\u00e4\u00dfig ein hocheffizientes Schaltnetzteil integriert, das keine Anpassung zwischen AC- und DC-Anwendungen erfordert. Die m\u00f6glichen Betriebsspannungen sind (10 bis 48)Vdc und (10 bis 32)Vac.<\/p>\n<p>Ist die gew\u00fcnschte Spezifikation bei Bestellung bekannt, k\u00f6nnen wir das Produkt f\u00fcr Sie konfigurieren.<\/p>\n<hr \/>\n<p><strong>HIGHLIGHTS<\/strong><\/p>\n<p>BASIS-MODUS<br \/>\nEin einfacher und einfach zu bedienender Konfigurationsmodus, der dem Benutzer nur die g\u00e4ngigsten Programmieroptionen f\u00fcr eine schnelle und einfache Einrichtung des SEM1600VI bietet. Die Basis-Konfiguration ist f\u00fcr Anwendungen geeignet, bei denen nur eine grundlegende Eingangs- und Ausgangskonfiguration erforderlich ist.<\/p>\n<p>ERWEITERTER MODUS<br \/>\nF\u00fcr Messsignale bei denen die gemessene Information in keiner linearen Beziehung zum erforderlichen Ausgangssignal steht, kann die \u00dcbertragungsfunktion in 22 einzelnen Segmenten festgelegt werden. So kann auch das Ausgangssignal f\u00fcr Eingangssignale au\u00dferhalb der m\u00f6glichen Grenzen festgelegt werden.<\/p>\n<p>SIGNALD\u00c4MPFUNG<br \/>\nDie Signald\u00e4mpfung kann sowohl auf die Signalanstiegs- als auch auf die Signalabfallzeit separat angewendet werden. Die einstellbare D\u00e4mpfungsverz\u00f6gerung kann zwischen (0 bis 3600) Sekunden eingestellt werden.<\/p>\n<p>AKTIVE MESSBEREICHSJUSTAGE<br \/>\nBeim SEM1600VI k\u00f6nnen Feinanpassungen sowohl f\u00fcr den unteren als auch f\u00fcr den oberen Ausgangswert anhand von Echtzeitmesswerten am Eingang festgelegt werden.<\/p>\n<p>USB-KONFIGURATION<br \/>\nDer SEM1600VI muss w\u00e4hrend der Konfiguration nicht mit einem Netzteil verbunden werden; er wird (nur zur Programmierung) \u00fcber die USB-Schnittstelle von einem PC aus mit Strom versorgt.<\/p>\n<p>SKALIERUNG DER SIGNAL\u00dcBERTRAGUNG<br \/>\nDer Eingangssignalbereich f\u00fcr die \u00dcbertragung kann beliebig im Eingangsmessbereich liegen. Der Ausgangssignalbereich kann aus jedem Teil des gesamten Ausgangsstellbereich ausgew\u00e4hlt werden, z.B. (0 bis 12)mA Eingang auf (1 bis 5)mA Ausgang.<\/p>\n<p>USB PC KONFIGURATION<br \/>\nDas SEM1600VI ist schnell und einfach \u00fcber ein Standard USB-Kabel und die kostenlose USBSpeedLink Windows-Software zu konfigurieren.<\/p>\n<p>USB ANDROID VIEW<br \/>\nDer SEM1600VI kann \u00fcber einen OTG-USB-Adapter an ein Android-Telefon oder -Tablett angeschlossen werden. Mit Hilfe der kostenlos verf\u00fcgbaren App kann das Android-Ger\u00e4t dann zum Anzeigen von Live-Daten aus dem SEM1600VI verwendet werden.<\/p>\n<hr \/>\n<p>TECHNISCHE DATEN<\/p>\n\n<table id=\"tablepress-35\" class=\"tablepress tablepress-id-35\">\n<thead>\n<tr class=\"row-1\">\n\t<th class=\"column-1\">Type \/ Funktion<\/th><th class=\"column-2\">Bereich \/ Beschreibung<\/th>\n<\/tr>\n<\/thead>\n<tbody class=\"row-striping row-hover\">\n<tr class=\"row-2\">\n\t<td class=\"column-1\">Eingang<\/td><td class=\"column-2\">(-50 bis +50)Vdc<br \/>\n(-50 bis +50)mA - aktiv\/passiv<\/td>\n<\/tr>\n<tr class=\"row-3\">\n\t<td class=\"column-1\">Ausgang<\/td><td class=\"column-2\">(4 bis 20)mA - aktiv\/passiv<br \/>\n(0 bis 10)V<br \/>\n(-10 bis +10)V<\/td>\n<\/tr>\n<tr class=\"row-4\">\n\t<td class=\"column-1\">Galvanische Trennung<\/td><td class=\"column-2\">Ja - 500Vdc<\/td>\n<\/tr>\n<tr class=\"row-5\">\n\t<td class=\"column-1\">Kundenspezifische Linearisierung<\/td><td class=\"column-2\">Ja<\/td>\n<\/tr>\n<tr class=\"row-6\">\n\t<td class=\"column-1\">Nullpunkt-\/Messbereichsabgleich<\/td><td class=\"column-2\">Ja<\/td>\n<\/tr>\n<tr class=\"row-7\">\n\t<td class=\"column-1\">Offseteinstellung<\/td><td class=\"column-2\">Ja<\/td>\n<\/tr>\n<tr class=\"row-8\">\n\t<td class=\"column-1\">Spannungsversorgung<\/td><td class=\"column-2\">Universell - (10 bis 48)Vdc - (10 bis 32)Vac<\/td>\n<\/tr>\n<tr class=\"row-9\">\n\t<td class=\"column-1\">Schleifenversorgung<\/td><td class=\"column-2\">Ja - Eingang und Ausgang<\/td>\n<\/tr>\n<tr class=\"row-10\">\n\t<td class=\"column-1\">Sensorversorgung<\/td><td class=\"column-2\">Nein<\/td>\n<\/tr>\n<tr class=\"row-11\">\n\t<td class=\"column-1\">Umgebungstemperatur<\/td><td class=\"column-2\">(-30 bis +70)\u00b0C<\/td>\n<\/tr>\n<tr class=\"row-12\">\n\t<td class=\"column-1\">Konfiguration<\/td><td class=\"column-2\">PC<\/td>\n<\/tr>\n<tr class=\"row-13\">\n\t<td class=\"column-1\">Summierung<\/td><td class=\"column-2\">Nein<\/td>\n<\/tr>\n<tr class=\"row-14\">\n\t<td class=\"column-1\">Mathematische Funktionen<\/td><td class=\"column-2\">Durchflussformeln<\/td>\n<\/tr>\n<tr class=\"row-15\">\n\t<td class=\"column-1\">Abmessungen<\/td><td class=\"column-2\">Breite 17,5mm<\/td>\n<\/tr>\n<tr class=\"row-16\">\n\t<td class=\"column-1\">Zulassungen<\/td><td class=\"column-2\">EMV EN 61326<br \/>\nCE<br \/>\nEAC<\/td>\n<\/tr>\n<\/tbody>\n<\/table>\n<!-- #tablepress-35 from cache -->","protected":false},"excerpt":{"rendered":"<p>Universeller Signaltransmitter f\u00fcr Strom- und Spannungssignale<\/p>\n<ul>\n<li>Akzeptiert interne und externe Stromschleifen am Ein- und Ausgang<\/li>\n<li>\u00b150Vdc oder \u00b150 mA Eingang<\/li>\n<li>Strom-, Spannungs- oder bipolarer Spannungsausgang<\/li>\n<li>Stromversorgung (10 bis 32)Vac \/ (10 bis 48)Vdc<\/li>\n<li>22 Segment Benutzer Linearisierung<\/li>\n<li>Live-Daten auf einem Android-Handy oder Tablett anzeigen<\/li>\n<li>Galvanische Trennung zwischen Ein- und Ausgang<\/li>\n<li>Sensorkalibrierfunktion<\/li>\n<li>EAC-Zulassung<\/li>\n<\/ul>","protected":false},"author":1,"featured_media":1230,"template":"","meta":{"_editorskit_title_hidden":false,"_editorskit_reading_time":0,"_editorskit_is_block_options_detached":false,"_editorskit_block_options_position":"{}","_coblocks_attr":"","_coblocks_dimensions":"","_coblocks_responsive_height":"","_coblocks_accordion_ie_support":"","_uag_custom_page_level_css":"","ub_ctt_via":"","advgb_blocks_editor_width":"","advgb_blocks_columns_visual_guide":"","_themeisle_gutenberg_block_has_review":false},"product_brand":[],"product_cat":[60,43,89,94],"product_tag":[88,92,65,71,104,98],"class_list":{"0":"post-1228","1":"product","2":"type-product","3":"status-publish","4":"has-post-thumbnail","6":"product_cat-industrieelektronik","7":"product_cat-temperaturmessumformer","8":"product_cat-schienentransmitter","9":"product_cat-trennverstaerker","10":"product_tag-4-20ma","11":"product_tag-galvanische-trennung","12":"product_tag-messumformer","13":"product_tag-programmierbar","14":"product_tag-spannungsausgang","15":"product_tag-spannungseingang","17":"first","18":"instock","19":"shipping-taxable","20":"product-type-simple"},"pbg_featured_image_src":{"full":["https:\/\/detektron.isedd.net\/wp-content\/uploads\/2019\/11\/SEM1600VI-image-set-web-768x816.jpg",768,816,false],"thumbnail":["https:\/\/detektron.isedd.net\/wp-content\/uploads\/2019\/11\/SEM1600VI-image-set-web-768x816-150x150.jpg",150,150,true],"medium":["https:\/\/detektron.isedd.net\/wp-content\/uploads\/2019\/11\/SEM1600VI-image-set-web-768x816-282x300.jpg",282,300,true],"medium_large":["https:\/\/detektron.isedd.net\/wp-content\/uploads\/2019\/11\/SEM1600VI-image-set-web-768x816.jpg",730,776,false],"large":["https:\/\/detektron.isedd.net\/wp-content\/uploads\/2019\/11\/SEM1600VI-image-set-web-768x816.jpg",730,776,false],"1536x1536":["https:\/\/detektron.isedd.net\/wp-content\/uploads\/2019\/11\/SEM1600VI-image-set-web-768x816.jpg",768,816,false],"2048x2048":["https:\/\/detektron.isedd.net\/wp-content\/uploads\/2019\/11\/SEM1600VI-image-set-web-768x816.jpg",768,816,false],"trp-custom-language-flag":["https:\/\/detektron.isedd.net\/wp-content\/uploads\/2019\/11\/SEM1600VI-image-set-web-768x816.jpg",11,12,false],"ab-block-post-grid-landscape":["https:\/\/detektron.isedd.net\/wp-content\/uploads\/2019\/11\/SEM1600VI-image-set-web-768x816-600x400.jpg",600,400,true],"ab-block-post-grid-square":["https:\/\/detektron.isedd.net\/wp-content\/uploads\/2019\/11\/SEM1600VI-image-set-web-768x816-600x600.jpg",600,600,true],"wpca-thumb":["https:\/\/detektron.isedd.net\/wp-content\/uploads\/2019\/11\/SEM1600VI-image-set-web-768x816-220x150.jpg",220,150,true],"gb-block-post-grid-landscape":["https:\/\/detektron.isedd.net\/wp-content\/uploads\/2019\/11\/SEM1600VI-image-set-web-768x816.jpg",376,400,false],"gb-block-post-grid-square":["https:\/\/detektron.isedd.net\/wp-content\/uploads\/2019\/11\/SEM1600VI-image-set-web-768x816.jpg",565,600,false],"post-thumbnail":["https:\/\/detektron.isedd.net\/wp-content\/uploads\/2019\/11\/SEM1600VI-image-set-web-768x816-768x450.jpg",768,450,true],"di-business-recentpostthumb":["https:\/\/detektron.isedd.net\/wp-content\/uploads\/2019\/11\/SEM1600VI-image-set-web-768x816-90x90.jpg",90,90,true],"woocommerce_thumbnail":["https:\/\/detektron.isedd.net\/wp-content\/uploads\/2019\/11\/SEM1600VI-image-set-web-768x816-300x300.jpg",300,300,true],"woocommerce_single":["https:\/\/detektron.isedd.net\/wp-content\/uploads\/2019\/11\/SEM1600VI-image-set-web-768x816-600x638.jpg",600,638,true],"woocommerce_gallery_thumbnail":["https:\/\/detektron.isedd.net\/wp-content\/uploads\/2019\/11\/SEM1600VI-image-set-web-768x816-100x100.jpg",100,100,true]},"pbg_author_info":{"display_name":"admin","author_link":"https:\/\/detektron.isedd.net\/en\/author\/admin\/","author_img":false},"pbg_comment_info":" No Comments","pbg_excerpt":"Universeller Signaltransmitter f\u00fcr Strom- und Spannungssignale Akzeptiert interne und externe Stromschleifen am Ein- und Ausgang \u00b150Vdc oder \u00b150 mA Eingang Strom-, Spannungs- oder bipolarer Spannungsausgang Stromversorgung (10 bis 32)Vac \/ (10 bis 48)Vdc 22 Segment Benutzer Linearisierung Live-Daten auf einem Android-Handy oder Tablett anzeigen Galvanische Trennung zwischen Ein- und Ausgang Sensorkalibrierfunktion EAC-Zulassung","uagb_featured_image_src":{"full":["https:\/\/detektron.isedd.net\/wp-content\/uploads\/2019\/11\/SEM1600VI-image-set-web-768x816.jpg",768,816,false],"thumbnail":["https:\/\/detektron.isedd.net\/wp-content\/uploads\/2019\/11\/SEM1600VI-image-set-web-768x816-150x150.jpg",150,150,true],"medium":["https:\/\/detektron.isedd.net\/wp-content\/uploads\/2019\/11\/SEM1600VI-image-set-web-768x816-282x300.jpg",282,300,true],"medium_large":["https:\/\/detektron.isedd.net\/wp-content\/uploads\/2019\/11\/SEM1600VI-image-set-web-768x816.jpg",730,776,false],"large":["https:\/\/detektron.isedd.net\/wp-content\/uploads\/2019\/11\/SEM1600VI-image-set-web-768x816.jpg",730,776,false],"1536x1536":["https:\/\/detektron.isedd.net\/wp-content\/uploads\/2019\/11\/SEM1600VI-image-set-web-768x816.jpg",768,816,false],"2048x2048":["https:\/\/detektron.isedd.net\/wp-content\/uploads\/2019\/11\/SEM1600VI-image-set-web-768x816.jpg",768,816,false],"trp-custom-language-flag":["https:\/\/detektron.isedd.net\/wp-content\/uploads\/2019\/11\/SEM1600VI-image-set-web-768x816.jpg",11,12,false],"ab-block-post-grid-landscape":["https:\/\/detektron.isedd.net\/wp-content\/uploads\/2019\/11\/SEM1600VI-image-set-web-768x816-600x400.jpg",600,400,true],"ab-block-post-grid-square":["https:\/\/detektron.isedd.net\/wp-content\/uploads\/2019\/11\/SEM1600VI-image-set-web-768x816-600x600.jpg",600,600,true],"wpca-thumb":["https:\/\/detektron.isedd.net\/wp-content\/uploads\/2019\/11\/SEM1600VI-image-set-web-768x816-220x150.jpg",220,150,true],"gb-block-post-grid-landscape":["https:\/\/detektron.isedd.net\/wp-content\/uploads\/2019\/11\/SEM1600VI-image-set-web-768x816.jpg",376,400,false],"gb-block-post-grid-square":["https:\/\/detektron.isedd.net\/wp-content\/uploads\/2019\/11\/SEM1600VI-image-set-web-768x816.jpg",565,600,false],"post-thumbnail":["https:\/\/detektron.isedd.net\/wp-content\/uploads\/2019\/11\/SEM1600VI-image-set-web-768x816-768x450.jpg",768,450,true],"di-business-recentpostthumb":["https:\/\/detektron.isedd.net\/wp-content\/uploads\/2019\/11\/SEM1600VI-image-set-web-768x816-90x90.jpg",90,90,true],"woocommerce_thumbnail":["https:\/\/detektron.isedd.net\/wp-content\/uploads\/2019\/11\/SEM1600VI-image-set-web-768x816-300x300.jpg",300,300,true],"woocommerce_single":["https:\/\/detektron.isedd.net\/wp-content\/uploads\/2019\/11\/SEM1600VI-image-set-web-768x816-600x638.jpg",600,638,true],"woocommerce_gallery_thumbnail":["https:\/\/detektron.isedd.net\/wp-content\/uploads\/2019\/11\/SEM1600VI-image-set-web-768x816-100x100.jpg",100,100,true]},"uagb_author_info":{"display_name":"admin","author_link":"https:\/\/detektron.isedd.net\/en\/author\/admin\/"},"uagb_comment_info":0,"uagb_excerpt":"Universeller Signaltransmitter f\u00fcr Strom- und Spannungssignale Akzeptiert interne und externe Stromschleifen am Ein- und Ausgang \u00b150Vdc oder \u00b150 mA Eingang Strom-, Spannungs- oder bipolarer Spannungsausgang Stromversorgung (10 bis 32)Vac \/ (10 bis 48)Vdc 22 Segment Benutzer Linearisierung Live-Daten auf einem Android-Handy oder Tablett anzeigen Galvanische Trennung zwischen Ein- und Ausgang Sensorkalibrierfunktion EAC-Zulassung","featured_img":"https:\/\/detektron.isedd.net\/wp-content\/uploads\/2019\/11\/SEM1600VI-image-set-web-768x816-768x450.jpg","coauthors":[],"author_meta":{"author_link":"https:\/\/detektron.isedd.net\/en\/author\/admin\/","display_name":"admin"},"relative_dates":{"created":"Posted 6 years ago","modified":"Updated 2 years ago"},"absolute_dates":{"created":"Posted on 22. November 2019","modified":"Updated on 7. July 2024"},"absolute_dates_time":{"created":"Posted on 22. November 2019 21:41","modified":"Updated on 7. July 2024 20:57"},"featured_img_caption":"DIN-Schienen-Messumformer SEM1600VI","tax_additional":{"product_brand":{"linked":[],"unlinked":[],"slug":"product_brand","name":"Brands"},"product_type":{"linked":["<a href=\"https:\/\/detektron.isedd.net\/en\/?taxonomy=product_type&#038;term=simple\" class=\"advgb-post-tax-term\">simple<\/a>"],"unlinked":["<span class=\"advgb-post-tax-term\">simple<\/span>"],"slug":"product_type","name":"Product type"},"product_visibility":{"linked":[],"unlinked":[],"slug":"product_visibility","name":"Product visibility"},"product_cat":{"linked":["<a href=\"https:\/\/detektron.isedd.net\/en\/product-category\/industrieelektronik\/\" class=\"advgb-post-tax-term\">Industrieelektronik<\/a>","<a href=\"https:\/\/detektron.isedd.net\/en\/product-category\/industrieelektronik\/temperaturmessumformer\/\" class=\"advgb-post-tax-term\">Temperatur-Messumformer<\/a>","<a href=\"https:\/\/detektron.isedd.net\/en\/product-category\/industrieelektronik\/temperaturmessumformer\/schienentransmitter\/\" class=\"advgb-post-tax-term\">Schienenmontage<\/a>","<a href=\"https:\/\/detektron.isedd.net\/en\/product-category\/industrieelektronik\/trennverstaerker\/\" class=\"advgb-post-tax-term\">Trennverst\u00e4rker<\/a>"],"unlinked":["<span class=\"advgb-post-tax-term\">Industrieelektronik<\/span>","<span class=\"advgb-post-tax-term\">Temperatur-Messumformer<\/span>","<span class=\"advgb-post-tax-term\">Schienenmontage<\/span>","<span class=\"advgb-post-tax-term\">Trennverst\u00e4rker<\/span>"],"slug":"product_cat","name":"Product categories"},"product_tag":{"linked":["<a href=\"https:\/\/detektron.isedd.net\/en\/product-tag\/4-20ma\/\" class=\"advgb-post-tax-term\">(4-20)mA<\/a>","<a href=\"https:\/\/detektron.isedd.net\/en\/product-tag\/galvanische-trennung\/\" class=\"advgb-post-tax-term\">Galvanische Trennung<\/a>","<a href=\"https:\/\/detektron.isedd.net\/en\/product-tag\/messumformer\/\" class=\"advgb-post-tax-term\">Messumformer<\/a>","<a href=\"https:\/\/detektron.isedd.net\/en\/product-tag\/programmierbar\/\" class=\"advgb-post-tax-term\">Programmierbar<\/a>","<a href=\"https:\/\/detektron.isedd.net\/en\/product-tag\/spannungsausgang\/\" class=\"advgb-post-tax-term\">Spannungsausgang<\/a>","<a href=\"https:\/\/detektron.isedd.net\/en\/product-tag\/spannungseingang\/\" class=\"advgb-post-tax-term\">Spannungseingang<\/a>"],"unlinked":["<span class=\"advgb-post-tax-term\">(4-20)mA<\/span>","<span class=\"advgb-post-tax-term\">Galvanische Trennung<\/span>","<span class=\"advgb-post-tax-term\">Messumformer<\/span>","<span class=\"advgb-post-tax-term\">Programmierbar<\/span>","<span class=\"advgb-post-tax-term\">Spannungsausgang<\/span>","<span class=\"advgb-post-tax-term\">Spannungseingang<\/span>"],"slug":"product_tag","name":"Product tags"},"product_shipping_class":{"linked":[],"unlinked":[],"slug":"product_shipping_class","name":"Product shipping classes"},"pa_brand":{"linked":[],"unlinked":[],"slug":"pa_brand","name":"Product Marke"},"product_delivery_time":{"linked":[],"unlinked":[],"slug":"product_delivery_time","name":"Product Delivery Times"},"product_unit":{"linked":[],"unlinked":[],"slug":"product_unit","name":"Units"},"product_manufacturer":{"linked":[],"unlinked":[],"slug":"product_manufacturer","name":"Manufacturers"},"product_price_label":{"linked":[],"unlinked":[],"slug":"product_price_label","name":"Price Labels"},"product_deposit_type":{"linked":[],"unlinked":[],"slug":"product_deposit_type","name":"Product Deposit Types"},"product_nutrient":{"linked":[],"unlinked":[],"slug":"product_nutrient","name":"Product Nutrients"},"product_allergen":{"linked":[],"unlinked":[],"slug":"product_allergen","name":"Product Allergenic"}},"series_order":"","_links":{"self":[{"href":"https:\/\/detektron.isedd.net\/en\/wp-json\/wp\/v2\/product\/1228","targetHints":{"allow":["GET"]}}],"collection":[{"href":"https:\/\/detektron.isedd.net\/en\/wp-json\/wp\/v2\/product"}],"about":[{"href":"https:\/\/detektron.isedd.net\/en\/wp-json\/wp\/v2\/types\/product"}],"wp:featuredmedia":[{"embeddable":true,"href":"https:\/\/detektron.isedd.net\/en\/wp-json\/wp\/v2\/media\/1230"}],"wp:attachment":[{"href":"https:\/\/detektron.isedd.net\/en\/wp-json\/wp\/v2\/media?parent=1228"}],"wp:term":[{"taxonomy":"product_brand","embeddable":true,"href":"https:\/\/detektron.isedd.net\/en\/wp-json\/wp\/v2\/product_brand?post=1228"},{"taxonomy":"product_cat","embeddable":true,"href":"https:\/\/detektron.isedd.net\/en\/wp-json\/wp\/v2\/product_cat?post=1228"},{"taxonomy":"product_tag","embeddable":true,"href":"https:\/\/detektron.isedd.net\/en\/wp-json\/wp\/v2\/product_tag?post=1228"}],"curies":[{"name":"wp","href":"https:\/\/api.w.org\/{rel}","templated":true}]}}