{"id":1266,"date":"2019-11-24T10:22:32","date_gmt":"2019-11-24T10:22:32","guid":{"rendered":"http:\/\/detektron.isedd.net\/?post_type=product&#038;p=1266"},"modified":"2024-07-07T20:57:04","modified_gmt":"2024-07-07T20:57:04","slug":"sem1636","status":"publish","type":"product","link":"https:\/\/detektron.isedd.net\/en\/product\/sem1636\/","title":{"rendered":"Stromschleifentransmitter mit Relaisausgang &#8211; SEM1636"},"content":{"rendered":"<p>Der Messumformer SEM1636 \u00fcberwacht eine (4 bis 20)mA-Stromschleife und bietet zwei unabh\u00e4ngige Relais mit Wechselkontakt, die so konfiguriert werden k\u00f6nnen sind, dass sie an jedem Punkt innerhalb des (4 bis 20)mA-Bereichs ausl\u00f6sen. Der SEM1636 ben\u00f6tigt keinen zus\u00e4tzlichen Stromanschluss, da die Stromversorgung aus der (4 bis 20)mA-Stromschleife am Eingang erfolgt. Die Schaltausg\u00e4nge k\u00f6nnen unabh\u00e4ngig voneinander f\u00fcr Schwellwerte, Sollwerte oder Totzonen konfiguriert werden. Sechs Funktionsvarianten stehen zur Verf\u00fcgung: Maximalwert\/Minimalwert\/Abweichung und die jeweils invertierte Funktion. Zus\u00e4tzliche Filter mit mathematischer Signalbewertung sowie anwendungsspezifische Linearisierungsfunktionen sind verf\u00fcgbar.<\/p>\n<p>Der Messumformer verf\u00fcgt \u00fcber eine USB-Standardschnittstelle und kann mit der kostenlosen Konfigurationssoftware &#8222;USB-Speedlink&#8220; programmiert werden. W\u00e4hrend der Konfiguration wird der Messumformer \u00fcber die USB-Schnittstelle versorgt und kann so auch vor Installation vorbereitet werden.<\/p>\n<p>Die galvanische Trennung ist bei diesem Messumformer Standard um m\u00f6gliche Erdschleifeneffekte zu vermeiden.<\/p>\n<p>Ist die gew\u00fcnschte Spezifikation bei Bestellung bekannt, k\u00f6nnen wir das Produkt f\u00fcr Sie konfigurieren.<\/p>\n<hr \/>\n<p><strong>HIGHLIGHTS<\/strong><\/p>\n<p>ALARMOPTIONEN<br \/>\nBeide Relais sind unabh\u00e4ngig voneinander einstellbar und verf\u00fcgen \u00fcber mehrere Alarmoptionen. Hoch-, Tief-, Umkehr- und Abweichungsbandalarme sind mit Sollwert- und Totbandverstellung verf\u00fcgbar.<\/p>\n<p>MATHEMATIKFUNKTIONEN<br \/>\nDas SEM1636 verf\u00fcgt neben der Eingangsskalierung \u00fcber Quadrier- und Radizier-Funktionen sowie ein 22-Punkte-Linearisierungstool.<\/p>\n<p>LED-ANZEIGE<br \/>\nRelais 1 und Relais 2 verf\u00fcgen jeweils \u00fcber eine Alarmanzeige-LED auf der Vorderseite des Ger\u00e4tes.<\/p>\n<p>GERINGER LEISTUNGSBEDARF<br \/>\nDer SEM1636 wird aus der (4 bis 20)mA-Schleife mit einem Spannungsabfall von weniger als 5 Volt versorgt.<\/p>\n<p>USB PC KONFIGURATION<br \/>\nDas SEM1636 l\u00e4sst sich schnell und einfach \u00fcber ein Standard USB-Kabel und die kostenlose USB-SpeedLink Windows-Software konfigurieren.<\/p>\n<p>USB ANDROID VIEW<br \/>\nDer SEM1636 kann \u00fcber einen OTG-USB-Adapter an ein Android-Telefon oder Tablett angeschlossen werden. Durch den Betrieb einer kostenlosen App kann das Android-Ger\u00e4t dann zum Anzeigen von Live-Daten aus dem SEM1636 verwendet werden.<\/p>\n<hr \/>\n<p>TECHNISCHE DATEN<\/p>\n\n<table id=\"tablepress-39\" class=\"tablepress tablepress-id-39\">\n<thead>\n<tr class=\"row-1\">\n\t<th class=\"column-1\">Type \/ Funktion<\/th><th class=\"column-2\">Bereich \/ Beschreibung<\/th>\n<\/tr>\n<\/thead>\n<tbody class=\"row-striping row-hover\">\n<tr class=\"row-2\">\n\t<td class=\"column-1\">Eingang<\/td><td class=\"column-2\">(4 bis 20)mA - passiv<\/td>\n<\/tr>\n<tr class=\"row-3\">\n\t<td class=\"column-1\">Ausgang<\/td><td class=\"column-2\">2x Wechsler - 1A@250Vac \/ 1A@30Vdc<\/td>\n<\/tr>\n<tr class=\"row-4\">\n\t<td class=\"column-1\">Galvanische Trennung<\/td><td class=\"column-2\">Ja - 3750Vac - Relais<\/td>\n<\/tr>\n<tr class=\"row-5\">\n\t<td class=\"column-1\">Kundenspezifische Linearisierung<\/td><td class=\"column-2\">Ja<\/td>\n<\/tr>\n<tr class=\"row-6\">\n\t<td class=\"column-1\">Nullpunkt-\/Messbereichsabgleich<\/td><td class=\"column-2\">Nein<\/td>\n<\/tr>\n<tr class=\"row-7\">\n\t<td class=\"column-1\">Offseteinstellung<\/td><td class=\"column-2\">Nein<\/td>\n<\/tr>\n<tr class=\"row-8\">\n\t<td class=\"column-1\">Spannungsversorgung<\/td><td class=\"column-2\">(4 bis 20)mA-Stromschleife<\/td>\n<\/tr>\n<tr class=\"row-9\">\n\t<td class=\"column-1\">Schleifenversorgung<\/td><td class=\"column-2\">Nein<\/td>\n<\/tr>\n<tr class=\"row-10\">\n\t<td class=\"column-1\">Sensorversorgung<\/td><td class=\"column-2\">Nein<\/td>\n<\/tr>\n<tr class=\"row-11\">\n\t<td class=\"column-1\">Umgebungstemperatur<\/td><td class=\"column-2\">(-30 bis +70)\u00b0C<\/td>\n<\/tr>\n<tr class=\"row-12\">\n\t<td class=\"column-1\">Konfiguration<\/td><td class=\"column-2\">PC<\/td>\n<\/tr>\n<tr class=\"row-13\">\n\t<td class=\"column-1\">Summierung<\/td><td class=\"column-2\">Nein<\/td>\n<\/tr>\n<tr class=\"row-14\">\n\t<td class=\"column-1\">Mathematische Funktionen<\/td><td class=\"column-2\">Ja<\/td>\n<\/tr>\n<tr class=\"row-15\">\n\t<td class=\"column-1\">Abmessungen<\/td><td class=\"column-2\">Breite 17,5mm<\/td>\n<\/tr>\n<tr class=\"row-16\">\n\t<td class=\"column-1\">Zulassungen<\/td><td class=\"column-2\">EMV EN 61326<br \/>\nCE<\/td>\n<\/tr>\n<\/tbody>\n<\/table>\n<!-- #tablepress-39 from cache -->","protected":false},"excerpt":{"rendered":"<p>Stromschleifentransmitter mit Relaisausgang<\/p>\n<ul>\n<li>Zwei Wechsel-Relaisausg\u00e4ne<\/li>\n<li>Relaisleistung 1A@250Vac; 1A@30Vdc<\/li>\n<li>Selbsthaltung der Relais bei Stromschleifenausfall<\/li>\n<li>Stromversorgung aus 4\/20mA Stromschleife<\/li>\n<li>LED Alarmanzeige<\/li>\n<li>Live-Datenanzeige auf einem Android-Handy oder -Tablett<\/li>\n<\/ul>","protected":false},"author":1,"featured_media":1267,"template":"","meta":{"_editorskit_title_hidden":false,"_editorskit_reading_time":0,"_editorskit_is_block_options_detached":false,"_editorskit_block_options_position":"{}","_coblocks_attr":"","_coblocks_dimensions":"","_coblocks_responsive_height":"","_coblocks_accordion_ie_support":"","_uag_custom_page_level_css":"","ub_ctt_via":"","advgb_blocks_editor_width":"","advgb_blocks_columns_visual_guide":"","_themeisle_gutenberg_block_has_review":false},"product_brand":[],"product_cat":[60,89],"product_tag":[88,90,92,65,71,106,97],"class_list":{"0":"post-1266","1":"product","2":"type-product","3":"status-publish","4":"has-post-thumbnail","6":"product_cat-industrieelektronik","7":"product_cat-schienentransmitter","8":"product_tag-4-20ma","9":"product_tag-din-schiene","10":"product_tag-galvanische-trennung","11":"product_tag-messumformer","12":"product_tag-programmierbar","13":"product_tag-relaisausgang","14":"product_tag-signalwandler","16":"first","17":"instock","18":"shipping-taxable","19":"product-type-simple"},"pbg_featured_image_src":{"full":["https:\/\/detektron.isedd.net\/wp-content\/uploads\/2019\/11\/SEM1636-image-set-web-768x816.jpg",768,816,false],"thumbnail":["https:\/\/detektron.isedd.net\/wp-content\/uploads\/2019\/11\/SEM1636-image-set-web-768x816-150x150.jpg",150,150,true],"medium":["https:\/\/detektron.isedd.net\/wp-content\/uploads\/2019\/11\/SEM1636-image-set-web-768x816-282x300.jpg",282,300,true],"medium_large":["https:\/\/detektron.isedd.net\/wp-content\/uploads\/2019\/11\/SEM1636-image-set-web-768x816.jpg",730,776,false],"large":["https:\/\/detektron.isedd.net\/wp-content\/uploads\/2019\/11\/SEM1636-image-set-web-768x816.jpg",730,776,false],"1536x1536":["https:\/\/detektron.isedd.net\/wp-content\/uploads\/2019\/11\/SEM1636-image-set-web-768x816.jpg",768,816,false],"2048x2048":["https:\/\/detektron.isedd.net\/wp-content\/uploads\/2019\/11\/SEM1636-image-set-web-768x816.jpg",768,816,false],"trp-custom-language-flag":["https:\/\/detektron.isedd.net\/wp-content\/uploads\/2019\/11\/SEM1636-image-set-web-768x816.jpg",11,12,false],"ab-block-post-grid-landscape":["https:\/\/detektron.isedd.net\/wp-content\/uploads\/2019\/11\/SEM1636-image-set-web-768x816-600x400.jpg",600,400,true],"ab-block-post-grid-square":["https:\/\/detektron.isedd.net\/wp-content\/uploads\/2019\/11\/SEM1636-image-set-web-768x816-600x600.jpg",600,600,true],"wpca-thumb":["https:\/\/detektron.isedd.net\/wp-content\/uploads\/2019\/11\/SEM1636-image-set-web-768x816-220x150.jpg",220,150,true],"gb-block-post-grid-landscape":["https:\/\/detektron.isedd.net\/wp-content\/uploads\/2019\/11\/SEM1636-image-set-web-768x816.jpg",376,400,false],"gb-block-post-grid-square":["https:\/\/detektron.isedd.net\/wp-content\/uploads\/2019\/11\/SEM1636-image-set-web-768x816.jpg",565,600,false],"post-thumbnail":["https:\/\/detektron.isedd.net\/wp-content\/uploads\/2019\/11\/SEM1636-image-set-web-768x816-768x450.jpg",768,450,true],"di-business-recentpostthumb":["https:\/\/detektron.isedd.net\/wp-content\/uploads\/2019\/11\/SEM1636-image-set-web-768x816-90x90.jpg",90,90,true],"woocommerce_thumbnail":["https:\/\/detektron.isedd.net\/wp-content\/uploads\/2019\/11\/SEM1636-image-set-web-768x816-300x300.jpg",300,300,true],"woocommerce_single":["https:\/\/detektron.isedd.net\/wp-content\/uploads\/2019\/11\/SEM1636-image-set-web-768x816-600x638.jpg",600,638,true],"woocommerce_gallery_thumbnail":["https:\/\/detektron.isedd.net\/wp-content\/uploads\/2019\/11\/SEM1636-image-set-web-768x816-100x100.jpg",100,100,true]},"pbg_author_info":{"display_name":"admin","author_link":"https:\/\/detektron.isedd.net\/en\/author\/admin\/","author_img":false},"pbg_comment_info":" No Comments","pbg_excerpt":"Stromschleifentransmitter mit Relaisausgang Zwei Wechsel-Relaisausg\u00e4ne Relaisleistung 1A@250Vac; 1A@30Vdc Selbsthaltung der Relais bei Stromschleifenausfall Stromversorgung aus 4\/20mA Stromschleife LED Alarmanzeige Live-Datenanzeige auf einem Android-Handy oder -Tablett","uagb_featured_image_src":{"full":["https:\/\/detektron.isedd.net\/wp-content\/uploads\/2019\/11\/SEM1636-image-set-web-768x816.jpg",768,816,false],"thumbnail":["https:\/\/detektron.isedd.net\/wp-content\/uploads\/2019\/11\/SEM1636-image-set-web-768x816-150x150.jpg",150,150,true],"medium":["https:\/\/detektron.isedd.net\/wp-content\/uploads\/2019\/11\/SEM1636-image-set-web-768x816-282x300.jpg",282,300,true],"medium_large":["https:\/\/detektron.isedd.net\/wp-content\/uploads\/2019\/11\/SEM1636-image-set-web-768x816.jpg",730,776,false],"large":["https:\/\/detektron.isedd.net\/wp-content\/uploads\/2019\/11\/SEM1636-image-set-web-768x816.jpg",730,776,false],"1536x1536":["https:\/\/detektron.isedd.net\/wp-content\/uploads\/2019\/11\/SEM1636-image-set-web-768x816.jpg",768,816,false],"2048x2048":["https:\/\/detektron.isedd.net\/wp-content\/uploads\/2019\/11\/SEM1636-image-set-web-768x816.jpg",768,816,false],"trp-custom-language-flag":["https:\/\/detektron.isedd.net\/wp-content\/uploads\/2019\/11\/SEM1636-image-set-web-768x816.jpg",11,12,false],"ab-block-post-grid-landscape":["https:\/\/detektron.isedd.net\/wp-content\/uploads\/2019\/11\/SEM1636-image-set-web-768x816-600x400.jpg",600,400,true],"ab-block-post-grid-square":["https:\/\/detektron.isedd.net\/wp-content\/uploads\/2019\/11\/SEM1636-image-set-web-768x816-600x600.jpg",600,600,true],"wpca-thumb":["https:\/\/detektron.isedd.net\/wp-content\/uploads\/2019\/11\/SEM1636-image-set-web-768x816-220x150.jpg",220,150,true],"gb-block-post-grid-landscape":["https:\/\/detektron.isedd.net\/wp-content\/uploads\/2019\/11\/SEM1636-image-set-web-768x816.jpg",376,400,false],"gb-block-post-grid-square":["https:\/\/detektron.isedd.net\/wp-content\/uploads\/2019\/11\/SEM1636-image-set-web-768x816.jpg",565,600,false],"post-thumbnail":["https:\/\/detektron.isedd.net\/wp-content\/uploads\/2019\/11\/SEM1636-image-set-web-768x816-768x450.jpg",768,450,true],"di-business-recentpostthumb":["https:\/\/detektron.isedd.net\/wp-content\/uploads\/2019\/11\/SEM1636-image-set-web-768x816-90x90.jpg",90,90,true],"woocommerce_thumbnail":["https:\/\/detektron.isedd.net\/wp-content\/uploads\/2019\/11\/SEM1636-image-set-web-768x816-300x300.jpg",300,300,true],"woocommerce_single":["https:\/\/detektron.isedd.net\/wp-content\/uploads\/2019\/11\/SEM1636-image-set-web-768x816-600x638.jpg",600,638,true],"woocommerce_gallery_thumbnail":["https:\/\/detektron.isedd.net\/wp-content\/uploads\/2019\/11\/SEM1636-image-set-web-768x816-100x100.jpg",100,100,true]},"uagb_author_info":{"display_name":"admin","author_link":"https:\/\/detektron.isedd.net\/en\/author\/admin\/"},"uagb_comment_info":0,"uagb_excerpt":"Stromschleifentransmitter mit Relaisausgang Zwei Wechsel-Relaisausg\u00e4ne Relaisleistung 1A@250Vac; 1A@30Vdc Selbsthaltung der Relais bei Stromschleifenausfall Stromversorgung aus 4\/20mA Stromschleife LED Alarmanzeige Live-Datenanzeige auf einem Android-Handy oder -Tablett","featured_img":"https:\/\/detektron.isedd.net\/wp-content\/uploads\/2019\/11\/SEM1636-image-set-web-768x816-768x450.jpg","coauthors":[],"author_meta":{"author_link":"https:\/\/detektron.isedd.net\/en\/author\/admin\/","display_name":"admin"},"relative_dates":{"created":"Posted 6 years ago","modified":"Updated 2 years ago"},"absolute_dates":{"created":"Posted on 24. November 2019","modified":"Updated on 7. July 2024"},"absolute_dates_time":{"created":"Posted on 24. November 2019 10:22","modified":"Updated on 7. July 2024 20:57"},"featured_img_caption":"DIN-Schienen-Messumformer SEM1636","tax_additional":{"product_brand":{"linked":[],"unlinked":[],"slug":"product_brand","name":"Brands"},"product_type":{"linked":["<a href=\"https:\/\/detektron.isedd.net\/en\/?taxonomy=product_type&#038;term=simple\" class=\"advgb-post-tax-term\">simple<\/a>"],"unlinked":["<span class=\"advgb-post-tax-term\">simple<\/span>"],"slug":"product_type","name":"Product type"},"product_visibility":{"linked":[],"unlinked":[],"slug":"product_visibility","name":"Product visibility"},"product_cat":{"linked":["<a href=\"https:\/\/detektron.isedd.net\/en\/product-category\/industrieelektronik\/\" class=\"advgb-post-tax-term\">Industrieelektronik<\/a>","<a href=\"https:\/\/detektron.isedd.net\/en\/product-category\/industrieelektronik\/temperaturmessumformer\/schienentransmitter\/\" class=\"advgb-post-tax-term\">Schienenmontage<\/a>"],"unlinked":["<span class=\"advgb-post-tax-term\">Industrieelektronik<\/span>","<span class=\"advgb-post-tax-term\">Schienenmontage<\/span>"],"slug":"product_cat","name":"Product categories"},"product_tag":{"linked":["<a href=\"https:\/\/detektron.isedd.net\/en\/product-tag\/4-20ma\/\" class=\"advgb-post-tax-term\">(4-20)mA<\/a>","<a href=\"https:\/\/detektron.isedd.net\/en\/product-tag\/din-schiene\/\" class=\"advgb-post-tax-term\">DIN-Schiene<\/a>","<a href=\"https:\/\/detektron.isedd.net\/en\/product-tag\/galvanische-trennung\/\" class=\"advgb-post-tax-term\">Galvanische Trennung<\/a>","<a href=\"https:\/\/detektron.isedd.net\/en\/product-tag\/messumformer\/\" class=\"advgb-post-tax-term\">Messumformer<\/a>","<a href=\"https:\/\/detektron.isedd.net\/en\/product-tag\/programmierbar\/\" class=\"advgb-post-tax-term\">Programmierbar<\/a>","<a href=\"https:\/\/detektron.isedd.net\/en\/product-tag\/relaisausgang\/\" class=\"advgb-post-tax-term\">Relaisausgang<\/a>","<a href=\"https:\/\/detektron.isedd.net\/en\/product-tag\/signalwandler\/\" class=\"advgb-post-tax-term\">Signalwandler<\/a>"],"unlinked":["<span class=\"advgb-post-tax-term\">(4-20)mA<\/span>","<span class=\"advgb-post-tax-term\">DIN-Schiene<\/span>","<span class=\"advgb-post-tax-term\">Galvanische Trennung<\/span>","<span class=\"advgb-post-tax-term\">Messumformer<\/span>","<span class=\"advgb-post-tax-term\">Programmierbar<\/span>","<span class=\"advgb-post-tax-term\">Relaisausgang<\/span>","<span class=\"advgb-post-tax-term\">Signalwandler<\/span>"],"slug":"product_tag","name":"Product tags"},"product_shipping_class":{"linked":[],"unlinked":[],"slug":"product_shipping_class","name":"Product shipping classes"},"pa_brand":{"linked":[],"unlinked":[],"slug":"pa_brand","name":"Product Marke"},"product_delivery_time":{"linked":[],"unlinked":[],"slug":"product_delivery_time","name":"Product Delivery Times"},"product_unit":{"linked":[],"unlinked":[],"slug":"product_unit","name":"Units"},"product_manufacturer":{"linked":[],"unlinked":[],"slug":"product_manufacturer","name":"Manufacturers"},"product_price_label":{"linked":[],"unlinked":[],"slug":"product_price_label","name":"Price Labels"},"product_deposit_type":{"linked":[],"unlinked":[],"slug":"product_deposit_type","name":"Product Deposit Types"},"product_nutrient":{"linked":[],"unlinked":[],"slug":"product_nutrient","name":"Product Nutrients"},"product_allergen":{"linked":[],"unlinked":[],"slug":"product_allergen","name":"Product Allergenic"}},"series_order":"","_links":{"self":[{"href":"https:\/\/detektron.isedd.net\/en\/wp-json\/wp\/v2\/product\/1266","targetHints":{"allow":["GET"]}}],"collection":[{"href":"https:\/\/detektron.isedd.net\/en\/wp-json\/wp\/v2\/product"}],"about":[{"href":"https:\/\/detektron.isedd.net\/en\/wp-json\/wp\/v2\/types\/product"}],"wp:featuredmedia":[{"embeddable":true,"href":"https:\/\/detektron.isedd.net\/en\/wp-json\/wp\/v2\/media\/1267"}],"wp:attachment":[{"href":"https:\/\/detektron.isedd.net\/en\/wp-json\/wp\/v2\/media?parent=1266"}],"wp:term":[{"taxonomy":"product_brand","embeddable":true,"href":"https:\/\/detektron.isedd.net\/en\/wp-json\/wp\/v2\/product_brand?post=1266"},{"taxonomy":"product_cat","embeddable":true,"href":"https:\/\/detektron.isedd.net\/en\/wp-json\/wp\/v2\/product_cat?post=1266"},{"taxonomy":"product_tag","embeddable":true,"href":"https:\/\/detektron.isedd.net\/en\/wp-json\/wp\/v2\/product_tag?post=1266"}],"curies":[{"name":"wp","href":"https:\/\/api.w.org\/{rel}","templated":true}]}}