{"id":1284,"date":"2019-11-24T16:12:48","date_gmt":"2019-11-24T16:12:48","guid":{"rendered":"http:\/\/detektron.isedd.net\/?post_type=product&#038;p=1284"},"modified":"2024-07-07T20:57:04","modified_gmt":"2024-07-07T20:57:04","slug":"sem1600f","status":"publish","type":"product","link":"https:\/\/detektron.isedd.net\/en\/product\/sem1600f\/","title":{"rendered":"Transmitter f\u00fcr Sensoren mit Frequenzausgang &#8211; SEM1600F"},"content":{"rendered":"<p>Dieser Messumformer akzeptiert Frequenz- und Impulssensorausg\u00e4nge mit einem Frequenzbereich zwischen (0,01 bis 65.000)Hz in der Standardkonfiguration als Frequenzmesser und (DC bis 1.000)Hz im Z\u00e4hlmodus. Typische Anwendungen sind die Messung von Durchfluss oder das Z\u00e4hlen von Chargen.<\/p>\n<p>Der SEM1600F verf\u00fcgt \u00fcber die integrierte F\u00e4higkeit, als Zweifacheingang mit einer differentiellen Durchfluss-\/Z\u00e4hlmessung mit erweiterten Mathematikfunktionen zu arbeiten. Oder auch als einkanaliger Messumformer mit einem externen Reset-Kontakt.<\/p>\n<p>In der einkanaligen Betriebsart kann der diskrete Eingang programmiert werden, um den Gesamtz\u00e4hler, den Batchz\u00e4hler oder das verriegelte Relais zur\u00fcckzusetzen. Der Eingang kann auch so programmiert werden, dass er die Gesamtz\u00e4hlrichtung steuert, wobei eine Kombination aus Count-up-, Count-Down- oder Stopp-Modus verf\u00fcgbar ist.<\/p>\n<p>Der Messumformer verf\u00fcgt \u00fcber eine USB-Standardschnittstelle und kann mit der kostenlosen Konfigurationssoftware &#8222;USB-Speedlink&#8220; programmiert werden.<\/p>\n<p>Die galvanische Trennung ist bei diesem Messumformer Standard um m\u00f6gliche Erdschleifeneffekte zu vermeiden.<\/p>\n<p>Zur Vereinfachung der Anwendung ist serienm\u00e4\u00dfig ein hocheffizientes Schaltnetzteil integriert, das keine Anpassung zwischen AC- und DC-Anwendungen erfordert. Die m\u00f6glichen Betriebsspannungen sind (10 bis 48)Vdc und (10 bis 32)Vac.<\/p>\n<p>Ist die gew\u00fcnschte Spezifikation bei Bestellung bekannt, k\u00f6nnen wir das Produkt f\u00fcr Sie konfigurieren.<\/p>\n<hr \/>\n<p><strong>HIGHLIGHTS<\/strong><\/p>\n<p>DREI BETRIEBSARTEN<\/p>\n<ul>\n<li>Basisfrequenzmodus zum Prozess-Signalmodus, Analog- und Relaisausg\u00e4nge.<\/li>\n<li>Erweiterter Frequenzmodus mit K-Faktor, M-Faktor, Summieren, Rate, Mathematikfunktionen, Prozesssignal, 12-Punkt-Benutzerlinearisierung f\u00fcr Kanal A mit Z\u00e4hlerkorrektur, Analog- und Relaisausg\u00e4nge.<\/li>\n<li>Impulsz\u00e4hler-Modus mit K-Faktor, Summieren, Mathematikfunktionen, Prozesssignal, Analog- und Relaisausg\u00e4nge.<\/li>\n<\/ul>\n<p>USB PC KONFIGURATION<br \/>\nDer Messumformer verf\u00fcgt \u00fcber einen USB-Anschluss zur Konfiguration sowie \u00fcber ein einfach zu bedienendes, men\u00fcgesteuertes Software-Konfigurationstool, mit dem der Anwender die Vorteile der umfassenden Ger\u00e4tem\u00f6glichkeiten nutzen kann. Dar\u00fcber hinaus kann der Benutzer bei Verbindung mit dem PC Prozessdaten live sehen und so einfach Offset und Messbereich kalibrieren.<\/p>\n<p>ANALOGAUSGANG<br \/>\nDie Ausgangsstufe bietet entweder unipolare Spannung, bipolare Spannung oder aktive\/passive Stromschleifensignale. Das Ausgangssignal innerhalb des Stellbereiches beliebig positioniert werden.<\/p>\n<p>RELAISAUSGANG<br \/>\nEin potentialfreier Wechsler kann entweder als Grenzwertrelais, verriegeltes Relais oder gepulstes Relais arbeiten. Grenzwerte k\u00f6nnen dabei aus summierten Werten, Frequenzen oder anderen mathematisch definierten Algorithmen gebildet werden.<\/p>\n<p>SKALIERUNG DER SIGNAL\u00dcBERTRAGUNG<br \/>\nDer Eingangssignalbereich f\u00fcr die \u00dcbertragung kann beliebig im Eingangsmessbereich liegen. Der Ausgangssignalbereich kann aus jedem Teil des gesamten Ausgangsstellbereich ausgew\u00e4hlt werden, z.B. (0 bis 12)Liter\/Minute Eingang auf (1 bis 5)mA Ausgang.<\/p>\n<p>USB-KONFIGURATION<br \/>\nDer SEM1600F muss w\u00e4hrend der Konfiguration nicht mit einem Netzteil verbunden werden; er wird (nur zur Programmierung) \u00fcber die USB-Schnittstelle von einem PC aus mit Strom versorgt.<\/p>\n<p>USB ANDROID VIEW<br \/>\nDer SEM1600F kann \u00fcber einen OTG-USB-Adapter an ein Android-Telefon oder -Tablett angeschlossen werden. Mit Hilfe der kostenlos verf\u00fcgbaren App kann das Android-Ger\u00e4t dann zum Anzeigen von Live-Daten aus dem SEM1600F verwendet werden.<\/p>\n<hr \/>\n<p>TECHNISCHE DATEN<\/p>\n\n<table id=\"tablepress-41\" class=\"tablepress tablepress-id-41\">\n<thead>\n<tr class=\"row-1\">\n\t<th class=\"column-1\">Type \/ Funktion<\/th><th class=\"column-2\">Bereich \/ Beschreibung<\/th>\n<\/tr>\n<\/thead>\n<tbody class=\"row-striping row-hover\">\n<tr class=\"row-2\">\n\t<td class=\"column-1\">Eingang<\/td><td class=\"column-2\">Frequenzen 0,01Hz bis 65kHz<br \/>\nZ\u00e4hlpulse DC bis 1kHz<\/td>\n<\/tr>\n<tr class=\"row-3\">\n\t<td class=\"column-1\">Ausgang<\/td><td class=\"column-2\">(0\/4 bis 20)mA - aktiv\/passiv<br \/>\n(0 bis 10)V<br \/>\n(-10 bis +10)V<br \/>\nRelais<\/td>\n<\/tr>\n<tr class=\"row-4\">\n\t<td class=\"column-1\">Galvanische Trennung<\/td><td class=\"column-2\">Ja - 500Vdc<\/td>\n<\/tr>\n<tr class=\"row-5\">\n\t<td class=\"column-1\">Kundenspezifische Linearisierung<\/td><td class=\"column-2\">Ja<\/td>\n<\/tr>\n<tr class=\"row-6\">\n\t<td class=\"column-1\">Nullpunkt-\/Messbereichsabgleich<\/td><td class=\"column-2\">Ja<\/td>\n<\/tr>\n<tr class=\"row-7\">\n\t<td class=\"column-1\">Offseteinstellung<\/td><td class=\"column-2\">Nein<\/td>\n<\/tr>\n<tr class=\"row-8\">\n\t<td class=\"column-1\">Spannungsversorgung<\/td><td class=\"column-2\">Universell - (10 bis 48)Vdc - (10 bis 32)Vac<\/td>\n<\/tr>\n<tr class=\"row-9\">\n\t<td class=\"column-1\">Schleifenversorgung<\/td><td class=\"column-2\">Ja - Ausgang<\/td>\n<\/tr>\n<tr class=\"row-10\">\n\t<td class=\"column-1\">Sensorversorgung<\/td><td class=\"column-2\">Ja<\/td>\n<\/tr>\n<tr class=\"row-11\">\n\t<td class=\"column-1\">Umgebungstemperatur<\/td><td class=\"column-2\">(-30 bis +70)\u00b0C<\/td>\n<\/tr>\n<tr class=\"row-12\">\n\t<td class=\"column-1\">Konfiguration<\/td><td class=\"column-2\">PC<\/td>\n<\/tr>\n<tr class=\"row-13\">\n\t<td class=\"column-1\">Summierung<\/td><td class=\"column-2\">Ja<\/td>\n<\/tr>\n<tr class=\"row-14\">\n\t<td class=\"column-1\">Mathematische Funktionen<\/td><td class=\"column-2\">Ja<\/td>\n<\/tr>\n<tr class=\"row-15\">\n\t<td class=\"column-1\">Abmessungen<\/td><td class=\"column-2\">Breite 17,5mm<\/td>\n<\/tr>\n<tr class=\"row-16\">\n\t<td class=\"column-1\">Zulassungen<\/td><td class=\"column-2\">EMV EN 61326<br \/>\nCE<\/td>\n<\/tr>\n<\/tbody>\n<\/table>\n<!-- #tablepress-41 from cache -->","protected":false},"excerpt":{"rendered":"<p>Universeller Transmitter mit Strom-, Spannungs- und Relaisausgang f\u00fcr Frequenz- und Pulssignale<\/p>\n<ul>\n<li>Einfache oder doppelte Frequenzeing\u00e4nge<\/li>\n<li>Integrierte Sensorversorgung<\/li>\n<li>Frequenzmessung von 0,01Hz bis 65kHz<\/li>\n<li>Z\u00e4hlfunktion von DC (0Hz) bis 1kHz<\/li>\n<li>Bewertung nach Frequenz, Summe, K-Faktor, M-Faktor oder andere mathematisch definierte Funktion<\/li>\n<li>Relaisausgang &#8211; Wechsler &#8211; 0,5A@24Vdc<\/li>\n<li>Strom-, Spannungs- oder bipolarer Spannungsausgang<\/li>\n<li>Stromversorgung (10 bis 32)Vac \/ (10 bis 48)Vdc<\/li>\n<li>12 Segment Anwender Linearisierung<\/li>\n<li>Live-Daten auf einem Android-Handy oder Tablett anzeigen<\/li>\n<li>Galvanische Trennung zwischen Ein- und Ausgang<\/li>\n<\/ul>","protected":false},"author":1,"featured_media":1287,"template":"","meta":{"_editorskit_title_hidden":false,"_editorskit_reading_time":0,"_editorskit_is_block_options_detached":false,"_editorskit_block_options_position":"{}","_coblocks_attr":"","_coblocks_dimensions":"","_coblocks_responsive_height":"","_coblocks_accordion_ie_support":"","_uag_custom_page_level_css":"","ub_ctt_via":"","advgb_blocks_editor_width":"","advgb_blocks_columns_visual_guide":"","_themeisle_gutenberg_block_has_review":false},"product_brand":[],"product_cat":[60,89,94],"product_tag":[88,116,114,92,65,71,115,106,104],"class_list":{"0":"post-1284","1":"product","2":"type-product","3":"status-publish","4":"has-post-thumbnail","6":"product_cat-industrieelektronik","7":"product_cat-schienentransmitter","8":"product_cat-trennverstaerker","9":"product_tag-4-20ma","10":"product_tag-durchflussmessung","11":"product_tag-frequenzmessung","12":"product_tag-galvanische-trennung","13":"product_tag-messumformer","14":"product_tag-programmierbar","15":"product_tag-pulszaehlung","16":"product_tag-relaisausgang","17":"product_tag-spannungsausgang","19":"first","20":"instock","21":"shipping-taxable","22":"product-type-simple"},"pbg_featured_image_src":{"full":["https:\/\/detektron.isedd.net\/wp-content\/uploads\/2019\/11\/SEM1600F-image-set-web-768x816.jpg",768,816,false],"thumbnail":["https:\/\/detektron.isedd.net\/wp-content\/uploads\/2019\/11\/SEM1600F-image-set-web-768x816-150x150.jpg",150,150,true],"medium":["https:\/\/detektron.isedd.net\/wp-content\/uploads\/2019\/11\/SEM1600F-image-set-web-768x816-282x300.jpg",282,300,true],"medium_large":["https:\/\/detektron.isedd.net\/wp-content\/uploads\/2019\/11\/SEM1600F-image-set-web-768x816.jpg",730,776,false],"large":["https:\/\/detektron.isedd.net\/wp-content\/uploads\/2019\/11\/SEM1600F-image-set-web-768x816.jpg",730,776,false],"1536x1536":["https:\/\/detektron.isedd.net\/wp-content\/uploads\/2019\/11\/SEM1600F-image-set-web-768x816.jpg",768,816,false],"2048x2048":["https:\/\/detektron.isedd.net\/wp-content\/uploads\/2019\/11\/SEM1600F-image-set-web-768x816.jpg",768,816,false],"trp-custom-language-flag":["https:\/\/detektron.isedd.net\/wp-content\/uploads\/2019\/11\/SEM1600F-image-set-web-768x816.jpg",11,12,false],"ab-block-post-grid-landscape":["https:\/\/detektron.isedd.net\/wp-content\/uploads\/2019\/11\/SEM1600F-image-set-web-768x816-600x400.jpg",600,400,true],"ab-block-post-grid-square":["https:\/\/detektron.isedd.net\/wp-content\/uploads\/2019\/11\/SEM1600F-image-set-web-768x816-600x600.jpg",600,600,true],"wpca-thumb":["https:\/\/detektron.isedd.net\/wp-content\/uploads\/2019\/11\/SEM1600F-image-set-web-768x816-220x150.jpg",220,150,true],"gb-block-post-grid-landscape":["https:\/\/detektron.isedd.net\/wp-content\/uploads\/2019\/11\/SEM1600F-image-set-web-768x816.jpg",376,400,false],"gb-block-post-grid-square":["https:\/\/detektron.isedd.net\/wp-content\/uploads\/2019\/11\/SEM1600F-image-set-web-768x816.jpg",565,600,false],"post-thumbnail":["https:\/\/detektron.isedd.net\/wp-content\/uploads\/2019\/11\/SEM1600F-image-set-web-768x816-768x450.jpg",768,450,true],"di-business-recentpostthumb":["https:\/\/detektron.isedd.net\/wp-content\/uploads\/2019\/11\/SEM1600F-image-set-web-768x816-90x90.jpg",90,90,true],"woocommerce_thumbnail":["https:\/\/detektron.isedd.net\/wp-content\/uploads\/2019\/11\/SEM1600F-image-set-web-768x816-300x300.jpg",300,300,true],"woocommerce_single":["https:\/\/detektron.isedd.net\/wp-content\/uploads\/2019\/11\/SEM1600F-image-set-web-768x816-600x638.jpg",600,638,true],"woocommerce_gallery_thumbnail":["https:\/\/detektron.isedd.net\/wp-content\/uploads\/2019\/11\/SEM1600F-image-set-web-768x816-100x100.jpg",100,100,true]},"pbg_author_info":{"display_name":"admin","author_link":"https:\/\/detektron.isedd.net\/en\/author\/admin\/","author_img":false},"pbg_comment_info":" No Comments","pbg_excerpt":"Universeller Transmitter mit Strom-, Spannungs- und Relaisausgang f\u00fcr Frequenz- und Pulssignale Einfache oder doppelte Frequenzeing\u00e4nge Integrierte Sensorversorgung Frequenzmessung von 0,01Hz bis 65kHz Z\u00e4hlfunktion von DC (0Hz) bis 1kHz Bewertung nach Frequenz, Summe, K-Faktor, M-Faktor oder andere mathematisch definierte Funktion Relaisausgang - Wechsler - 0,5A@24Vdc Strom-, Spannungs- oder bipolarer Spannungsausgang Stromversorgung (10 bis 32)Vac \/ (10&hellip;","uagb_featured_image_src":{"full":["https:\/\/detektron.isedd.net\/wp-content\/uploads\/2019\/11\/SEM1600F-image-set-web-768x816.jpg",768,816,false],"thumbnail":["https:\/\/detektron.isedd.net\/wp-content\/uploads\/2019\/11\/SEM1600F-image-set-web-768x816-150x150.jpg",150,150,true],"medium":["https:\/\/detektron.isedd.net\/wp-content\/uploads\/2019\/11\/SEM1600F-image-set-web-768x816-282x300.jpg",282,300,true],"medium_large":["https:\/\/detektron.isedd.net\/wp-content\/uploads\/2019\/11\/SEM1600F-image-set-web-768x816.jpg",730,776,false],"large":["https:\/\/detektron.isedd.net\/wp-content\/uploads\/2019\/11\/SEM1600F-image-set-web-768x816.jpg",730,776,false],"1536x1536":["https:\/\/detektron.isedd.net\/wp-content\/uploads\/2019\/11\/SEM1600F-image-set-web-768x816.jpg",768,816,false],"2048x2048":["https:\/\/detektron.isedd.net\/wp-content\/uploads\/2019\/11\/SEM1600F-image-set-web-768x816.jpg",768,816,false],"trp-custom-language-flag":["https:\/\/detektron.isedd.net\/wp-content\/uploads\/2019\/11\/SEM1600F-image-set-web-768x816.jpg",11,12,false],"ab-block-post-grid-landscape":["https:\/\/detektron.isedd.net\/wp-content\/uploads\/2019\/11\/SEM1600F-image-set-web-768x816-600x400.jpg",600,400,true],"ab-block-post-grid-square":["https:\/\/detektron.isedd.net\/wp-content\/uploads\/2019\/11\/SEM1600F-image-set-web-768x816-600x600.jpg",600,600,true],"wpca-thumb":["https:\/\/detektron.isedd.net\/wp-content\/uploads\/2019\/11\/SEM1600F-image-set-web-768x816-220x150.jpg",220,150,true],"gb-block-post-grid-landscape":["https:\/\/detektron.isedd.net\/wp-content\/uploads\/2019\/11\/SEM1600F-image-set-web-768x816.jpg",376,400,false],"gb-block-post-grid-square":["https:\/\/detektron.isedd.net\/wp-content\/uploads\/2019\/11\/SEM1600F-image-set-web-768x816.jpg",565,600,false],"post-thumbnail":["https:\/\/detektron.isedd.net\/wp-content\/uploads\/2019\/11\/SEM1600F-image-set-web-768x816-768x450.jpg",768,450,true],"di-business-recentpostthumb":["https:\/\/detektron.isedd.net\/wp-content\/uploads\/2019\/11\/SEM1600F-image-set-web-768x816-90x90.jpg",90,90,true],"woocommerce_thumbnail":["https:\/\/detektron.isedd.net\/wp-content\/uploads\/2019\/11\/SEM1600F-image-set-web-768x816-300x300.jpg",300,300,true],"woocommerce_single":["https:\/\/detektron.isedd.net\/wp-content\/uploads\/2019\/11\/SEM1600F-image-set-web-768x816-600x638.jpg",600,638,true],"woocommerce_gallery_thumbnail":["https:\/\/detektron.isedd.net\/wp-content\/uploads\/2019\/11\/SEM1600F-image-set-web-768x816-100x100.jpg",100,100,true]},"uagb_author_info":{"display_name":"admin","author_link":"https:\/\/detektron.isedd.net\/en\/author\/admin\/"},"uagb_comment_info":0,"uagb_excerpt":"Universeller Transmitter mit Strom-, Spannungs- und Relaisausgang f\u00fcr Frequenz- und Pulssignale Einfache oder doppelte Frequenzeing\u00e4nge Integrierte Sensorversorgung Frequenzmessung von 0,01Hz bis 65kHz Z\u00e4hlfunktion von DC (0Hz) bis 1kHz Bewertung nach Frequenz, Summe, K-Faktor, M-Faktor oder andere mathematisch definierte Funktion Relaisausgang - Wechsler - 0,5A@24Vdc Strom-, Spannungs- oder bipolarer Spannungsausgang Stromversorgung (10 bis 32)Vac \/ (10&hellip;","featured_img":"https:\/\/detektron.isedd.net\/wp-content\/uploads\/2019\/11\/SEM1600F-image-set-web-768x816-768x450.jpg","coauthors":[],"author_meta":{"author_link":"https:\/\/detektron.isedd.net\/en\/author\/admin\/","display_name":"admin"},"relative_dates":{"created":"Posted 6 years ago","modified":"Updated 2 years ago"},"absolute_dates":{"created":"Posted on 24. November 2019","modified":"Updated on 7. July 2024"},"absolute_dates_time":{"created":"Posted on 24. November 2019 16:12","modified":"Updated on 7. July 2024 20:57"},"featured_img_caption":"DIN-Schienen-Messumformer SEM1600F f\u00fcr Frequenz- und Pulssignale","tax_additional":{"product_brand":{"linked":[],"unlinked":[],"slug":"product_brand","name":"Brands"},"product_type":{"linked":["<a href=\"https:\/\/detektron.isedd.net\/en\/?taxonomy=product_type&#038;term=simple\" class=\"advgb-post-tax-term\">simple<\/a>"],"unlinked":["<span class=\"advgb-post-tax-term\">simple<\/span>"],"slug":"product_type","name":"Product type"},"product_visibility":{"linked":[],"unlinked":[],"slug":"product_visibility","name":"Product visibility"},"product_cat":{"linked":["<a href=\"https:\/\/detektron.isedd.net\/en\/product-category\/industrieelektronik\/\" class=\"advgb-post-tax-term\">Industrieelektronik<\/a>","<a href=\"https:\/\/detektron.isedd.net\/en\/product-category\/industrieelektronik\/temperaturmessumformer\/schienentransmitter\/\" class=\"advgb-post-tax-term\">Schienenmontage<\/a>","<a href=\"https:\/\/detektron.isedd.net\/en\/product-category\/industrieelektronik\/trennverstaerker\/\" class=\"advgb-post-tax-term\">Trennverst\u00e4rker<\/a>"],"unlinked":["<span class=\"advgb-post-tax-term\">Industrieelektronik<\/span>","<span class=\"advgb-post-tax-term\">Schienenmontage<\/span>","<span class=\"advgb-post-tax-term\">Trennverst\u00e4rker<\/span>"],"slug":"product_cat","name":"Product categories"},"product_tag":{"linked":["<a href=\"https:\/\/detektron.isedd.net\/en\/product-tag\/4-20ma\/\" class=\"advgb-post-tax-term\">(4-20)mA<\/a>","<a href=\"https:\/\/detektron.isedd.net\/en\/product-tag\/durchflussmessung\/\" class=\"advgb-post-tax-term\">Durchflussmessung<\/a>","<a href=\"https:\/\/detektron.isedd.net\/en\/product-tag\/frequenzmessung\/\" class=\"advgb-post-tax-term\">Frequenzmessung<\/a>","<a href=\"https:\/\/detektron.isedd.net\/en\/product-tag\/galvanische-trennung\/\" class=\"advgb-post-tax-term\">Galvanische Trennung<\/a>","<a href=\"https:\/\/detektron.isedd.net\/en\/product-tag\/messumformer\/\" class=\"advgb-post-tax-term\">Messumformer<\/a>","<a href=\"https:\/\/detektron.isedd.net\/en\/product-tag\/programmierbar\/\" class=\"advgb-post-tax-term\">Programmierbar<\/a>","<a href=\"https:\/\/detektron.isedd.net\/en\/product-tag\/pulszaehlung\/\" class=\"advgb-post-tax-term\">Pulsz\u00e4hlung<\/a>","<a href=\"https:\/\/detektron.isedd.net\/en\/product-tag\/relaisausgang\/\" class=\"advgb-post-tax-term\">Relaisausgang<\/a>","<a href=\"https:\/\/detektron.isedd.net\/en\/product-tag\/spannungsausgang\/\" class=\"advgb-post-tax-term\">Spannungsausgang<\/a>"],"unlinked":["<span class=\"advgb-post-tax-term\">(4-20)mA<\/span>","<span class=\"advgb-post-tax-term\">Durchflussmessung<\/span>","<span class=\"advgb-post-tax-term\">Frequenzmessung<\/span>","<span class=\"advgb-post-tax-term\">Galvanische Trennung<\/span>","<span class=\"advgb-post-tax-term\">Messumformer<\/span>","<span class=\"advgb-post-tax-term\">Programmierbar<\/span>","<span class=\"advgb-post-tax-term\">Pulsz\u00e4hlung<\/span>","<span class=\"advgb-post-tax-term\">Relaisausgang<\/span>","<span class=\"advgb-post-tax-term\">Spannungsausgang<\/span>"],"slug":"product_tag","name":"Product tags"},"product_shipping_class":{"linked":[],"unlinked":[],"slug":"product_shipping_class","name":"Product shipping classes"},"pa_brand":{"linked":[],"unlinked":[],"slug":"pa_brand","name":"Product Marke"},"product_delivery_time":{"linked":[],"unlinked":[],"slug":"product_delivery_time","name":"Product Delivery Times"},"product_unit":{"linked":[],"unlinked":[],"slug":"product_unit","name":"Units"},"product_manufacturer":{"linked":[],"unlinked":[],"slug":"product_manufacturer","name":"Manufacturers"},"product_price_label":{"linked":[],"unlinked":[],"slug":"product_price_label","name":"Price Labels"},"product_deposit_type":{"linked":[],"unlinked":[],"slug":"product_deposit_type","name":"Product Deposit Types"},"product_nutrient":{"linked":[],"unlinked":[],"slug":"product_nutrient","name":"Product Nutrients"},"product_allergen":{"linked":[],"unlinked":[],"slug":"product_allergen","name":"Product Allergenic"}},"series_order":"","_links":{"self":[{"href":"https:\/\/detektron.isedd.net\/en\/wp-json\/wp\/v2\/product\/1284","targetHints":{"allow":["GET"]}}],"collection":[{"href":"https:\/\/detektron.isedd.net\/en\/wp-json\/wp\/v2\/product"}],"about":[{"href":"https:\/\/detektron.isedd.net\/en\/wp-json\/wp\/v2\/types\/product"}],"wp:featuredmedia":[{"embeddable":true,"href":"https:\/\/detektron.isedd.net\/en\/wp-json\/wp\/v2\/media\/1287"}],"wp:attachment":[{"href":"https:\/\/detektron.isedd.net\/en\/wp-json\/wp\/v2\/media?parent=1284"}],"wp:term":[{"taxonomy":"product_brand","embeddable":true,"href":"https:\/\/detektron.isedd.net\/en\/wp-json\/wp\/v2\/product_brand?post=1284"},{"taxonomy":"product_cat","embeddable":true,"href":"https:\/\/detektron.isedd.net\/en\/wp-json\/wp\/v2\/product_cat?post=1284"},{"taxonomy":"product_tag","embeddable":true,"href":"https:\/\/detektron.isedd.net\/en\/wp-json\/wp\/v2\/product_tag?post=1284"}],"curies":[{"name":"wp","href":"https:\/\/api.w.org\/{rel}","templated":true}]}}