{"id":1446,"date":"2019-12-15T18:55:42","date_gmt":"2019-12-15T18:55:42","guid":{"rendered":"http:\/\/detektron.isedd.net\/?post_type=product&#038;p=1446"},"modified":"2024-07-07T20:57:03","modified_gmt":"2024-07-07T20:57:03","slug":"dm3420","status":"publish","type":"product","link":"https:\/\/detektron.isedd.net\/en\/product\/dm3420\/","title":{"rendered":"Fronttafel-Digitalanzeige DM3420"},"content":{"rendered":"<p>Das Fronttafel-Einbauinstrument DM3420 ist eine genaue und zuverl\u00e4ssige Anzeige f\u00fcr Sensoren mit Spannungs- oder Stromausgang. Es basiert auf der aktuellsten Technologie und kann sowohl als passives Element in der Sensorstromschleife eingesetzt werden als auch die Stromschleife aktiv mit Energie oder einen Sensor in 3-Leiterschaltung mit Spannung versorgen. Die Messwerte werden in der gew\u00fcnschten physikalischen Einheit und Aufl\u00f6sung auf dem hellen, hocheffizienten und auch bei Tageslicht gut ablesbarem Display angezeigt.<\/p>\n<p>Das hochinnovative Geh\u00e4usedesign erm\u00f6glicht die schnelle und flexible Installation von Ger\u00e4teoptionen in Form von Steckmodulen, ohne das Ger\u00e4t \u00f6ffnen oder sogar demontieren zu m\u00fcssen und ohne die Notwendigkeit einer Neukalibration. Die flexible Konfigurationsm\u00f6glichkeit erm\u00f6glicht eine reduzierte Lagerhaltung. So werden die Gesamtbetriebskosten (\u201eTotal cost of ownership\u201c \u2013 TCO) gemindert.<\/p>\n<p>Die Steckmodule bieten optionale Ausg\u00e4nge f\u00fcr Strom (POD-03) und 2 x Wechslerrelais f\u00fcr Alarmpunkte (POD-02).<\/p>\n<p>Die Module k\u00f6nnen wie folgt montiert, bzw. kombiniert werden<\/p>\n<p>POD-03 + POD-02<br \/>\nPOD-02 + POD-02<br \/>\nPOD-03<br \/>\nPOD-02<\/p>\n<p>Die Programmierung erfolgt \u00fcber die Tasten am Ger\u00e4t. Dabei kann zwischen Schnell- oder Komplettkonfiguration gew\u00e4hlt werden.<\/p>\n<p>Das DM3420 ist in einem (96&#215;48)mm DIN-Standard-Einbaugeh\u00e4use untergebracht und verf\u00fcgt \u00fcber 14,2mm hohe LED-Ziffern.<\/p>\n<hr \/>\n<p><strong>HIGHLIGHTS<\/strong><\/p>\n<p>FLEXIBLES GEH\u00c4USEDESIGN<br \/>\nDas hochinnovative Geh\u00e4usedesign erm\u00f6glicht eine einfache Installation der Ausgangsoption-Pods ohne Demontage oder Neukalibrierung. Die &#8222;Plug and Play&#8220; Pods bieten sowohl Relaisausg\u00e4nge als auch aktive oder passive Stromschnittstelle ((0 bis 10)mA, (0 bis 20)mA, (4 bis 20)mA). Ein DM3420 kann mit bis zu 2 POD-Ausgangsmodulen erweitert werden.<\/p>\n<p>STANDARDGEH\u00c4USE<br \/>\nDas Anzeigeinstrument DM3420 passt in einen Standard-Frontplattenausschnitt von (96&#215;48)mm.<\/p>\n<p>Die Frontplatte des Anzeigeinstruments ist nach IP65 abgedichtet und das Geh\u00e4use hat eine angespritzte Gummidichtung, die es erm\u00f6glicht auch die Frontplatte nach IP65 abzudichten, ideal f\u00fcr die Installation in staubigen Bereichen oder dort, wo Niederdruck-Wasserstrahlen zur Reinigung von Ger\u00e4ten verwendet werden.<\/p>\n<p>PROGRAMMIERBAR<br \/>\nDie Programmierung des Ger\u00e4tes erfolgt \u00fcber die drei Drucktasten auf der Frontplatte, wobei der Benutzer durch den Konfigurationsprozess gef\u00fchrt wird.<\/p>\n<hr \/>\n<p>TECHNISCHE DATEN<\/p>\n\n<table id=\"tablepress-49\" class=\"tablepress tablepress-id-49\">\n<thead>\n<tr class=\"row-1\">\n\t<th class=\"column-1\">Type \/ Funktion<\/th><th class=\"column-2\">Bereich \/ Beschreibung<\/th>\n<\/tr>\n<\/thead>\n<tbody class=\"row-striping row-hover\">\n<tr class=\"row-2\">\n\t<td class=\"column-1\">Eingang<\/td><td class=\"column-2\">Strom (0\/4 bis 20)mA - passiv oder aktiv<br \/>\n(0 bis 1)Vdc, (1 bis 5)Vdc oder (0 bis 10)Vdc<\/td>\n<\/tr>\n<tr class=\"row-3\">\n\t<td class=\"column-1\">Ausgang<\/td><td class=\"column-2\">(4 bis 20)mA - passiv oder aktiv<br \/>\nOptional bis zu 4x Wechsler 5A@250Vac<\/td>\n<\/tr>\n<tr class=\"row-4\">\n\t<td class=\"column-1\">Galvanische Trennung<\/td><td class=\"column-2\">Ja<\/td>\n<\/tr>\n<tr class=\"row-5\">\n\t<td class=\"column-1\">Display<\/td><td class=\"column-2\">4-stellig - LED - 14,2mm<\/td>\n<\/tr>\n<tr class=\"row-6\">\n\t<td class=\"column-1\">Anwendungsspezifische Meldungen<\/td><td class=\"column-2\">Nein<\/td>\n<\/tr>\n<tr class=\"row-7\">\n\t<td class=\"column-1\">Datenlogger<\/td><td class=\"column-2\">Nein<\/td>\n<\/tr>\n<tr class=\"row-8\">\n\t<td class=\"column-1\">Max-\/Min-Auswertung<\/td><td class=\"column-2\">Nein<\/td>\n<\/tr>\n<tr class=\"row-9\">\n\t<td class=\"column-1\">Kundenspezifische Linearisierung<\/td><td class=\"column-2\">Ja<\/td>\n<\/tr>\n<tr class=\"row-10\">\n\t<td class=\"column-1\">Umgebungstemperatur<\/td><td class=\"column-2\">(-30 bis +60)\u00b0C<\/td>\n<\/tr>\n<tr class=\"row-11\">\n\t<td class=\"column-1\">Spannungsversorgung<\/td><td class=\"column-2\">(20 bis 35)Vdc oder<br \/>\n(90 bis 253)Vac<\/td>\n<\/tr>\n<tr class=\"row-12\">\n\t<td class=\"column-1\">Batterielebensdauer<\/td><td class=\"column-2\"> --<\/td>\n<\/tr>\n<tr class=\"row-13\">\n\t<td class=\"column-1\">Schutzart<\/td><td class=\"column-2\">IP65 - in Frontplatte eingebaut<\/td>\n<\/tr>\n<tr class=\"row-14\">\n\t<td class=\"column-1\">Konfiguration<\/td><td class=\"column-2\">\u00fcber Tasten am Ger\u00e4t<\/td>\n<\/tr>\n<tr class=\"row-15\">\n\t<td class=\"column-1\">Zulassungen<\/td><td class=\"column-2\">EMV EN 61326<br \/>\nCE<\/td>\n<\/tr>\n<\/tbody>\n<\/table>\n<!-- #tablepress-49 from cache -->","protected":false},"excerpt":{"rendered":"<p>Frontplatteneinbauinstrument zur Anzeige von Prozessmesswerten<\/p>\n<ul>\n<li>Spannungs- oder Stromschleifen-Eingang<\/li>\n<li>Flexible Ausgangskonfiguration durch Options-Pods<\/li>\n<li>Strom- und Relaisausg\u00e4nge<\/li>\n<li>Galvanisch getrennter Eingang<\/li>\n<li>4-stellige LED-Anzeige<\/li>\n<li>IP65 Frontplattendichtung<\/li>\n<\/ul>","protected":false},"author":1,"featured_media":1448,"template":"","meta":{"_editorskit_title_hidden":false,"_editorskit_reading_time":0,"_editorskit_is_block_options_detached":false,"_editorskit_block_options_position":"{}","_coblocks_attr":"","_coblocks_dimensions":"","_coblocks_responsive_height":"","_coblocks_accordion_ie_support":"","_uag_custom_page_level_css":"","ub_ctt_via":"","advgb_blocks_editor_width":"","advgb_blocks_columns_visual_guide":"","_themeisle_gutenberg_block_has_review":false},"product_brand":[],"product_cat":[60,117,128],"product_tag":[88,86,92,65,71,106,97,98,95],"class_list":{"0":"post-1446","1":"product","2":"type-product","3":"status-publish","4":"has-post-thumbnail","6":"product_cat-industrieelektronik","7":"product_cat-digitalanzeigen","8":"product_cat-fronttafel","9":"product_tag-4-20ma","10":"product_tag-display","11":"product_tag-galvanische-trennung","12":"product_tag-messumformer","13":"product_tag-programmierbar","14":"product_tag-relaisausgang","15":"product_tag-signalwandler","16":"product_tag-spannungseingang","17":"product_tag-trennverstaerker","19":"first","20":"instock","21":"shipping-taxable","22":"product-type-simple"},"pbg_featured_image_src":{"full":["https:\/\/detektron.isedd.net\/wp-content\/uploads\/2019\/12\/DM3420-image-set-web-768x816-1.jpg",768,816,false],"thumbnail":["https:\/\/detektron.isedd.net\/wp-content\/uploads\/2019\/12\/DM3420-image-set-web-768x816-1-150x150.jpg",150,150,true],"medium":["https:\/\/detektron.isedd.net\/wp-content\/uploads\/2019\/12\/DM3420-image-set-web-768x816-1-282x300.jpg",282,300,true],"medium_large":["https:\/\/detektron.isedd.net\/wp-content\/uploads\/2019\/12\/DM3420-image-set-web-768x816-1.jpg",730,776,false],"large":["https:\/\/detektron.isedd.net\/wp-content\/uploads\/2019\/12\/DM3420-image-set-web-768x816-1.jpg",730,776,false],"1536x1536":["https:\/\/detektron.isedd.net\/wp-content\/uploads\/2019\/12\/DM3420-image-set-web-768x816-1.jpg",768,816,false],"2048x2048":["https:\/\/detektron.isedd.net\/wp-content\/uploads\/2019\/12\/DM3420-image-set-web-768x816-1.jpg",768,816,false],"trp-custom-language-flag":["https:\/\/detektron.isedd.net\/wp-content\/uploads\/2019\/12\/DM3420-image-set-web-768x816-1.jpg",11,12,false],"ab-block-post-grid-landscape":["https:\/\/detektron.isedd.net\/wp-content\/uploads\/2019\/12\/DM3420-image-set-web-768x816-1-600x400.jpg",600,400,true],"ab-block-post-grid-square":["https:\/\/detektron.isedd.net\/wp-content\/uploads\/2019\/12\/DM3420-image-set-web-768x816-1-600x600.jpg",600,600,true],"wpca-thumb":["https:\/\/detektron.isedd.net\/wp-content\/uploads\/2019\/12\/DM3420-image-set-web-768x816-1-220x150.jpg",220,150,true],"gb-block-post-grid-landscape":["https:\/\/detektron.isedd.net\/wp-content\/uploads\/2019\/12\/DM3420-image-set-web-768x816-1.jpg",376,400,false],"gb-block-post-grid-square":["https:\/\/detektron.isedd.net\/wp-content\/uploads\/2019\/12\/DM3420-image-set-web-768x816-1.jpg",565,600,false],"post-thumbnail":["https:\/\/detektron.isedd.net\/wp-content\/uploads\/2019\/12\/DM3420-image-set-web-768x816-1-768x450.jpg",768,450,true],"di-business-recentpostthumb":["https:\/\/detektron.isedd.net\/wp-content\/uploads\/2019\/12\/DM3420-image-set-web-768x816-1-90x90.jpg",90,90,true],"woocommerce_thumbnail":["https:\/\/detektron.isedd.net\/wp-content\/uploads\/2019\/12\/DM3420-image-set-web-768x816-1-300x300.jpg",300,300,true],"woocommerce_single":["https:\/\/detektron.isedd.net\/wp-content\/uploads\/2019\/12\/DM3420-image-set-web-768x816-1-600x638.jpg",600,638,true],"woocommerce_gallery_thumbnail":["https:\/\/detektron.isedd.net\/wp-content\/uploads\/2019\/12\/DM3420-image-set-web-768x816-1-100x100.jpg",100,100,true]},"pbg_author_info":{"display_name":"admin","author_link":"https:\/\/detektron.isedd.net\/en\/author\/admin\/","author_img":false},"pbg_comment_info":" No Comments","pbg_excerpt":"Frontplatteneinbauinstrument zur Anzeige von Prozessmesswerten Spannungs- oder Stromschleifen-Eingang Flexible Ausgangskonfiguration durch Options-Pods Strom- und Relaisausg\u00e4nge Galvanisch getrennter Eingang 4-stellige LED-Anzeige IP65 Frontplattendichtung","uagb_featured_image_src":{"full":["https:\/\/detektron.isedd.net\/wp-content\/uploads\/2019\/12\/DM3420-image-set-web-768x816-1.jpg",768,816,false],"thumbnail":["https:\/\/detektron.isedd.net\/wp-content\/uploads\/2019\/12\/DM3420-image-set-web-768x816-1-150x150.jpg",150,150,true],"medium":["https:\/\/detektron.isedd.net\/wp-content\/uploads\/2019\/12\/DM3420-image-set-web-768x816-1-282x300.jpg",282,300,true],"medium_large":["https:\/\/detektron.isedd.net\/wp-content\/uploads\/2019\/12\/DM3420-image-set-web-768x816-1.jpg",730,776,false],"large":["https:\/\/detektron.isedd.net\/wp-content\/uploads\/2019\/12\/DM3420-image-set-web-768x816-1.jpg",730,776,false],"1536x1536":["https:\/\/detektron.isedd.net\/wp-content\/uploads\/2019\/12\/DM3420-image-set-web-768x816-1.jpg",768,816,false],"2048x2048":["https:\/\/detektron.isedd.net\/wp-content\/uploads\/2019\/12\/DM3420-image-set-web-768x816-1.jpg",768,816,false],"trp-custom-language-flag":["https:\/\/detektron.isedd.net\/wp-content\/uploads\/2019\/12\/DM3420-image-set-web-768x816-1.jpg",11,12,false],"ab-block-post-grid-landscape":["https:\/\/detektron.isedd.net\/wp-content\/uploads\/2019\/12\/DM3420-image-set-web-768x816-1-600x400.jpg",600,400,true],"ab-block-post-grid-square":["https:\/\/detektron.isedd.net\/wp-content\/uploads\/2019\/12\/DM3420-image-set-web-768x816-1-600x600.jpg",600,600,true],"wpca-thumb":["https:\/\/detektron.isedd.net\/wp-content\/uploads\/2019\/12\/DM3420-image-set-web-768x816-1-220x150.jpg",220,150,true],"gb-block-post-grid-landscape":["https:\/\/detektron.isedd.net\/wp-content\/uploads\/2019\/12\/DM3420-image-set-web-768x816-1.jpg",376,400,false],"gb-block-post-grid-square":["https:\/\/detektron.isedd.net\/wp-content\/uploads\/2019\/12\/DM3420-image-set-web-768x816-1.jpg",565,600,false],"post-thumbnail":["https:\/\/detektron.isedd.net\/wp-content\/uploads\/2019\/12\/DM3420-image-set-web-768x816-1-768x450.jpg",768,450,true],"di-business-recentpostthumb":["https:\/\/detektron.isedd.net\/wp-content\/uploads\/2019\/12\/DM3420-image-set-web-768x816-1-90x90.jpg",90,90,true],"woocommerce_thumbnail":["https:\/\/detektron.isedd.net\/wp-content\/uploads\/2019\/12\/DM3420-image-set-web-768x816-1-300x300.jpg",300,300,true],"woocommerce_single":["https:\/\/detektron.isedd.net\/wp-content\/uploads\/2019\/12\/DM3420-image-set-web-768x816-1-600x638.jpg",600,638,true],"woocommerce_gallery_thumbnail":["https:\/\/detektron.isedd.net\/wp-content\/uploads\/2019\/12\/DM3420-image-set-web-768x816-1-100x100.jpg",100,100,true]},"uagb_author_info":{"display_name":"admin","author_link":"https:\/\/detektron.isedd.net\/en\/author\/admin\/"},"uagb_comment_info":0,"uagb_excerpt":"Frontplatteneinbauinstrument zur Anzeige von Prozessmesswerten Spannungs- oder Stromschleifen-Eingang Flexible Ausgangskonfiguration durch Options-Pods Strom- und Relaisausg\u00e4nge Galvanisch getrennter Eingang 4-stellige LED-Anzeige IP65 Frontplattendichtung","featured_img":"https:\/\/detektron.isedd.net\/wp-content\/uploads\/2019\/12\/DM3420-image-set-web-768x816-1-768x450.jpg","coauthors":[],"author_meta":{"author_link":"https:\/\/detektron.isedd.net\/en\/author\/admin\/","display_name":"admin"},"relative_dates":{"created":"Posted 6 years ago","modified":"Updated 2 years ago"},"absolute_dates":{"created":"Posted on 15. December 2019","modified":"Updated on 7. July 2024"},"absolute_dates_time":{"created":"Posted on 15. December 2019 18:55","modified":"Updated on 7. July 2024 20:57"},"featured_img_caption":"Digitalanzeige DM3420","tax_additional":{"product_brand":{"linked":[],"unlinked":[],"slug":"product_brand","name":"Brands"},"product_type":{"linked":["<a href=\"https:\/\/detektron.isedd.net\/en\/?taxonomy=product_type&#038;term=simple\" class=\"advgb-post-tax-term\">simple<\/a>"],"unlinked":["<span class=\"advgb-post-tax-term\">simple<\/span>"],"slug":"product_type","name":"Product type"},"product_visibility":{"linked":[],"unlinked":[],"slug":"product_visibility","name":"Product visibility"},"product_cat":{"linked":["<a href=\"https:\/\/detektron.isedd.net\/en\/product-category\/industrieelektronik\/\" class=\"advgb-post-tax-term\">Industrieelektronik<\/a>","<a href=\"https:\/\/detektron.isedd.net\/en\/product-category\/industrieelektronik\/digitalanzeigen\/\" class=\"advgb-post-tax-term\">Digitalanzeigen<\/a>","<a href=\"https:\/\/detektron.isedd.net\/en\/product-category\/industrieelektronik\/digitalanzeigen\/fronttafel\/\" class=\"advgb-post-tax-term\">Fronttafeleinbauinstrumente<\/a>"],"unlinked":["<span class=\"advgb-post-tax-term\">Industrieelektronik<\/span>","<span class=\"advgb-post-tax-term\">Digitalanzeigen<\/span>","<span class=\"advgb-post-tax-term\">Fronttafeleinbauinstrumente<\/span>"],"slug":"product_cat","name":"Product categories"},"product_tag":{"linked":["<a href=\"https:\/\/detektron.isedd.net\/en\/product-tag\/4-20ma\/\" class=\"advgb-post-tax-term\">(4-20)mA<\/a>","<a href=\"https:\/\/detektron.isedd.net\/en\/product-tag\/display\/\" class=\"advgb-post-tax-term\">Display<\/a>","<a href=\"https:\/\/detektron.isedd.net\/en\/product-tag\/galvanische-trennung\/\" class=\"advgb-post-tax-term\">Galvanische Trennung<\/a>","<a href=\"https:\/\/detektron.isedd.net\/en\/product-tag\/messumformer\/\" class=\"advgb-post-tax-term\">Messumformer<\/a>","<a href=\"https:\/\/detektron.isedd.net\/en\/product-tag\/programmierbar\/\" class=\"advgb-post-tax-term\">Programmierbar<\/a>","<a href=\"https:\/\/detektron.isedd.net\/en\/product-tag\/relaisausgang\/\" class=\"advgb-post-tax-term\">Relaisausgang<\/a>","<a href=\"https:\/\/detektron.isedd.net\/en\/product-tag\/signalwandler\/\" class=\"advgb-post-tax-term\">Signalwandler<\/a>","<a href=\"https:\/\/detektron.isedd.net\/en\/product-tag\/spannungseingang\/\" class=\"advgb-post-tax-term\">Spannungseingang<\/a>","<a href=\"https:\/\/detektron.isedd.net\/en\/product-tag\/trennverstaerker\/\" class=\"advgb-post-tax-term\">Trennverst\u00e4rker<\/a>"],"unlinked":["<span class=\"advgb-post-tax-term\">(4-20)mA<\/span>","<span class=\"advgb-post-tax-term\">Display<\/span>","<span class=\"advgb-post-tax-term\">Galvanische Trennung<\/span>","<span class=\"advgb-post-tax-term\">Messumformer<\/span>","<span class=\"advgb-post-tax-term\">Programmierbar<\/span>","<span class=\"advgb-post-tax-term\">Relaisausgang<\/span>","<span class=\"advgb-post-tax-term\">Signalwandler<\/span>","<span class=\"advgb-post-tax-term\">Spannungseingang<\/span>","<span class=\"advgb-post-tax-term\">Trennverst\u00e4rker<\/span>"],"slug":"product_tag","name":"Product tags"},"product_shipping_class":{"linked":[],"unlinked":[],"slug":"product_shipping_class","name":"Product shipping classes"},"pa_brand":{"linked":[],"unlinked":[],"slug":"pa_brand","name":"Product Marke"},"product_delivery_time":{"linked":[],"unlinked":[],"slug":"product_delivery_time","name":"Product Delivery Times"},"product_unit":{"linked":[],"unlinked":[],"slug":"product_unit","name":"Units"},"product_manufacturer":{"linked":[],"unlinked":[],"slug":"product_manufacturer","name":"Manufacturers"},"product_price_label":{"linked":[],"unlinked":[],"slug":"product_price_label","name":"Price Labels"},"product_deposit_type":{"linked":[],"unlinked":[],"slug":"product_deposit_type","name":"Product Deposit Types"},"product_nutrient":{"linked":[],"unlinked":[],"slug":"product_nutrient","name":"Product Nutrients"},"product_allergen":{"linked":[],"unlinked":[],"slug":"product_allergen","name":"Product Allergenic"}},"series_order":"","_links":{"self":[{"href":"https:\/\/detektron.isedd.net\/en\/wp-json\/wp\/v2\/product\/1446","targetHints":{"allow":["GET"]}}],"collection":[{"href":"https:\/\/detektron.isedd.net\/en\/wp-json\/wp\/v2\/product"}],"about":[{"href":"https:\/\/detektron.isedd.net\/en\/wp-json\/wp\/v2\/types\/product"}],"wp:featuredmedia":[{"embeddable":true,"href":"https:\/\/detektron.isedd.net\/en\/wp-json\/wp\/v2\/media\/1448"}],"wp:attachment":[{"href":"https:\/\/detektron.isedd.net\/en\/wp-json\/wp\/v2\/media?parent=1446"}],"wp:term":[{"taxonomy":"product_brand","embeddable":true,"href":"https:\/\/detektron.isedd.net\/en\/wp-json\/wp\/v2\/product_brand?post=1446"},{"taxonomy":"product_cat","embeddable":true,"href":"https:\/\/detektron.isedd.net\/en\/wp-json\/wp\/v2\/product_cat?post=1446"},{"taxonomy":"product_tag","embeddable":true,"href":"https:\/\/detektron.isedd.net\/en\/wp-json\/wp\/v2\/product_tag?post=1446"}],"curies":[{"name":"wp","href":"https:\/\/api.w.org\/{rel}","templated":true}]}}