{"id":939,"date":"2019-11-02T16:44:38","date_gmt":"2019-11-02T16:44:38","guid":{"rendered":"http:\/\/detektron.isedd.net\/?post_type=product&#038;p=939"},"modified":"2024-07-07T20:57:07","modified_gmt":"2024-07-07T20:57:07","slug":"widerstands-transmitter-sem203w","status":"publish","type":"product","link":"https:\/\/detektron.isedd.net\/en\/product\/widerstands-transmitter-sem203w\/","title":{"rendered":"Widerstands-Transmitter SEM203W"},"content":{"rendered":"<p>Der SEM203W ist ein Kopftransmitter, der die Widerstands\u00e4nderungen von Potentiometer-Sensoren aufnimmt und den Sensorausgang \u00fcber einen konfigurierten Bereich in ein industrielles Standardsignal (4 bis 20)mA umwandelt. Eine einfache Drucktastenbedienung erm\u00f6glicht es dem Benutzer, den gew\u00fcnschten Widerstandsbereich manuell auszuw\u00e4hlen, indem er den Wiederstand einstellt und die Taste dr\u00fcckt, um ihn an beiden (4 und 20)mA-Punkten zu speichern.<\/p>\n<hr \/>\n<p><strong>HIGHLIGHTS<\/strong><\/p>\n<p>KONFIGURATION PER TASTENDRUCK<\/p>\n<p>Ein einziger Drucktaster und eine LED-Anzeige erm\u00f6glichen es dem Benutzer, den Messbereich manuell einzustellen. Die rote LED am Messumformer f\u00fchrt den Anwender durch die Konfiguration.<\/p>\n<p>STABILIT\u00c4T<br \/>\nDer SEM203W Kopftransmitter basiert auf der neuesten digitalen Technologie, um eine pr\u00e4zise und driftarme \u00dcbertragung zu gew\u00e4hrleisten.<\/p>\n<p>SCHNELLE REAKTION<br \/>\nDas SEM203W ben\u00f6tigt weniger als 50 ms, um 70% seines endg\u00fcltigen Ausgangswertes f\u00fcr eine \u00c4nderung des Eingangssignals zu erreichen.<\/p>\n<p>POTENTIOMETER<\/p>\n<p>Es k\u00f6nnen Potentiometers mit einem Stellbereich zwischen 1kOhm und 100kOhm verwendet werden.<\/p>\n<p>LED-WARNUNG<\/p>\n<p>Erkennt der SEM203W, dass das Sensorsignal au\u00dferhalb des festgelegten Bereichs liegt, leuchtet eine rote LED im Messumformer auf, um den Benutzer darauf hinzuweisen, dass etwas nicht stimmt.<\/p>\n<hr \/>\n<p>TECHNISCHE DATEN<\/p>\n\n<table id=\"tablepress-3\" class=\"tablepress tablepress-id-3\">\n<thead>\n<tr class=\"row-1\">\n\t<th class=\"column-1\">Type \/ Funktion<\/th><th class=\"column-2\">Bereich \/ Beschreibung<\/th>\n<\/tr>\n<\/thead>\n<tbody class=\"row-striping row-hover\">\n<tr class=\"row-2\">\n\t<td class=\"column-1\">Eingang<\/td><td class=\"column-2\">Potentiometer \/ Widerstand - 1k\u03a9 bis 100k\u03a9 <\/td>\n<\/tr>\n<tr class=\"row-3\">\n\t<td class=\"column-1\">Ausgang<\/td><td class=\"column-2\">(4 bis 20)mA<\/td>\n<\/tr>\n<tr class=\"row-4\">\n\t<td class=\"column-1\">Galvanische Trennung<\/td><td class=\"column-2\">Nein<\/td>\n<\/tr>\n<tr class=\"row-5\">\n\t<td class=\"column-1\">Kundenspezifische Linearisierung<\/td><td class=\"column-2\">Nein<\/td>\n<\/tr>\n<tr class=\"row-6\">\n\t<td class=\"column-1\">Nullpunkt-\/Messbereichsabgleich<\/td><td class=\"column-2\">Ja - per Tastendruck<\/td>\n<\/tr>\n<tr class=\"row-7\">\n\t<td class=\"column-1\">Offseteinstellung<\/td><td class=\"column-2\">Nein<\/td>\n<\/tr>\n<tr class=\"row-8\">\n\t<td class=\"column-1\">Display<\/td><td class=\"column-2\">Nein<\/td>\n<\/tr>\n<tr class=\"row-9\">\n\t<td class=\"column-1\">Umgebungstemperatur<\/td><td class=\"column-2\">(-40 bis +85)\u00b0C<\/td>\n<\/tr>\n<tr class=\"row-10\">\n\t<td class=\"column-1\">Versorgungsspannung<\/td><td class=\"column-2\">(10 bis 30)Vdc<\/td>\n<\/tr>\n<tr class=\"row-11\">\n\t<td class=\"column-1\">Konfiguration<\/td><td class=\"column-2\">per Tasten am Messumformer<\/td>\n<\/tr>\n<tr class=\"row-12\">\n\t<td class=\"column-1\">Abmessungen<\/td><td class=\"column-2\">\u00d843mm<\/td>\n<\/tr>\n<tr class=\"row-13\">\n\t<td class=\"column-1\">Zulassungen<\/td><td class=\"column-2\">EMV EN 61326<br \/>\nCE<br \/>\nEAC<\/td>\n<\/tr>\n<\/tbody>\n<\/table>\n<!-- #tablepress-3 from cache -->","protected":false},"excerpt":{"rendered":"<p>Manuelle Messbereichskonfiguration, geeignet f\u00fcr Potentionmeter- und Widerstandsensoren<\/p>\n<ul>\n<li>Geeignet f\u00fcr 1k\u03a9 bis 100k\u03a9 Potentiometer<\/li>\n<li>Standardma\u00dfe zur Montage im Sensorkopf<\/li>\n<li>Einfache Konfiguration \u00fcber Drucktasten<\/li>\n<li>Anzeige von Messbereichs\u00fcberschreitungen\u00a0 per LED<\/li>\n<li>Sensoranpassung per Tastendruck &#8211; direkt am Installationsort<\/li>\n<\/ul>","protected":false},"author":1,"featured_media":941,"template":"","meta":{"_editorskit_title_hidden":false,"_editorskit_reading_time":0,"_editorskit_is_block_options_detached":false,"_editorskit_block_options_position":"{}","_coblocks_attr":"","_coblocks_dimensions":"","_coblocks_responsive_height":"","_coblocks_accordion_ie_support":"","_uag_custom_page_level_css":"","ub_ctt_via":"","advgb_blocks_editor_width":"","advgb_blocks_columns_visual_guide":"","_themeisle_gutenberg_block_has_review":false},"product_brand":[],"product_cat":[60,43,59],"product_tag":[88,68,64,65,67,66],"class_list":{"0":"post-939","1":"product","2":"type-product","3":"status-publish","4":"has-post-thumbnail","6":"product_cat-industrieelektronik","7":"product_cat-temperaturmessumformer","8":"product_cat-kopftransmitter","9":"product_tag-4-20ma","10":"product_tag-kopfmontage","11":"product_tag-kopftransmitter","12":"product_tag-messumformer","13":"product_tag-potentiometer","14":"product_tag-widerstand","16":"first","17":"instock","18":"shipping-taxable","19":"product-type-simple"},"pbg_featured_image_src":{"full":["https:\/\/detektron.isedd.net\/wp-content\/uploads\/2019\/11\/SEM203W-image-set-web-600x638.jpg",600,638,false],"thumbnail":["https:\/\/detektron.isedd.net\/wp-content\/uploads\/2019\/11\/SEM203W-image-set-web-600x638-150x150.jpg",150,150,true],"medium":["https:\/\/detektron.isedd.net\/wp-content\/uploads\/2019\/11\/SEM203W-image-set-web-600x638-282x300.jpg",282,300,true],"medium_large":["https:\/\/detektron.isedd.net\/wp-content\/uploads\/2019\/11\/SEM203W-image-set-web-600x638.jpg",600,638,false],"large":["https:\/\/detektron.isedd.net\/wp-content\/uploads\/2019\/11\/SEM203W-image-set-web-600x638.jpg",600,638,false],"1536x1536":["https:\/\/detektron.isedd.net\/wp-content\/uploads\/2019\/11\/SEM203W-image-set-web-600x638.jpg",600,638,false],"2048x2048":["https:\/\/detektron.isedd.net\/wp-content\/uploads\/2019\/11\/SEM203W-image-set-web-600x638.jpg",600,638,false],"trp-custom-language-flag":["https:\/\/detektron.isedd.net\/wp-content\/uploads\/2019\/11\/SEM203W-image-set-web-600x638.jpg",11,12,false],"ab-block-post-grid-landscape":["https:\/\/detektron.isedd.net\/wp-content\/uploads\/2019\/11\/SEM203W-image-set-web-600x638-600x400.jpg",600,400,true],"ab-block-post-grid-square":["https:\/\/detektron.isedd.net\/wp-content\/uploads\/2019\/11\/SEM203W-image-set-web-600x638-600x600.jpg",600,600,true],"wpca-thumb":["https:\/\/detektron.isedd.net\/wp-content\/uploads\/2019\/11\/SEM203W-image-set-web-600x638-220x150.jpg",220,150,true],"gb-block-post-grid-landscape":["https:\/\/detektron.isedd.net\/wp-content\/uploads\/2019\/11\/SEM203W-image-set-web-600x638.jpg",376,400,false],"gb-block-post-grid-square":["https:\/\/detektron.isedd.net\/wp-content\/uploads\/2019\/11\/SEM203W-image-set-web-600x638.jpg",564,600,false],"post-thumbnail":["https:\/\/detektron.isedd.net\/wp-content\/uploads\/2019\/11\/SEM203W-image-set-web-600x638-600x450.jpg",600,450,true],"di-business-recentpostthumb":["https:\/\/detektron.isedd.net\/wp-content\/uploads\/2019\/11\/SEM203W-image-set-web-600x638-90x90.jpg",90,90,true],"woocommerce_thumbnail":["https:\/\/detektron.isedd.net\/wp-content\/uploads\/2019\/11\/SEM203W-image-set-web-600x638-300x300.jpg",300,300,true],"woocommerce_single":["https:\/\/detektron.isedd.net\/wp-content\/uploads\/2019\/11\/SEM203W-image-set-web-600x638-600x638.jpg",600,638,true],"woocommerce_gallery_thumbnail":["https:\/\/detektron.isedd.net\/wp-content\/uploads\/2019\/11\/SEM203W-image-set-web-600x638-100x100.jpg",100,100,true]},"pbg_author_info":{"display_name":"admin","author_link":"https:\/\/detektron.isedd.net\/en\/author\/admin\/","author_img":false},"pbg_comment_info":" No Comments","pbg_excerpt":"Manuelle Messbereichskonfiguration, geeignet f\u00fcr Potentionmeter- und Widerstandsensoren Geeignet f\u00fcr 1k\u03a9 bis 100k\u03a9 Potentiometer Standardma\u00dfe zur Montage im Sensorkopf Einfache Konfiguration \u00fcber Drucktasten Anzeige von Messbereichs\u00fcberschreitungen\u00a0 per LED Sensoranpassung per Tastendruck - direkt am Installationsort","uagb_featured_image_src":{"full":["https:\/\/detektron.isedd.net\/wp-content\/uploads\/2019\/11\/SEM203W-image-set-web-600x638.jpg",600,638,false],"thumbnail":["https:\/\/detektron.isedd.net\/wp-content\/uploads\/2019\/11\/SEM203W-image-set-web-600x638-150x150.jpg",150,150,true],"medium":["https:\/\/detektron.isedd.net\/wp-content\/uploads\/2019\/11\/SEM203W-image-set-web-600x638-282x300.jpg",282,300,true],"medium_large":["https:\/\/detektron.isedd.net\/wp-content\/uploads\/2019\/11\/SEM203W-image-set-web-600x638.jpg",600,638,false],"large":["https:\/\/detektron.isedd.net\/wp-content\/uploads\/2019\/11\/SEM203W-image-set-web-600x638.jpg",600,638,false],"1536x1536":["https:\/\/detektron.isedd.net\/wp-content\/uploads\/2019\/11\/SEM203W-image-set-web-600x638.jpg",600,638,false],"2048x2048":["https:\/\/detektron.isedd.net\/wp-content\/uploads\/2019\/11\/SEM203W-image-set-web-600x638.jpg",600,638,false],"trp-custom-language-flag":["https:\/\/detektron.isedd.net\/wp-content\/uploads\/2019\/11\/SEM203W-image-set-web-600x638.jpg",11,12,false],"ab-block-post-grid-landscape":["https:\/\/detektron.isedd.net\/wp-content\/uploads\/2019\/11\/SEM203W-image-set-web-600x638-600x400.jpg",600,400,true],"ab-block-post-grid-square":["https:\/\/detektron.isedd.net\/wp-content\/uploads\/2019\/11\/SEM203W-image-set-web-600x638-600x600.jpg",600,600,true],"wpca-thumb":["https:\/\/detektron.isedd.net\/wp-content\/uploads\/2019\/11\/SEM203W-image-set-web-600x638-220x150.jpg",220,150,true],"gb-block-post-grid-landscape":["https:\/\/detektron.isedd.net\/wp-content\/uploads\/2019\/11\/SEM203W-image-set-web-600x638.jpg",376,400,false],"gb-block-post-grid-square":["https:\/\/detektron.isedd.net\/wp-content\/uploads\/2019\/11\/SEM203W-image-set-web-600x638.jpg",564,600,false],"post-thumbnail":["https:\/\/detektron.isedd.net\/wp-content\/uploads\/2019\/11\/SEM203W-image-set-web-600x638-600x450.jpg",600,450,true],"di-business-recentpostthumb":["https:\/\/detektron.isedd.net\/wp-content\/uploads\/2019\/11\/SEM203W-image-set-web-600x638-90x90.jpg",90,90,true],"woocommerce_thumbnail":["https:\/\/detektron.isedd.net\/wp-content\/uploads\/2019\/11\/SEM203W-image-set-web-600x638-300x300.jpg",300,300,true],"woocommerce_single":["https:\/\/detektron.isedd.net\/wp-content\/uploads\/2019\/11\/SEM203W-image-set-web-600x638-600x638.jpg",600,638,true],"woocommerce_gallery_thumbnail":["https:\/\/detektron.isedd.net\/wp-content\/uploads\/2019\/11\/SEM203W-image-set-web-600x638-100x100.jpg",100,100,true]},"uagb_author_info":{"display_name":"admin","author_link":"https:\/\/detektron.isedd.net\/en\/author\/admin\/"},"uagb_comment_info":0,"uagb_excerpt":"Manuelle Messbereichskonfiguration, geeignet f\u00fcr Potentionmeter- und Widerstandsensoren Geeignet f\u00fcr 1k\u03a9 bis 100k\u03a9 Potentiometer Standardma\u00dfe zur Montage im Sensorkopf Einfache Konfiguration \u00fcber Drucktasten Anzeige von Messbereichs\u00fcberschreitungen\u00a0 per LED Sensoranpassung per Tastendruck - direkt am Installationsort","featured_img":"https:\/\/detektron.isedd.net\/wp-content\/uploads\/2019\/11\/SEM203W-image-set-web-600x638-600x450.jpg","coauthors":[],"author_meta":{"author_link":"https:\/\/detektron.isedd.net\/en\/author\/admin\/","display_name":"admin"},"relative_dates":{"created":"Posted 6 years ago","modified":"Updated 2 years ago"},"absolute_dates":{"created":"Posted on 2. November 2019","modified":"Updated on 7. July 2024"},"absolute_dates_time":{"created":"Posted on 2. November 2019 16:44","modified":"Updated on 7. July 2024 20:57"},"featured_img_caption":"IN-Head-Messumformer SEM203W","tax_additional":{"product_brand":{"linked":[],"unlinked":[],"slug":"product_brand","name":"Brands"},"product_type":{"linked":["<a href=\"https:\/\/detektron.isedd.net\/en\/?taxonomy=product_type&#038;term=simple\" class=\"advgb-post-tax-term\">simple<\/a>"],"unlinked":["<span class=\"advgb-post-tax-term\">simple<\/span>"],"slug":"product_type","name":"Product type"},"product_visibility":{"linked":[],"unlinked":[],"slug":"product_visibility","name":"Product visibility"},"product_cat":{"linked":["<a href=\"https:\/\/detektron.isedd.net\/en\/product-category\/industrieelektronik\/\" class=\"advgb-post-tax-term\">Industrieelektronik<\/a>","<a href=\"https:\/\/detektron.isedd.net\/en\/product-category\/industrieelektronik\/temperaturmessumformer\/\" class=\"advgb-post-tax-term\">Temperatur-Messumformer<\/a>","<a href=\"https:\/\/detektron.isedd.net\/en\/product-category\/industrieelektronik\/temperaturmessumformer\/kopftransmitter\/\" class=\"advgb-post-tax-term\">Kopfmontage<\/a>"],"unlinked":["<span class=\"advgb-post-tax-term\">Industrieelektronik<\/span>","<span class=\"advgb-post-tax-term\">Temperatur-Messumformer<\/span>","<span class=\"advgb-post-tax-term\">Kopfmontage<\/span>"],"slug":"product_cat","name":"Product categories"},"product_tag":{"linked":["<a href=\"https:\/\/detektron.isedd.net\/en\/product-tag\/4-20ma\/\" class=\"advgb-post-tax-term\">(4-20)mA<\/a>","<a href=\"https:\/\/detektron.isedd.net\/en\/product-tag\/kopfmontage\/\" class=\"advgb-post-tax-term\">Kopfmontage<\/a>","<a href=\"https:\/\/detektron.isedd.net\/en\/product-tag\/kopftransmitter\/\" class=\"advgb-post-tax-term\">Kopftransmitter<\/a>","<a href=\"https:\/\/detektron.isedd.net\/en\/product-tag\/messumformer\/\" class=\"advgb-post-tax-term\">Messumformer<\/a>","<a href=\"https:\/\/detektron.isedd.net\/en\/product-tag\/potentiometer\/\" class=\"advgb-post-tax-term\">Potentiometer<\/a>","<a href=\"https:\/\/detektron.isedd.net\/en\/product-tag\/widerstand\/\" class=\"advgb-post-tax-term\">Widerstand<\/a>"],"unlinked":["<span class=\"advgb-post-tax-term\">(4-20)mA<\/span>","<span class=\"advgb-post-tax-term\">Kopfmontage<\/span>","<span class=\"advgb-post-tax-term\">Kopftransmitter<\/span>","<span class=\"advgb-post-tax-term\">Messumformer<\/span>","<span class=\"advgb-post-tax-term\">Potentiometer<\/span>","<span class=\"advgb-post-tax-term\">Widerstand<\/span>"],"slug":"product_tag","name":"Product tags"},"product_shipping_class":{"linked":[],"unlinked":[],"slug":"product_shipping_class","name":"Product shipping classes"},"pa_brand":{"linked":[],"unlinked":[],"slug":"pa_brand","name":"Product Marke"},"product_delivery_time":{"linked":[],"unlinked":[],"slug":"product_delivery_time","name":"Product Delivery Times"},"product_unit":{"linked":[],"unlinked":[],"slug":"product_unit","name":"Units"},"product_manufacturer":{"linked":[],"unlinked":[],"slug":"product_manufacturer","name":"Manufacturers"},"product_price_label":{"linked":[],"unlinked":[],"slug":"product_price_label","name":"Price Labels"},"product_deposit_type":{"linked":[],"unlinked":[],"slug":"product_deposit_type","name":"Product Deposit Types"},"product_nutrient":{"linked":[],"unlinked":[],"slug":"product_nutrient","name":"Product Nutrients"},"product_allergen":{"linked":[],"unlinked":[],"slug":"product_allergen","name":"Product Allergenic"}},"series_order":"","_links":{"self":[{"href":"https:\/\/detektron.isedd.net\/en\/wp-json\/wp\/v2\/product\/939","targetHints":{"allow":["GET"]}}],"collection":[{"href":"https:\/\/detektron.isedd.net\/en\/wp-json\/wp\/v2\/product"}],"about":[{"href":"https:\/\/detektron.isedd.net\/en\/wp-json\/wp\/v2\/types\/product"}],"wp:featuredmedia":[{"embeddable":true,"href":"https:\/\/detektron.isedd.net\/en\/wp-json\/wp\/v2\/media\/941"}],"wp:attachment":[{"href":"https:\/\/detektron.isedd.net\/en\/wp-json\/wp\/v2\/media?parent=939"}],"wp:term":[{"taxonomy":"product_brand","embeddable":true,"href":"https:\/\/detektron.isedd.net\/en\/wp-json\/wp\/v2\/product_brand?post=939"},{"taxonomy":"product_cat","embeddable":true,"href":"https:\/\/detektron.isedd.net\/en\/wp-json\/wp\/v2\/product_cat?post=939"},{"taxonomy":"product_tag","embeddable":true,"href":"https:\/\/detektron.isedd.net\/en\/wp-json\/wp\/v2\/product_tag?post=939"}],"curies":[{"name":"wp","href":"https:\/\/api.w.org\/{rel}","templated":true}]}}