{"id":950,"date":"2019-11-02T18:20:01","date_gmt":"2019-11-02T18:20:01","guid":{"rendered":"http:\/\/detektron.isedd.net\/?post_type=product&#038;p=950"},"modified":"2024-07-07T20:57:07","modified_gmt":"2024-07-07T20:57:07","slug":"temperaturtransmitter-sem206tc","status":"publish","type":"product","link":"https:\/\/detektron.isedd.net\/en\/product\/temperaturtransmitter-sem206tc\/","title":{"rendered":"Thermoelement-Temperaturtransmitter SEM206TC"},"content":{"rendered":"<p>Der Thermoelement-Messumformer SEM206TC ist ein kosteng\u00fcnstiger &#8222;intelligenter&#8220; Kopftransmitter, der Thermoelementtemperatur-Sensoren akzeptiert und den Sensorausgang \u00fcber einen konfigurierten Bereich in ein industrielles Standard (4 bis 20)mA-\u00dcbertragungssignal umwandelt. Die PC-Konfiguration erm\u00f6glicht es dem Anwender, Thermoelementtyp, Messbereich, Einheiten und Burnout-Richtung auszuw\u00e4hlen, ohne dass eine Kalibrierung erforderlich ist. Die Konfiguration erfolgt schnell mit unserem neuen USB-Konfigurator, der einfach \u00fcber zwei Clips an die Stromschleifenanschl\u00fcsse des SEM206TC angeschlossen wird. Das Konfiguration kann als Datei gespeichert werden und mit der Software auf weitere Messumformer kopiert werden. Bei Bedarf kann die gew\u00fcnschte Konfiguration bei der Bestellung angegeben werden, so dass keine Benutzerkonfiguration erforderlich ist.<\/p>\n<p>Das Produkt verf\u00fcgt \u00fcber eine Kalibrierungsfunktion, so dass sowohl der Offset als auch die Spanne an einen bestimmten Temperatursensor angepasst werden k\u00f6nnen, wenn dieser einer bekannten Referenztemperatur ausgesetzt wird.<\/p>\n<p>Der Messumformer SEM206TC kann mit allen Temperatursensoren und Anschlussk\u00f6pfen bestellt werden.<\/p>\n<p>Ist die gew\u00fcnschte Spezifikation bei Bestellung bekannt, k\u00f6nnen wir das Produkt f\u00fcr Sie konfigurieren. Ohne kundenspezifische Konfigurationsvorgabe werden die Messumformer mit dem Standardbereich von (0 bis 1000)\u00b0C Typ K ausgeliefert.<\/p>\n<hr \/>\n<p><strong>HIGHLIGHTS<\/strong><\/p>\n<p>SENSORREFERENZIERUNG<br \/>\nDie SEM206TC-Sensorreferenzierung \u00fcber die Windows-Software USB-Speedlink erm\u00f6glicht eine pr\u00e4zise Anpassung an einen bekannten Referenzsensor und eliminiert so m\u00f6gliche Sensorfehler.<\/p>\n<p>BURN-OUT-SIGNALISIERUNG<\/p>\n<p>Wenn ein Sensorkabel unterbrochen ist oder sich l\u00f6st, geht der Ausgang des SEM206TC automatisch auf den benutzerdefinierten Pegel (Min- oder Max-Wert). Gleichzeitig leuchtet die LED.<\/p>\n<p>STABILIT\u00c4T<br \/>\nDer SEM206TC Kopftransmitter basiert auf der neuesten digitalen Technologie, um eine pr\u00e4zise und driftarme \u00dcbertragung zu gew\u00e4hrleisten.<\/p>\n<p>LED-WARNUNG<\/p>\n<p>Erkennt der SEM206TC, dass das Sensorsignal au\u00dferhalb des festgelegten Bereichs liegt, leuchtet eine rote LED im Messumformer auf, um den Benutzer darauf hinzuweisen, dass etwas nicht stimmt.<\/p>\n<hr \/>\n<p>TECHNISCHE DATEN<\/p>\n\n<table id=\"tablepress-5\" class=\"tablepress tablepress-id-5\">\n<thead>\n<tr class=\"row-1\">\n\t<th class=\"column-1\">Type \/ Funktion<\/th><th class=\"column-2\">Bereich \/ Beschreibung<\/th>\n<\/tr>\n<\/thead>\n<tbody class=\"row-striping row-hover\">\n<tr class=\"row-2\">\n\t<td class=\"column-1\">Eingang<\/td><td class=\"column-2\">Thermoelement - Typ K, J, N, E, T, R oder S<br \/>\nSpannungssignal (-10 bis +70)mV<\/td>\n<\/tr>\n<tr class=\"row-3\">\n\t<td class=\"column-1\">Ausgang<\/td><td class=\"column-2\">(4 bis 20)mA<\/td>\n<\/tr>\n<tr class=\"row-4\">\n\t<td class=\"column-1\">Galvanische Trennung<\/td><td class=\"column-2\">Ja<\/td>\n<\/tr>\n<tr class=\"row-5\">\n\t<td class=\"column-1\">Kundenspezifische Linearisierung<\/td><td class=\"column-2\">Nein<\/td>\n<\/tr>\n<tr class=\"row-6\">\n\t<td class=\"column-1\">Nullpunkt-\/Messbereichsabgleich<\/td><td class=\"column-2\">Nein<\/td>\n<\/tr>\n<tr class=\"row-7\">\n\t<td class=\"column-1\">Offseteinstellung<\/td><td class=\"column-2\">Ja - per Software<\/td>\n<\/tr>\n<tr class=\"row-8\">\n\t<td class=\"column-1\">Display<\/td><td class=\"column-2\">Nein<\/td>\n<\/tr>\n<tr class=\"row-9\">\n\t<td class=\"column-1\">Umgebungstemperatur<\/td><td class=\"column-2\">(-40 bis +85)\u00b0C<\/td>\n<\/tr>\n<tr class=\"row-10\">\n\t<td class=\"column-1\">Versorgungsspannung<\/td><td class=\"column-2\">(10 bis 30)Vdc<\/td>\n<\/tr>\n<tr class=\"row-11\">\n\t<td class=\"column-1\">Konfiguration<\/td><td class=\"column-2\">PC-Software<\/td>\n<\/tr>\n<tr class=\"row-12\">\n\t<td class=\"column-1\">Abmessungen<\/td><td class=\"column-2\">\u00d843mm<\/td>\n<\/tr>\n<tr class=\"row-13\">\n\t<td class=\"column-1\">Zulassungen<\/td><td class=\"column-2\">Vibration EN 60068-2-6:2008 test Fc<br \/>\nEMV EN 61326<br \/>\nCE<br \/>\nEAC<\/td>\n<\/tr>\n<\/tbody>\n<\/table>\n<!-- #tablepress-5 from cache -->","protected":false},"excerpt":{"rendered":"<p>Programmierbar, geeignet f\u00fcr Thermoelementsensoren<\/p>\n<ul>\n<li>Geeignet f\u00fcr Thermoelemente Type K, J, N, E, T, R, S sowie mV-Spannungssignale<\/li>\n<li>Galvanische Trennung zwischen Ein- und Ausgang<\/li>\n<li>Standardma\u00dfe zur Montage im SensorkopfAnzeige von Messbereichs\u00fcberschreitungen\u00a0 per LED<\/li>\n<li>Per Software programmierbar<\/li>\n<li>Vibrationsgepr\u00fcft<\/li>\n<li>EAC-Zulassung<\/li>\n<\/ul>","protected":false},"author":1,"featured_media":951,"template":"","meta":{"_editorskit_title_hidden":false,"_editorskit_reading_time":0,"_editorskit_is_block_options_detached":false,"_editorskit_block_options_position":"{}","_coblocks_attr":"","_coblocks_dimensions":"","_coblocks_responsive_height":"","_coblocks_accordion_ie_support":"","_uag_custom_page_level_css":"","ub_ctt_via":"","advgb_blocks_editor_width":"","advgb_blocks_columns_visual_guide":"","_themeisle_gutenberg_block_has_review":false},"product_brand":[],"product_cat":[60,43,59],"product_tag":[88,92,68,64,65,71,70],"class_list":{"0":"post-950","1":"product","2":"type-product","3":"status-publish","4":"has-post-thumbnail","6":"product_cat-industrieelektronik","7":"product_cat-temperaturmessumformer","8":"product_cat-kopftransmitter","9":"product_tag-4-20ma","10":"product_tag-galvanische-trennung","11":"product_tag-kopfmontage","12":"product_tag-kopftransmitter","13":"product_tag-messumformer","14":"product_tag-programmierbar","15":"product_tag-thermoelement","17":"first","18":"instock","19":"shipping-taxable","20":"product-type-simple"},"pbg_featured_image_src":{"full":["https:\/\/detektron.isedd.net\/wp-content\/uploads\/2019\/11\/SEM206TC-image-set-web-600x638.jpg",600,638,false],"thumbnail":["https:\/\/detektron.isedd.net\/wp-content\/uploads\/2019\/11\/SEM206TC-image-set-web-600x638-150x150.jpg",150,150,true],"medium":["https:\/\/detektron.isedd.net\/wp-content\/uploads\/2019\/11\/SEM206TC-image-set-web-600x638-282x300.jpg",282,300,true],"medium_large":["https:\/\/detektron.isedd.net\/wp-content\/uploads\/2019\/11\/SEM206TC-image-set-web-600x638.jpg",600,638,false],"large":["https:\/\/detektron.isedd.net\/wp-content\/uploads\/2019\/11\/SEM206TC-image-set-web-600x638.jpg",600,638,false],"1536x1536":["https:\/\/detektron.isedd.net\/wp-content\/uploads\/2019\/11\/SEM206TC-image-set-web-600x638.jpg",600,638,false],"2048x2048":["https:\/\/detektron.isedd.net\/wp-content\/uploads\/2019\/11\/SEM206TC-image-set-web-600x638.jpg",600,638,false],"trp-custom-language-flag":["https:\/\/detektron.isedd.net\/wp-content\/uploads\/2019\/11\/SEM206TC-image-set-web-600x638.jpg",11,12,false],"ab-block-post-grid-landscape":["https:\/\/detektron.isedd.net\/wp-content\/uploads\/2019\/11\/SEM206TC-image-set-web-600x638-600x400.jpg",600,400,true],"ab-block-post-grid-square":["https:\/\/detektron.isedd.net\/wp-content\/uploads\/2019\/11\/SEM206TC-image-set-web-600x638-600x600.jpg",600,600,true],"wpca-thumb":["https:\/\/detektron.isedd.net\/wp-content\/uploads\/2019\/11\/SEM206TC-image-set-web-600x638-220x150.jpg",220,150,true],"gb-block-post-grid-landscape":["https:\/\/detektron.isedd.net\/wp-content\/uploads\/2019\/11\/SEM206TC-image-set-web-600x638.jpg",376,400,false],"gb-block-post-grid-square":["https:\/\/detektron.isedd.net\/wp-content\/uploads\/2019\/11\/SEM206TC-image-set-web-600x638.jpg",564,600,false],"post-thumbnail":["https:\/\/detektron.isedd.net\/wp-content\/uploads\/2019\/11\/SEM206TC-image-set-web-600x638-600x450.jpg",600,450,true],"di-business-recentpostthumb":["https:\/\/detektron.isedd.net\/wp-content\/uploads\/2019\/11\/SEM206TC-image-set-web-600x638-90x90.jpg",90,90,true],"woocommerce_thumbnail":["https:\/\/detektron.isedd.net\/wp-content\/uploads\/2019\/11\/SEM206TC-image-set-web-600x638-300x300.jpg",300,300,true],"woocommerce_single":["https:\/\/detektron.isedd.net\/wp-content\/uploads\/2019\/11\/SEM206TC-image-set-web-600x638-600x638.jpg",600,638,true],"woocommerce_gallery_thumbnail":["https:\/\/detektron.isedd.net\/wp-content\/uploads\/2019\/11\/SEM206TC-image-set-web-600x638-100x100.jpg",100,100,true]},"pbg_author_info":{"display_name":"admin","author_link":"https:\/\/detektron.isedd.net\/en\/author\/admin\/","author_img":false},"pbg_comment_info":" No Comments","pbg_excerpt":"Programmierbar, geeignet f\u00fcr Thermoelementsensoren Geeignet f\u00fcr Thermoelemente Type K, J, N, E, T, R, S sowie mV-Spannungssignale Galvanische Trennung zwischen Ein- und Ausgang Standardma\u00dfe zur Montage im SensorkopfAnzeige von Messbereichs\u00fcberschreitungen\u00a0 per LED Per Software programmierbar Vibrationsgepr\u00fcft EAC-Zulassung","uagb_featured_image_src":{"full":["https:\/\/detektron.isedd.net\/wp-content\/uploads\/2019\/11\/SEM206TC-image-set-web-600x638.jpg",600,638,false],"thumbnail":["https:\/\/detektron.isedd.net\/wp-content\/uploads\/2019\/11\/SEM206TC-image-set-web-600x638-150x150.jpg",150,150,true],"medium":["https:\/\/detektron.isedd.net\/wp-content\/uploads\/2019\/11\/SEM206TC-image-set-web-600x638-282x300.jpg",282,300,true],"medium_large":["https:\/\/detektron.isedd.net\/wp-content\/uploads\/2019\/11\/SEM206TC-image-set-web-600x638.jpg",600,638,false],"large":["https:\/\/detektron.isedd.net\/wp-content\/uploads\/2019\/11\/SEM206TC-image-set-web-600x638.jpg",600,638,false],"1536x1536":["https:\/\/detektron.isedd.net\/wp-content\/uploads\/2019\/11\/SEM206TC-image-set-web-600x638.jpg",600,638,false],"2048x2048":["https:\/\/detektron.isedd.net\/wp-content\/uploads\/2019\/11\/SEM206TC-image-set-web-600x638.jpg",600,638,false],"trp-custom-language-flag":["https:\/\/detektron.isedd.net\/wp-content\/uploads\/2019\/11\/SEM206TC-image-set-web-600x638.jpg",11,12,false],"ab-block-post-grid-landscape":["https:\/\/detektron.isedd.net\/wp-content\/uploads\/2019\/11\/SEM206TC-image-set-web-600x638-600x400.jpg",600,400,true],"ab-block-post-grid-square":["https:\/\/detektron.isedd.net\/wp-content\/uploads\/2019\/11\/SEM206TC-image-set-web-600x638-600x600.jpg",600,600,true],"wpca-thumb":["https:\/\/detektron.isedd.net\/wp-content\/uploads\/2019\/11\/SEM206TC-image-set-web-600x638-220x150.jpg",220,150,true],"gb-block-post-grid-landscape":["https:\/\/detektron.isedd.net\/wp-content\/uploads\/2019\/11\/SEM206TC-image-set-web-600x638.jpg",376,400,false],"gb-block-post-grid-square":["https:\/\/detektron.isedd.net\/wp-content\/uploads\/2019\/11\/SEM206TC-image-set-web-600x638.jpg",564,600,false],"post-thumbnail":["https:\/\/detektron.isedd.net\/wp-content\/uploads\/2019\/11\/SEM206TC-image-set-web-600x638-600x450.jpg",600,450,true],"di-business-recentpostthumb":["https:\/\/detektron.isedd.net\/wp-content\/uploads\/2019\/11\/SEM206TC-image-set-web-600x638-90x90.jpg",90,90,true],"woocommerce_thumbnail":["https:\/\/detektron.isedd.net\/wp-content\/uploads\/2019\/11\/SEM206TC-image-set-web-600x638-300x300.jpg",300,300,true],"woocommerce_single":["https:\/\/detektron.isedd.net\/wp-content\/uploads\/2019\/11\/SEM206TC-image-set-web-600x638-600x638.jpg",600,638,true],"woocommerce_gallery_thumbnail":["https:\/\/detektron.isedd.net\/wp-content\/uploads\/2019\/11\/SEM206TC-image-set-web-600x638-100x100.jpg",100,100,true]},"uagb_author_info":{"display_name":"admin","author_link":"https:\/\/detektron.isedd.net\/en\/author\/admin\/"},"uagb_comment_info":0,"uagb_excerpt":"Programmierbar, geeignet f\u00fcr Thermoelementsensoren Geeignet f\u00fcr Thermoelemente Type K, J, N, E, T, R, S sowie mV-Spannungssignale Galvanische Trennung zwischen Ein- und Ausgang Standardma\u00dfe zur Montage im SensorkopfAnzeige von Messbereichs\u00fcberschreitungen\u00a0 per LED Per Software programmierbar Vibrationsgepr\u00fcft EAC-Zulassung","featured_img":"https:\/\/detektron.isedd.net\/wp-content\/uploads\/2019\/11\/SEM206TC-image-set-web-600x638-600x450.jpg","coauthors":[],"author_meta":{"author_link":"https:\/\/detektron.isedd.net\/en\/author\/admin\/","display_name":"admin"},"relative_dates":{"created":"Posted 6 years ago","modified":"Updated 2 years ago"},"absolute_dates":{"created":"Posted on 2. November 2019","modified":"Updated on 7. July 2024"},"absolute_dates_time":{"created":"Posted on 2. November 2019 18:20","modified":"Updated on 7. July 2024 20:57"},"featured_img_caption":"IN-Head-Messumformer SEM206TC","tax_additional":{"product_brand":{"linked":[],"unlinked":[],"slug":"product_brand","name":"Brands"},"product_type":{"linked":["<a href=\"https:\/\/detektron.isedd.net\/en\/?taxonomy=product_type&#038;term=simple\" class=\"advgb-post-tax-term\">simple<\/a>"],"unlinked":["<span class=\"advgb-post-tax-term\">simple<\/span>"],"slug":"product_type","name":"Product type"},"product_visibility":{"linked":[],"unlinked":[],"slug":"product_visibility","name":"Product visibility"},"product_cat":{"linked":["<a href=\"https:\/\/detektron.isedd.net\/en\/product-category\/industrieelektronik\/\" class=\"advgb-post-tax-term\">Industrieelektronik<\/a>","<a href=\"https:\/\/detektron.isedd.net\/en\/product-category\/industrieelektronik\/temperaturmessumformer\/\" class=\"advgb-post-tax-term\">Temperatur-Messumformer<\/a>","<a href=\"https:\/\/detektron.isedd.net\/en\/product-category\/industrieelektronik\/temperaturmessumformer\/kopftransmitter\/\" class=\"advgb-post-tax-term\">Kopfmontage<\/a>"],"unlinked":["<span class=\"advgb-post-tax-term\">Industrieelektronik<\/span>","<span class=\"advgb-post-tax-term\">Temperatur-Messumformer<\/span>","<span class=\"advgb-post-tax-term\">Kopfmontage<\/span>"],"slug":"product_cat","name":"Product categories"},"product_tag":{"linked":["<a href=\"https:\/\/detektron.isedd.net\/en\/product-tag\/4-20ma\/\" class=\"advgb-post-tax-term\">(4-20)mA<\/a>","<a href=\"https:\/\/detektron.isedd.net\/en\/product-tag\/galvanische-trennung\/\" class=\"advgb-post-tax-term\">Galvanische Trennung<\/a>","<a href=\"https:\/\/detektron.isedd.net\/en\/product-tag\/kopfmontage\/\" class=\"advgb-post-tax-term\">Kopfmontage<\/a>","<a href=\"https:\/\/detektron.isedd.net\/en\/product-tag\/kopftransmitter\/\" class=\"advgb-post-tax-term\">Kopftransmitter<\/a>","<a href=\"https:\/\/detektron.isedd.net\/en\/product-tag\/messumformer\/\" class=\"advgb-post-tax-term\">Messumformer<\/a>","<a href=\"https:\/\/detektron.isedd.net\/en\/product-tag\/programmierbar\/\" class=\"advgb-post-tax-term\">Programmierbar<\/a>","<a href=\"https:\/\/detektron.isedd.net\/en\/product-tag\/thermoelement\/\" class=\"advgb-post-tax-term\">Thermoelement<\/a>"],"unlinked":["<span class=\"advgb-post-tax-term\">(4-20)mA<\/span>","<span class=\"advgb-post-tax-term\">Galvanische Trennung<\/span>","<span class=\"advgb-post-tax-term\">Kopfmontage<\/span>","<span class=\"advgb-post-tax-term\">Kopftransmitter<\/span>","<span class=\"advgb-post-tax-term\">Messumformer<\/span>","<span class=\"advgb-post-tax-term\">Programmierbar<\/span>","<span class=\"advgb-post-tax-term\">Thermoelement<\/span>"],"slug":"product_tag","name":"Product tags"},"product_shipping_class":{"linked":[],"unlinked":[],"slug":"product_shipping_class","name":"Product shipping classes"},"pa_brand":{"linked":[],"unlinked":[],"slug":"pa_brand","name":"Product Marke"},"product_delivery_time":{"linked":[],"unlinked":[],"slug":"product_delivery_time","name":"Product Delivery Times"},"product_unit":{"linked":[],"unlinked":[],"slug":"product_unit","name":"Units"},"product_manufacturer":{"linked":[],"unlinked":[],"slug":"product_manufacturer","name":"Manufacturers"},"product_price_label":{"linked":[],"unlinked":[],"slug":"product_price_label","name":"Price Labels"},"product_deposit_type":{"linked":[],"unlinked":[],"slug":"product_deposit_type","name":"Product Deposit Types"},"product_nutrient":{"linked":[],"unlinked":[],"slug":"product_nutrient","name":"Product Nutrients"},"product_allergen":{"linked":[],"unlinked":[],"slug":"product_allergen","name":"Product Allergenic"}},"series_order":"","_links":{"self":[{"href":"https:\/\/detektron.isedd.net\/en\/wp-json\/wp\/v2\/product\/950","targetHints":{"allow":["GET"]}}],"collection":[{"href":"https:\/\/detektron.isedd.net\/en\/wp-json\/wp\/v2\/product"}],"about":[{"href":"https:\/\/detektron.isedd.net\/en\/wp-json\/wp\/v2\/types\/product"}],"wp:featuredmedia":[{"embeddable":true,"href":"https:\/\/detektron.isedd.net\/en\/wp-json\/wp\/v2\/media\/951"}],"wp:attachment":[{"href":"https:\/\/detektron.isedd.net\/en\/wp-json\/wp\/v2\/media?parent=950"}],"wp:term":[{"taxonomy":"product_brand","embeddable":true,"href":"https:\/\/detektron.isedd.net\/en\/wp-json\/wp\/v2\/product_brand?post=950"},{"taxonomy":"product_cat","embeddable":true,"href":"https:\/\/detektron.isedd.net\/en\/wp-json\/wp\/v2\/product_cat?post=950"},{"taxonomy":"product_tag","embeddable":true,"href":"https:\/\/detektron.isedd.net\/en\/wp-json\/wp\/v2\/product_tag?post=950"}],"curies":[{"name":"wp","href":"https:\/\/api.w.org\/{rel}","templated":true}]}}