{"id":963,"date":"2019-11-02T20:28:30","date_gmt":"2019-11-02T20:28:30","guid":{"rendered":"http:\/\/detektron.isedd.net\/?post_type=product&#038;p=963"},"modified":"2024-07-07T20:57:07","modified_gmt":"2024-07-07T20:57:07","slug":"ttr200","status":"publish","type":"product","link":"https:\/\/detektron.isedd.net\/en\/product\/ttr200\/","title":{"rendered":"RTD-\/Pt100-Temperaturtransmitter TTR200 &#8211; ATEX TTR200X"},"content":{"rendered":"<p>Der RTD-Temperaturmessumformer TTR200 akzeptiert eine gro\u00dfe Auswahl an Sensoren wie Pt100, Pt500, Pt1000, Potentiometer und Widerstandssensoren und erzeugt ein industrie\u00fcbliches (4 bis 20)mA-Ausgangssignal. Das Produkt kann einfach mit unserer kostenlosen USB-Speedlink Software und einem Standard USB-Kabel (besondere Version f\u00fcr den eigensicheren Bereich verf\u00fcgbar) programmiert werden. In Verbindung mit Potentiometer- und Widerstandssignalen steht eine Linearisierungsfunktion zur Verf\u00fcgung, mit der der mA-Ausgang \u00fcber 22 Punkte des Eingangssignals nach Bedarf angepasst werden kann. Die Konfiguration kann als Datei gespeichert werden und mit der Software auf weitere Messumformer kopiert werden.<\/p>\n<p>Das Produkt verf\u00fcgt \u00fcber eine Kalibrierungsfunktion, so dass sowohl der Offset als auch die Spanne an einen bestimmten Temperatursensor angepasst werden k\u00f6nnen, wenn dieser einer bekannten Referenztemperatur ausgesetzt wird.<\/p>\n<p>Dieser RTD-Temperaturtransmitter kann mit allen unseren Temperatursensoren und Anschlussk\u00f6pfen bestellt werden. Wir k\u00f6nnen Sondenbaugruppen f\u00fcr den sicheren Bereich oder von ExD und Exia zugelassene Temperatursondenbaugruppen mit diesem Temperaturtransmitter liefern.<\/p>\n<p>Ist die gew\u00fcnschte Spezifikation bei Bestellung bekannt, k\u00f6nnen wir das Produkt f\u00fcr Sie konfigurieren.<\/p>\n<hr \/>\n<p><strong>HIGHLIGHTS<\/strong><\/p>\n<p>SENSORREFERENZIERUNG<\/p>\n<p>Die TTR200-Sensorreferenzierung \u00fcber die Windows-basierte USB-Speedlink-Software erm\u00f6glicht eine enge Anpassung an einen bekannten Referenzsensor und eliminiert m\u00f6gliche Sensorfehler.<\/p>\n<p>KUNDENSPEZIFISCHE LINEARISIERUNG<br \/>\nStandardm\u00e4\u00dfig verf\u00fcgt der TTR200 \u00fcber alle g\u00e4ngigen RTD-Sensoren in seiner Softwarebibliothek. Zus\u00e4tzlich kann der TTR200 mit bis zu 22 Punkten kundenspezifischer Linearisierung f\u00fcr Widerstands- und Schleifdrahtsensoren programmiert werden.<\/p>\n<p>BURN-OUT-SIGNALISIERUNG<\/p>\n<p>Wenn ein Sensorkabel unterbrochen ist oder sich l\u00f6st, geht der Ausgang des TTR200 automatisch auf den benutzerdefinierten Pegel, Min- oder Max-Wert bzw. einen vorher festgelegten Wert.<\/p>\n<p>STABILIT\u00c4T<br \/>\nDer TTR200 Kopftransmitter basiert auf der neuesten digitalen Technologie, um eine pr\u00e4zise und driftarme \u00dcbertragung zu gew\u00e4hrleisten.<\/p>\n<hr \/>\n<p>TECHNISCHE DATEN<\/p>\n\n<table id=\"tablepress-7\" class=\"tablepress tablepress-id-7\">\n<thead>\n<tr class=\"row-1\">\n\t<th class=\"column-1\">Type \/ Funktion<\/th><th class=\"column-2\">Bereich \/ Beschreibung<\/th>\n<\/tr>\n<\/thead>\n<tbody class=\"row-striping row-hover\">\n<tr class=\"row-2\">\n\t<td class=\"column-1\">Eingang<\/td><td class=\"column-2\">Pt100 2- oder 3-Draht - (-200 bis +850)\u00b0C<br \/>\nRTD 2- oder 3-Draht<br \/>\nWiderstand (10 bis 10.500)\u03a9<br \/>\nPotentiometer (1 bis 100)k\u03a9 - automatische Erkennung<br \/>\nThermistor \/ NTC<\/td>\n<\/tr>\n<tr class=\"row-3\">\n\t<td class=\"column-1\">Ausgang<\/td><td class=\"column-2\">(4 bis 20)mA<\/td>\n<\/tr>\n<tr class=\"row-4\">\n\t<td class=\"column-1\">Galvanische Trennung<\/td><td class=\"column-2\">Nein<\/td>\n<\/tr>\n<tr class=\"row-5\">\n\t<td class=\"column-1\">Kundenspezifische Linearisierung<\/td><td class=\"column-2\">Widerstand \/ Potentiometer<\/td>\n<\/tr>\n<tr class=\"row-6\">\n\t<td class=\"column-1\">Nullpunkt-\/Messbereichsabgleich<\/td><td class=\"column-2\">Ja<\/td>\n<\/tr>\n<tr class=\"row-7\">\n\t<td class=\"column-1\">Offseteinstellung<\/td><td class=\"column-2\">Ja<\/td>\n<\/tr>\n<tr class=\"row-8\">\n\t<td class=\"column-1\">Display<\/td><td class=\"column-2\">Nein<\/td>\n<\/tr>\n<tr class=\"row-9\">\n\t<td class=\"column-1\">Umgebungstemperatur<\/td><td class=\"column-2\">(-40 bis +85)\u00b0C<\/td>\n<\/tr>\n<tr class=\"row-10\">\n\t<td class=\"column-1\">Versorgungsspannung<\/td><td class=\"column-2\">(10 bis 30)Vdc<\/td>\n<\/tr>\n<tr class=\"row-11\">\n\t<td class=\"column-1\">Konfiguration<\/td><td class=\"column-2\">PC-Software<\/td>\n<\/tr>\n<tr class=\"row-12\">\n\t<td class=\"column-1\">Abmessungen<\/td><td class=\"column-2\">\u00d843mm<\/td>\n<\/tr>\n<tr class=\"row-13\">\n\t<td class=\"column-1\">Zulassungen<\/td><td class=\"column-2\">ATEX <br \/>\nIEC Ex<br \/>\nVibration EN 60068-2-6:2008 test Fc<br \/>\nEMV EN 61326<br \/>\nCE<br \/>\nEAC<\/td>\n<\/tr>\n<\/tbody>\n<\/table>\n<!-- #tablepress-7 from cache -->","protected":false},"excerpt":{"rendered":"<p>Programmierbar, geeignet f\u00fcr Pt100- und andere RTD-Sensoren, Potentiometer und Widerstandssensoren<\/p>\n<ul>\n<li>Geeignet f\u00fcr RTD-Sensoren, Potentiometer und Widerstandssensoren<\/li>\n<li>ATEX und IEC Ex Version verf\u00fcgbar<\/li>\n<li>Sensorkalibrierfunktion<\/li>\n<li>Einstellbarer Eingangsfilter<\/li>\n<li>Kundenspezifische Linearisation<\/li>\n<li>Vibrationsgepr\u00fcft<\/li>\n<li>EAC-Zulassung<\/li>\n<\/ul>","protected":false},"author":1,"featured_media":966,"template":"","meta":{"_editorskit_title_hidden":false,"_editorskit_reading_time":0,"_editorskit_is_block_options_detached":false,"_editorskit_block_options_position":"{}","_coblocks_attr":"","_coblocks_dimensions":"","_coblocks_responsive_height":"","_coblocks_accordion_ie_support":"","_uag_custom_page_level_css":"","ub_ctt_via":"","advgb_blocks_editor_width":"","advgb_blocks_columns_visual_guide":"","_themeisle_gutenberg_block_has_review":false},"product_brand":[],"product_cat":[60,43,59,79],"product_tag":[88,76,83,68,64,65,72,67,71,69,75,73,66],"class_list":{"0":"post-963","1":"product","2":"type-product","3":"status-publish","4":"has-post-thumbnail","6":"product_cat-industrieelektronik","7":"product_cat-temperaturmessumformer","8":"product_cat-kopftransmitter","9":"product_cat-atex","10":"product_tag-4-20ma","11":"product_tag-atex","12":"product_tag-iec-ex","13":"product_tag-kopfmontage","14":"product_tag-kopftransmitter","15":"product_tag-messumformer","16":"product_tag-ntc","17":"product_tag-potentiometer","18":"product_tag-programmierbar","19":"product_tag-pt100","20":"product_tag-rtd","21":"product_tag-thermistor","22":"product_tag-widerstand","24":"first","25":"instock","26":"shipping-taxable","27":"product-type-simple"},"pbg_featured_image_src":{"full":["https:\/\/detektron.isedd.net\/wp-content\/uploads\/2019\/11\/TTR200X-image-set-web-600x643.jpg",600,643,false],"thumbnail":["https:\/\/detektron.isedd.net\/wp-content\/uploads\/2019\/11\/TTR200X-image-set-web-600x643-150x150.jpg",150,150,true],"medium":["https:\/\/detektron.isedd.net\/wp-content\/uploads\/2019\/11\/TTR200X-image-set-web-600x643-280x300.jpg",280,300,true],"medium_large":["https:\/\/detektron.isedd.net\/wp-content\/uploads\/2019\/11\/TTR200X-image-set-web-600x643.jpg",600,643,false],"large":["https:\/\/detektron.isedd.net\/wp-content\/uploads\/2019\/11\/TTR200X-image-set-web-600x643.jpg",600,643,false],"1536x1536":["https:\/\/detektron.isedd.net\/wp-content\/uploads\/2019\/11\/TTR200X-image-set-web-600x643.jpg",600,643,false],"2048x2048":["https:\/\/detektron.isedd.net\/wp-content\/uploads\/2019\/11\/TTR200X-image-set-web-600x643.jpg",600,643,false],"trp-custom-language-flag":["https:\/\/detektron.isedd.net\/wp-content\/uploads\/2019\/11\/TTR200X-image-set-web-600x643.jpg",11,12,false],"ab-block-post-grid-landscape":["https:\/\/detektron.isedd.net\/wp-content\/uploads\/2019\/11\/TTR200X-image-set-web-600x643-600x400.jpg",600,400,true],"ab-block-post-grid-square":["https:\/\/detektron.isedd.net\/wp-content\/uploads\/2019\/11\/TTR200X-image-set-web-600x643-600x600.jpg",600,600,true],"wpca-thumb":["https:\/\/detektron.isedd.net\/wp-content\/uploads\/2019\/11\/TTR200X-image-set-web-600x643-220x150.jpg",220,150,true],"gb-block-post-grid-landscape":["https:\/\/detektron.isedd.net\/wp-content\/uploads\/2019\/11\/TTR200X-image-set-web-600x643.jpg",373,400,false],"gb-block-post-grid-square":["https:\/\/detektron.isedd.net\/wp-content\/uploads\/2019\/11\/TTR200X-image-set-web-600x643.jpg",560,600,false],"post-thumbnail":["https:\/\/detektron.isedd.net\/wp-content\/uploads\/2019\/11\/TTR200X-image-set-web-600x643-600x450.jpg",600,450,true],"di-business-recentpostthumb":["https:\/\/detektron.isedd.net\/wp-content\/uploads\/2019\/11\/TTR200X-image-set-web-600x643-90x90.jpg",90,90,true],"woocommerce_thumbnail":["https:\/\/detektron.isedd.net\/wp-content\/uploads\/2019\/11\/TTR200X-image-set-web-600x643-300x300.jpg",300,300,true],"woocommerce_single":["https:\/\/detektron.isedd.net\/wp-content\/uploads\/2019\/11\/TTR200X-image-set-web-600x643-600x643.jpg",600,643,true],"woocommerce_gallery_thumbnail":["https:\/\/detektron.isedd.net\/wp-content\/uploads\/2019\/11\/TTR200X-image-set-web-600x643-100x100.jpg",100,100,true]},"pbg_author_info":{"display_name":"admin","author_link":"https:\/\/detektron.isedd.net\/en\/author\/admin\/","author_img":false},"pbg_comment_info":" No Comments","pbg_excerpt":"Programmierbar, geeignet f\u00fcr Pt100- und andere RTD-Sensoren, Potentiometer und Widerstandssensoren Geeignet f\u00fcr RTD-Sensoren, Potentiometer und Widerstandssensoren ATEX und IEC Ex Version verf\u00fcgbar Sensorkalibrierfunktion Einstellbarer Eingangsfilter Kundenspezifische Linearisation Vibrationsgepr\u00fcft EAC-Zulassung","uagb_featured_image_src":{"full":["https:\/\/detektron.isedd.net\/wp-content\/uploads\/2019\/11\/TTR200X-image-set-web-600x643.jpg",600,643,false],"thumbnail":["https:\/\/detektron.isedd.net\/wp-content\/uploads\/2019\/11\/TTR200X-image-set-web-600x643-150x150.jpg",150,150,true],"medium":["https:\/\/detektron.isedd.net\/wp-content\/uploads\/2019\/11\/TTR200X-image-set-web-600x643-280x300.jpg",280,300,true],"medium_large":["https:\/\/detektron.isedd.net\/wp-content\/uploads\/2019\/11\/TTR200X-image-set-web-600x643.jpg",600,643,false],"large":["https:\/\/detektron.isedd.net\/wp-content\/uploads\/2019\/11\/TTR200X-image-set-web-600x643.jpg",600,643,false],"1536x1536":["https:\/\/detektron.isedd.net\/wp-content\/uploads\/2019\/11\/TTR200X-image-set-web-600x643.jpg",600,643,false],"2048x2048":["https:\/\/detektron.isedd.net\/wp-content\/uploads\/2019\/11\/TTR200X-image-set-web-600x643.jpg",600,643,false],"trp-custom-language-flag":["https:\/\/detektron.isedd.net\/wp-content\/uploads\/2019\/11\/TTR200X-image-set-web-600x643.jpg",11,12,false],"ab-block-post-grid-landscape":["https:\/\/detektron.isedd.net\/wp-content\/uploads\/2019\/11\/TTR200X-image-set-web-600x643-600x400.jpg",600,400,true],"ab-block-post-grid-square":["https:\/\/detektron.isedd.net\/wp-content\/uploads\/2019\/11\/TTR200X-image-set-web-600x643-600x600.jpg",600,600,true],"wpca-thumb":["https:\/\/detektron.isedd.net\/wp-content\/uploads\/2019\/11\/TTR200X-image-set-web-600x643-220x150.jpg",220,150,true],"gb-block-post-grid-landscape":["https:\/\/detektron.isedd.net\/wp-content\/uploads\/2019\/11\/TTR200X-image-set-web-600x643.jpg",373,400,false],"gb-block-post-grid-square":["https:\/\/detektron.isedd.net\/wp-content\/uploads\/2019\/11\/TTR200X-image-set-web-600x643.jpg",560,600,false],"post-thumbnail":["https:\/\/detektron.isedd.net\/wp-content\/uploads\/2019\/11\/TTR200X-image-set-web-600x643-600x450.jpg",600,450,true],"di-business-recentpostthumb":["https:\/\/detektron.isedd.net\/wp-content\/uploads\/2019\/11\/TTR200X-image-set-web-600x643-90x90.jpg",90,90,true],"woocommerce_thumbnail":["https:\/\/detektron.isedd.net\/wp-content\/uploads\/2019\/11\/TTR200X-image-set-web-600x643-300x300.jpg",300,300,true],"woocommerce_single":["https:\/\/detektron.isedd.net\/wp-content\/uploads\/2019\/11\/TTR200X-image-set-web-600x643-600x643.jpg",600,643,true],"woocommerce_gallery_thumbnail":["https:\/\/detektron.isedd.net\/wp-content\/uploads\/2019\/11\/TTR200X-image-set-web-600x643-100x100.jpg",100,100,true]},"uagb_author_info":{"display_name":"admin","author_link":"https:\/\/detektron.isedd.net\/en\/author\/admin\/"},"uagb_comment_info":0,"uagb_excerpt":"Programmierbar, geeignet f\u00fcr Pt100- und andere RTD-Sensoren, Potentiometer und Widerstandssensoren Geeignet f\u00fcr RTD-Sensoren, Potentiometer und Widerstandssensoren ATEX und IEC Ex Version verf\u00fcgbar Sensorkalibrierfunktion Einstellbarer Eingangsfilter Kundenspezifische Linearisation Vibrationsgepr\u00fcft EAC-Zulassung","featured_img":"https:\/\/detektron.isedd.net\/wp-content\/uploads\/2019\/11\/TTR200X-image-set-web-600x643-600x450.jpg","coauthors":[],"author_meta":{"author_link":"https:\/\/detektron.isedd.net\/en\/author\/admin\/","display_name":"admin"},"relative_dates":{"created":"Posted 6 years ago","modified":"Updated 2 years ago"},"absolute_dates":{"created":"Posted on 2. November 2019","modified":"Updated on 7. July 2024"},"absolute_dates_time":{"created":"Posted on 2. November 2019 20:28","modified":"Updated on 7. July 2024 20:57"},"featured_img_caption":"IN-Head-Messumformer TTR200","tax_additional":{"product_brand":{"linked":[],"unlinked":[],"slug":"product_brand","name":"Brands"},"product_type":{"linked":["<a href=\"https:\/\/detektron.isedd.net\/en\/?taxonomy=product_type&#038;term=simple\" class=\"advgb-post-tax-term\">simple<\/a>"],"unlinked":["<span class=\"advgb-post-tax-term\">simple<\/span>"],"slug":"product_type","name":"Product type"},"product_visibility":{"linked":[],"unlinked":[],"slug":"product_visibility","name":"Product visibility"},"product_cat":{"linked":["<a href=\"https:\/\/detektron.isedd.net\/en\/product-category\/industrieelektronik\/\" class=\"advgb-post-tax-term\">Industrieelektronik<\/a>","<a href=\"https:\/\/detektron.isedd.net\/en\/product-category\/industrieelektronik\/temperaturmessumformer\/\" class=\"advgb-post-tax-term\">Temperatur-Messumformer<\/a>","<a href=\"https:\/\/detektron.isedd.net\/en\/product-category\/industrieelektronik\/temperaturmessumformer\/kopftransmitter\/\" class=\"advgb-post-tax-term\">Kopfmontage<\/a>","<a href=\"https:\/\/detektron.isedd.net\/en\/product-category\/industrieelektronik\/atex\/\" class=\"advgb-post-tax-term\">ATEX<\/a>"],"unlinked":["<span class=\"advgb-post-tax-term\">Industrieelektronik<\/span>","<span class=\"advgb-post-tax-term\">Temperatur-Messumformer<\/span>","<span class=\"advgb-post-tax-term\">Kopfmontage<\/span>","<span class=\"advgb-post-tax-term\">ATEX<\/span>"],"slug":"product_cat","name":"Product categories"},"product_tag":{"linked":["<a href=\"https:\/\/detektron.isedd.net\/en\/product-tag\/4-20ma\/\" class=\"advgb-post-tax-term\">(4-20)mA<\/a>","<a href=\"https:\/\/detektron.isedd.net\/en\/product-tag\/atex\/\" class=\"advgb-post-tax-term\">ATEX<\/a>","<a href=\"https:\/\/detektron.isedd.net\/en\/product-tag\/iec-ex\/\" class=\"advgb-post-tax-term\">IEC Ex<\/a>","<a href=\"https:\/\/detektron.isedd.net\/en\/product-tag\/kopfmontage\/\" class=\"advgb-post-tax-term\">Kopfmontage<\/a>","<a href=\"https:\/\/detektron.isedd.net\/en\/product-tag\/kopftransmitter\/\" class=\"advgb-post-tax-term\">Kopftransmitter<\/a>","<a href=\"https:\/\/detektron.isedd.net\/en\/product-tag\/messumformer\/\" class=\"advgb-post-tax-term\">Messumformer<\/a>","<a href=\"https:\/\/detektron.isedd.net\/en\/product-tag\/ntc\/\" class=\"advgb-post-tax-term\">NTC<\/a>","<a href=\"https:\/\/detektron.isedd.net\/en\/product-tag\/potentiometer\/\" class=\"advgb-post-tax-term\">Potentiometer<\/a>","<a href=\"https:\/\/detektron.isedd.net\/en\/product-tag\/programmierbar\/\" class=\"advgb-post-tax-term\">Programmierbar<\/a>","<a href=\"https:\/\/detektron.isedd.net\/en\/product-tag\/pt100\/\" class=\"advgb-post-tax-term\">Pt100<\/a>","<a href=\"https:\/\/detektron.isedd.net\/en\/product-tag\/rtd\/\" class=\"advgb-post-tax-term\">RTD<\/a>","<a href=\"https:\/\/detektron.isedd.net\/en\/product-tag\/thermistor\/\" class=\"advgb-post-tax-term\">Thermistor<\/a>","<a href=\"https:\/\/detektron.isedd.net\/en\/product-tag\/widerstand\/\" class=\"advgb-post-tax-term\">Widerstand<\/a>"],"unlinked":["<span class=\"advgb-post-tax-term\">(4-20)mA<\/span>","<span class=\"advgb-post-tax-term\">ATEX<\/span>","<span class=\"advgb-post-tax-term\">IEC Ex<\/span>","<span class=\"advgb-post-tax-term\">Kopfmontage<\/span>","<span class=\"advgb-post-tax-term\">Kopftransmitter<\/span>","<span class=\"advgb-post-tax-term\">Messumformer<\/span>","<span class=\"advgb-post-tax-term\">NTC<\/span>","<span class=\"advgb-post-tax-term\">Potentiometer<\/span>","<span class=\"advgb-post-tax-term\">Programmierbar<\/span>","<span class=\"advgb-post-tax-term\">Pt100<\/span>","<span class=\"advgb-post-tax-term\">RTD<\/span>","<span class=\"advgb-post-tax-term\">Thermistor<\/span>","<span class=\"advgb-post-tax-term\">Widerstand<\/span>"],"slug":"product_tag","name":"Product tags"},"product_shipping_class":{"linked":[],"unlinked":[],"slug":"product_shipping_class","name":"Product shipping classes"},"pa_brand":{"linked":[],"unlinked":[],"slug":"pa_brand","name":"Product Marke"},"product_delivery_time":{"linked":[],"unlinked":[],"slug":"product_delivery_time","name":"Product Delivery Times"},"product_unit":{"linked":[],"unlinked":[],"slug":"product_unit","name":"Units"},"product_manufacturer":{"linked":[],"unlinked":[],"slug":"product_manufacturer","name":"Manufacturers"},"product_price_label":{"linked":[],"unlinked":[],"slug":"product_price_label","name":"Price Labels"},"product_deposit_type":{"linked":[],"unlinked":[],"slug":"product_deposit_type","name":"Product Deposit Types"},"product_nutrient":{"linked":[],"unlinked":[],"slug":"product_nutrient","name":"Product Nutrients"},"product_allergen":{"linked":[],"unlinked":[],"slug":"product_allergen","name":"Product Allergenic"}},"series_order":"","_links":{"self":[{"href":"https:\/\/detektron.isedd.net\/en\/wp-json\/wp\/v2\/product\/963","targetHints":{"allow":["GET"]}}],"collection":[{"href":"https:\/\/detektron.isedd.net\/en\/wp-json\/wp\/v2\/product"}],"about":[{"href":"https:\/\/detektron.isedd.net\/en\/wp-json\/wp\/v2\/types\/product"}],"wp:featuredmedia":[{"embeddable":true,"href":"https:\/\/detektron.isedd.net\/en\/wp-json\/wp\/v2\/media\/966"}],"wp:attachment":[{"href":"https:\/\/detektron.isedd.net\/en\/wp-json\/wp\/v2\/media?parent=963"}],"wp:term":[{"taxonomy":"product_brand","embeddable":true,"href":"https:\/\/detektron.isedd.net\/en\/wp-json\/wp\/v2\/product_brand?post=963"},{"taxonomy":"product_cat","embeddable":true,"href":"https:\/\/detektron.isedd.net\/en\/wp-json\/wp\/v2\/product_cat?post=963"},{"taxonomy":"product_tag","embeddable":true,"href":"https:\/\/detektron.isedd.net\/en\/wp-json\/wp\/v2\/product_tag?post=963"}],"curies":[{"name":"wp","href":"https:\/\/api.w.org\/{rel}","templated":true}]}}